{"id":110220,"date":"2026-05-05T04:07:57","date_gmt":"2026-05-05T07:07:57","guid":{"rendered":"https:\/\/www.hediyepazar.com\/?product=astronot-gorunumlu-projeksiyon-speaker-tasinabilir"},"modified":"2026-05-05T04:07:57","modified_gmt":"2026-05-05T07:07:57","slug":"astronot-gorunumlu-projeksiyon-speaker-tasinabilir","status":"publish","type":"product","link":"https:\/\/www.hediyepazar.com\/?product=astronot-gorunumlu-projeksiyon-speaker-tasinabilir","title":{"rendered":"Astronot G\u00f6r\u00fcn\u00fcml\u00fc Projeksiyon Speaker Ta\u015f\u0131nabilir"},"content":{"rendered":"<p>Astronot Projeksiyon Lambas\u0131 ile evinizin atmosferini de\u011fi\u015ftiren e\u015fsiz bir deneyim ya\u015fay\u0131n. Bluetooth ba\u011flant\u0131 \u00f6zelli\u011fi sayesinde telefonunuzla kolayca e\u015fle\u015fir ve sevdi\u011finiz m\u00fczikleri dinleyebilirsiniz. Ayr\u0131ca cihaz\u0131n i\u00e7inde, huzur veren ku\u015f c\u0131v\u0131lt\u0131lar\u0131, dalga sesleri, \u015f\u00f6mine ate\u015fi ve uyku m\u00fczi\u011fi gibi sesler de bulunmaktad\u0131r. Nebula, y\u0131ld\u0131z ve ay yans\u0131tma yetenekleriyle odan\u0131z\u0131 b\u00fcy\u00fcleyici bir gece manzaras\u0131na d\u00f6n\u00fc\u015ft\u00fcr\u00fcr. \u00dcr\u00fcn\u00fcn ana malzemesi dayan\u0131kl\u0131 ABS, PC, PVC ve TPE&#8217;den olu\u015furken, \u015f\u0131k ve kompakt tasar\u0131m\u0131yla hem dekorasyon hem de fonksiyonellik sunar.Projeksiyon a\u00e7\u0131s\u0131n\u0131 iste\u011finize g\u00f6re ayarlayabilir, farkl\u0131 nebula efektleriyle ambiyans\u0131 ki\u015fiselle\u015ftirebilirsiniz. Nebula ve y\u0131ld\u0131zlar\u0131n parlakl\u0131\u011f\u0131 ile h\u0131z\u0131n\u0131 kolayca kontrol edebilir, bu ikisini ayr\u0131 ayr\u0131 veya birlikte kullanabilirsiniz. \u0130ki zamanlama modu (45 dakika ve 90 dakika) ile cihaz\u0131 rahatl\u0131kla uykuya ge\u00e7i\u015f s\u00fcrecinizde kullanabilirsiniz. USB g\u00fc\u00e7 kayna\u011f\u0131yla \u00e7al\u0131\u015fan bu lamba, uzun s\u00fcreli kullan\u0131m i\u00e7in enerji tasarruflu bir \u00e7\u00f6z\u00fcm sunar. \u00dcr\u00fcn paketi; bir astronot projeksiyon lambas\u0131, bir taban, USB g\u00fc\u00e7 kablosu, \u0130ngilizce kullan\u0131m k\u0131lavuzu ve uzaktan kumanda (piller hari\u00e7) i\u00e7ermektedir.<\/p>\n","protected":false},"excerpt":{"rendered":"<p>Astronot Projeksiyon Lambas\u0131 ile evinizin atmosferini de\u011fi\u015ftiren e\u015fsiz bir deneyim ya\u015fay\u0131n. Bluetooth ba\u011flant\u0131 \u00f6zelli\u011fi sayesinde telefonunuzla kolayca e\u015fle\u015fir ve sevdi\u011finiz m\u00fczikleri dinleyebilirsiniz. Ayr\u0131ca cihaz\u0131n i\u00e7inde, huzur veren ku\u015f c\u0131v\u0131lt\u0131lar\u0131, dalga sesleri, \u015f\u00f6mine ate\u015fi ve uyku m\u00fczi\u011fi gibi sesler de bulunmaktad\u0131r. Nebula, y\u0131ld\u0131z ve ay yans\u0131tma yetenekleriyle odan\u0131z\u0131 b\u00fcy\u00fcleyici bir gece manzaras\u0131na d\u00f6n\u00fc\u015ft\u00fcr\u00fcr. \u00dcr\u00fcn\u00fcn ana malzemesi&#8230;<\/p>\n","protected":false},"featured_media":110219,"comment_status":"open","ping_status":"closed","template":"","meta":{"_kad_post_transparent":"","_kad_post_title":"","_kad_post_layout":"","_kad_post_sidebar_id":"","_kad_post_content_style":"","_kad_post_vertical_padding":"","_kad_post_feature":"","_kad_post_feature_position":"","_kad_post_header":false,"_kad_post_footer":false,"_kad_post_classname":""},"product_brand":[],"product_cat":[14911],"product_tag":[],"class_list":{"0":"post-110220","1":"product","2":"type-product","3":"status-publish","4":"has-post-thumbnail","6":"product_cat-kablosuz-hoparlor-kablosuz-hoparlor","8":"first","9":"instock","10":"purchasable","11":"product-type-simple","12":"entry","13":"content-bg","14":"loop-entry"},"_links":{"self":[{"href":"https:\/\/www.hediyepazar.com\/index.php?rest_route=\/wp\/v2\/product\/110220","targetHints":{"allow":["GET"]}}],"collection":[{"href":"https:\/\/www.hediyepazar.com\/index.php?rest_route=\/wp\/v2\/product"}],"about":[{"href":"https:\/\/www.hediyepazar.com\/index.php?rest_route=\/wp\/v2\/types\/product"}],"replies":[{"embeddable":true,"href":"https:\/\/www.hediyepazar.com\/index.php?rest_route=%2Fwp%2Fv2%2Fcomments&post=110220"}],"wp:featuredmedia":[{"embeddable":true,"href":"https:\/\/www.hediyepazar.com\/index.php?rest_route=\/wp\/v2\/media\/110219"}],"wp:attachment":[{"href":"https:\/\/www.hediyepazar.com\/index.php?rest_route=%2Fwp%2Fv2%2Fmedia&parent=110220"}],"wp:term":[{"taxonomy":"product_brand","embeddable":true,"href":"https:\/\/www.hediyepazar.com\/index.php?rest_route=%2Fwp%2Fv2%2Fproduct_brand&post=110220"},{"taxonomy":"product_cat","embeddable":true,"href":"https:\/\/www.hediyepazar.com\/index.php?rest_route=%2Fwp%2Fv2%2Fproduct_cat&post=110220"},{"taxonomy":"product_tag","embeddable":true,"href":"https:\/\/www.hediyepazar.com\/index.php?rest_route=%2Fwp%2Fv2%2Fproduct_tag&post=110220"}],"curies":[{"name":"wp","href":"https:\/\/api.w.org\/{rel}","templated":true}]}}