{"id":110226,"date":"2026-05-05T04:08:10","date_gmt":"2026-05-05T07:08:10","guid":{"rendered":"https:\/\/www.hediyepazar.com\/?product=yuksek-hd-gorunumlu-tasinabilir-projeksiyon-cihazi"},"modified":"2026-05-05T04:08:10","modified_gmt":"2026-05-05T07:08:10","slug":"yuksek-hd-gorunumlu-tasinabilir-projeksiyon-cihazi","status":"publish","type":"product","link":"https:\/\/www.hediyepazar.com\/?product=yuksek-hd-gorunumlu-tasinabilir-projeksiyon-cihazi","title":{"rendered":"Y\u00fcksek HD G\u00f6r\u00fcn\u00fcml\u00fc Ta\u015f\u0131nabilir Projeksiyon Cihaz\u0131"},"content":{"rendered":"<p>64GB dahili depolama kapasitesi ile favori videolar\u0131n\u0131z\u0131, m\u00fcziklerinizi ve foto\u011fraflar\u0131n\u0131z\u0131 her zaman yan\u0131n\u0131zda ta\u015f\u0131y\u0131n ve geni\u015f bir medya k\u00fct\u00fcphanesi olu\u015fturun. 2GB RAM donan\u0131m\u0131 sayesinde h\u0131zl\u0131 ve ak\u0131c\u0131 bir kullan\u0131c\u0131 deneyimi sunarak uygulamalar aras\u0131nda ge\u00e7i\u015f yaparken veya video oynat\u0131rken gecikme ya\u015famadan keyifli bir kullan\u0131m sa\u011flar. Y\u00fcksek \u00e7\u00f6z\u00fcn\u00fcrl\u00fckl\u00fc 1080 HD g\u00f6r\u00fcnt\u00fc kalitesi ile sunulan net ve canl\u0131 g\u00f6r\u00fcnt\u00fcler sayesinde, film izlerken veya sunum yaparken t\u00fcm detaylar\u0131 ka\u00e7\u0131rmadan harika bir g\u00f6rsel deneyim ya\u015fay\u0131n. Uzaktan kumanda \u00f6zelli\u011fi, cihaz\u0131n\u0131z\u0131 kolayca kontrol etmenizi sa\u011flayarak eller serbest kullan\u0131m\u0131n ve art\u0131r\u0131lm\u0131\u015f hareket \u00f6zg\u00fcrl\u00fc\u011f\u00fcn\u00fcn tad\u0131n\u0131 \u00e7\u0131karma imkan\u0131 sunar. Ta\u015f\u0131nabilir yap\u0131s\u0131 sayesinde, bu projekt\u00f6r evde, ofiste veya a\u00e7\u0131k havada diledi\u011finiz her yerde kolayl\u0131kla kullan\u0131labilir.<\/p>\n","protected":false},"excerpt":{"rendered":"<p>64GB dahili depolama kapasitesi ile favori videolar\u0131n\u0131z\u0131, m\u00fcziklerinizi ve foto\u011fraflar\u0131n\u0131z\u0131 her zaman yan\u0131n\u0131zda ta\u015f\u0131y\u0131n ve geni\u015f bir medya k\u00fct\u00fcphanesi olu\u015fturun. 2GB RAM donan\u0131m\u0131 sayesinde h\u0131zl\u0131 ve ak\u0131c\u0131 bir kullan\u0131c\u0131 deneyimi sunarak uygulamalar aras\u0131nda ge\u00e7i\u015f yaparken veya video oynat\u0131rken gecikme ya\u015famadan keyifli bir kullan\u0131m sa\u011flar. Y\u00fcksek \u00e7\u00f6z\u00fcn\u00fcrl\u00fckl\u00fc 1080 HD g\u00f6r\u00fcnt\u00fc kalitesi ile sunulan net ve canl\u0131&#8230;<\/p>\n","protected":false},"featured_media":110225,"comment_status":"open","ping_status":"closed","template":"","meta":{"_kad_post_transparent":"","_kad_post_title":"","_kad_post_layout":"","_kad_post_sidebar_id":"","_kad_post_content_style":"","_kad_post_vertical_padding":"","_kad_post_feature":"","_kad_post_feature_position":"","_kad_post_header":false,"_kad_post_footer":false,"_kad_post_classname":""},"product_brand":[],"product_cat":[14905],"product_tag":[],"class_list":{"0":"post-110226","1":"product","2":"type-product","3":"status-publish","4":"has-post-thumbnail","6":"product_cat-projeksiyon-projeksiyon","8":"first","9":"instock","10":"purchasable","11":"product-type-simple","12":"entry","13":"content-bg","14":"loop-entry"},"_links":{"self":[{"href":"https:\/\/www.hediyepazar.com\/index.php?rest_route=\/wp\/v2\/product\/110226","targetHints":{"allow":["GET"]}}],"collection":[{"href":"https:\/\/www.hediyepazar.com\/index.php?rest_route=\/wp\/v2\/product"}],"about":[{"href":"https:\/\/www.hediyepazar.com\/index.php?rest_route=\/wp\/v2\/types\/product"}],"replies":[{"embeddable":true,"href":"https:\/\/www.hediyepazar.com\/index.php?rest_route=%2Fwp%2Fv2%2Fcomments&post=110226"}],"wp:featuredmedia":[{"embeddable":true,"href":"https:\/\/www.hediyepazar.com\/index.php?rest_route=\/wp\/v2\/media\/110225"}],"wp:attachment":[{"href":"https:\/\/www.hediyepazar.com\/index.php?rest_route=%2Fwp%2Fv2%2Fmedia&parent=110226"}],"wp:term":[{"taxonomy":"product_brand","embeddable":true,"href":"https:\/\/www.hediyepazar.com\/index.php?rest_route=%2Fwp%2Fv2%2Fproduct_brand&post=110226"},{"taxonomy":"product_cat","embeddable":true,"href":"https:\/\/www.hediyepazar.com\/index.php?rest_route=%2Fwp%2Fv2%2Fproduct_cat&post=110226"},{"taxonomy":"product_tag","embeddable":true,"href":"https:\/\/www.hediyepazar.com\/index.php?rest_route=%2Fwp%2Fv2%2Fproduct_tag&post=110226"}],"curies":[{"name":"wp","href":"https:\/\/api.w.org\/{rel}","templated":true}]}}