{"id":110252,"date":"2026-05-05T04:11:59","date_gmt":"2026-05-05T07:11:59","guid":{"rendered":"https:\/\/www.hediyepazar.com\/?product=kablosuz-yeni-nesil-bluetooth-baglantili-dokunmatik-ekranli-kulak-ici-pro"},"modified":"2026-05-05T04:11:59","modified_gmt":"2026-05-05T07:11:59","slug":"kablosuz-yeni-nesil-bluetooth-baglantili-dokunmatik-ekranli-kulak-ici-pro","status":"publish","type":"product","link":"https:\/\/www.hediyepazar.com\/?product=kablosuz-yeni-nesil-bluetooth-baglantili-dokunmatik-ekranli-kulak-ici-pro","title":{"rendered":"Kablosuz Yeni Nesil Bluetooth Ba\u011flant\u0131l\u0131 Dokunmatik Ekranl\u0131 Kulak \u0130\u00e7i Pro"},"content":{"rendered":"<p>Dokunmatik ekranl\u0131 Bluetooth kulakl\u0131k, hem modern tasar\u0131m\u0131 hem de \u00fcst\u00fcn performans\u0131yla g\u00fcnl\u00fck ya\u015fam\u0131n\u0131z\u0131n ayr\u0131lmaz bir par\u00e7as\u0131 olacak. G\u00fc\u00e7l\u00fc ses ve bass teknolojisi, m\u00fczik deneyiminizi ola\u011fan\u00fcst\u00fc hale getirirken, aktif g\u00fcr\u00fclt\u00fc \u00f6nleme (ANC) \u00f6zelli\u011fi d\u0131\u015f d\u00fcnyadan gelen t\u00fcm sesleri engelleyerek yaln\u0131zca m\u00fczi\u011finize odaklanman\u0131z\u0131 sa\u011flar.Otomatik pop-up ve pop-up ekran \u00f6zelli\u011fi, kulakl\u0131\u011f\u0131n\u0131z\u0131 kullanmaya ba\u015flad\u0131\u011f\u0131n\u0131z an cihaz\u0131n\u0131za h\u0131zl\u0131 bir \u015fekilde ba\u011flan\u0131r. T\u00fcm ak\u0131ll\u0131 telefonlarla uyumlu yap\u0131s\u0131 sayesinde, cihaz\u0131n\u0131z\u0131 kolayca e\u015fle\u015ftirip kesintisiz bir ba\u011flant\u0131 kurabilirsiniz. Ayr\u0131ca, kulaki\u00e7i sens\u00f6rleri, kulakl\u0131\u011f\u0131 takt\u0131\u011f\u0131n\u0131zda m\u00fczi\u011fi otomatik olarak oynat\u0131r ve \u00e7\u0131kard\u0131\u011f\u0131n\u0131zda durdurur, b\u00f6ylece her zaman en iyi kullan\u0131m kolayl\u0131\u011f\u0131n\u0131 sa\u011flar.Suya ve tere dayan\u0131kl\u0131 yap\u0131s\u0131yla, bu kulakl\u0131k spor yaparken ya da ya\u011fmurlu g\u00fcnlerde bile m\u00fczik keyfinizi yar\u0131da b\u0131rakmaz. Dokunmatik kontrol paneli sayesinde m\u00fczikler aras\u0131nda h\u0131zl\u0131ca ge\u00e7i\u015f yapabilir, ses seviyesini ayarlayabilir ve \u00e7a\u011fr\u0131lar\u0131n\u0131z\u0131 kolayca y\u00f6netebilirsiniz. Dahili mikrofonu ise kristal netli\u011finde g\u00f6r\u00fc\u015fme imkan\u0131 sunar.Ekstra \u00f6zellikler aras\u0131nda Hi Siri deste\u011fi ile sesli komutlar\u0131n\u0131z\u0131 y\u00f6netebilir, konum bulma \u00f6zelli\u011fi ile kaybetme endi\u015fesi ya\u015famadan kulakl\u0131\u011f\u0131n\u0131z\u0131 kolayca bulabilirsiniz. Powerbank \u00f6zellikli \u015farj kutusu, yaln\u0131zca kulakl\u0131klar\u0131n\u0131z\u0131 de\u011fil, ayn\u0131 zamanda di\u011fer cihazlar\u0131n\u0131z\u0131 da \u015farj ederek hareket halindeyken enerji sorunu ya\u015faman\u0131z\u0131 \u00f6nler.Bu dokunmatik ekranl\u0131 Bluetooth kulakl\u0131k, hem konforu hem de teknolojiyi bir araya getirerek her an yan\u0131n\u0131zda olacak bir yard\u0131mc\u0131d\u0131r. Kesintisiz m\u00fczik keyfi ve pratik kullan\u0131m\u0131yla, tarz\u0131n\u0131z\u0131 tamamlayacak m\u00fckemmel bir aksesuar!\u00a04o<\/p>\n","protected":false},"excerpt":{"rendered":"<p>Dokunmatik ekranl\u0131 Bluetooth kulakl\u0131k, hem modern tasar\u0131m\u0131 hem de \u00fcst\u00fcn performans\u0131yla g\u00fcnl\u00fck ya\u015fam\u0131n\u0131z\u0131n ayr\u0131lmaz bir par\u00e7as\u0131 olacak. G\u00fc\u00e7l\u00fc ses ve bass teknolojisi, m\u00fczik deneyiminizi ola\u011fan\u00fcst\u00fc hale getirirken, aktif g\u00fcr\u00fclt\u00fc \u00f6nleme (ANC) \u00f6zelli\u011fi d\u0131\u015f d\u00fcnyadan gelen t\u00fcm sesleri engelleyerek yaln\u0131zca m\u00fczi\u011finize odaklanman\u0131z\u0131 sa\u011flar.Otomatik pop-up ve pop-up ekran \u00f6zelli\u011fi, kulakl\u0131\u011f\u0131n\u0131z\u0131 kullanmaya ba\u015flad\u0131\u011f\u0131n\u0131z an cihaz\u0131n\u0131za h\u0131zl\u0131 bir \u015fekilde&#8230;<\/p>\n","protected":false},"featured_media":110251,"comment_status":"open","ping_status":"closed","template":"","meta":{"_kad_post_transparent":"","_kad_post_title":"","_kad_post_layout":"","_kad_post_sidebar_id":"","_kad_post_content_style":"","_kad_post_vertical_padding":"","_kad_post_feature":"","_kad_post_feature_position":"","_kad_post_header":false,"_kad_post_footer":false,"_kad_post_classname":""},"product_brand":[],"product_cat":[14957],"product_tag":[],"class_list":{"0":"post-110252","1":"product","2":"type-product","3":"status-publish","4":"has-post-thumbnail","6":"product_cat-kablosuz-kulaklik-kablosuz-kulaklik","8":"first","9":"instock","10":"purchasable","11":"product-type-simple","12":"entry","13":"content-bg","14":"loop-entry"},"_links":{"self":[{"href":"https:\/\/www.hediyepazar.com\/index.php?rest_route=\/wp\/v2\/product\/110252","targetHints":{"allow":["GET"]}}],"collection":[{"href":"https:\/\/www.hediyepazar.com\/index.php?rest_route=\/wp\/v2\/product"}],"about":[{"href":"https:\/\/www.hediyepazar.com\/index.php?rest_route=\/wp\/v2\/types\/product"}],"replies":[{"embeddable":true,"href":"https:\/\/www.hediyepazar.com\/index.php?rest_route=%2Fwp%2Fv2%2Fcomments&post=110252"}],"wp:featuredmedia":[{"embeddable":true,"href":"https:\/\/www.hediyepazar.com\/index.php?rest_route=\/wp\/v2\/media\/110251"}],"wp:attachment":[{"href":"https:\/\/www.hediyepazar.com\/index.php?rest_route=%2Fwp%2Fv2%2Fmedia&parent=110252"}],"wp:term":[{"taxonomy":"product_brand","embeddable":true,"href":"https:\/\/www.hediyepazar.com\/index.php?rest_route=%2Fwp%2Fv2%2Fproduct_brand&post=110252"},{"taxonomy":"product_cat","embeddable":true,"href":"https:\/\/www.hediyepazar.com\/index.php?rest_route=%2Fwp%2Fv2%2Fproduct_cat&post=110252"},{"taxonomy":"product_tag","embeddable":true,"href":"https:\/\/www.hediyepazar.com\/index.php?rest_route=%2Fwp%2Fv2%2Fproduct_tag&post=110252"}],"curies":[{"name":"wp","href":"https:\/\/api.w.org\/{rel}","templated":true}]}}