{"id":110256,"date":"2026-05-05T04:12:07","date_gmt":"2026-05-05T07:12:07","guid":{"rendered":"https:\/\/www.hediyepazar.com\/?product=bluetooth-kulaklik-kulakici-guclu-ses-kaliteli-sesli-asistan"},"modified":"2026-05-05T04:12:07","modified_gmt":"2026-05-05T07:12:07","slug":"bluetooth-kulaklik-kulakici-guclu-ses-kaliteli-sesli-asistan","status":"publish","type":"product","link":"https:\/\/www.hediyepazar.com\/?product=bluetooth-kulaklik-kulakici-guclu-ses-kaliteli-sesli-asistan","title":{"rendered":"Bluetooth Kulakl\u0131k Kulaki\u00e7i G\u00fc\u00e7l\u00fc Ses Kaliteli Sesli Asistan"},"content":{"rendered":"<p>Yepyeni tasar\u0131m\u0131, g\u00fc\u00e7l\u00fc bataryas\u0131 ve geli\u015fmi\u015f \u00f6zellikleriyle bu dokunmatik ekranl\u0131 Bluetooth kulakl\u0131k, her t\u00fcrl\u00fc ihtiyac\u0131 kar\u015f\u0131layacak \u015fekilde tasarland\u0131. G\u00fc\u00e7l\u00fc ses ve bass performans\u0131 ile m\u00fczik deneyiminizi bir \u00fcst seviyeye ta\u015f\u0131rken, aktif g\u00fcr\u00fclt\u00fc \u00f6nleme (ANC) \u00f6zelli\u011fi sayesinde d\u0131\u015f d\u00fcnya ile ba\u011flant\u0131n\u0131z\u0131 keserek m\u00fczi\u011finize odaklanman\u0131z\u0131 sa\u011flar. Kulakl\u0131k, suya ve tere kar\u015f\u0131 dayan\u0131kl\u0131 yap\u0131s\u0131 sayesinde spor yaparken veya ya\u011fmurlu havalarda kesintisiz bir m\u00fczik keyfi sunar.Otomatik pop-up ve pop-up ekran\u0131 \u00f6zellikleri, cihaz\u0131n\u0131z\u0131 takar takmaz h\u0131zl\u0131 bir \u015fekilde ba\u011flanman\u0131z\u0131 sa\u011flar. T\u00fcm ak\u0131ll\u0131 telefonlarla uyumlu olan bu kulakl\u0131k, otomatik ba\u011flant\u0131 \u00f6zelli\u011fiyle bir kez ba\u011fland\u0131\u011f\u0131nda, bir sonraki kullan\u0131m\u0131n\u0131zda otomatik olarak e\u015fle\u015fir. Ayr\u0131ca, kulaki\u00e7i sens\u00f6rler sayesinde kulakl\u0131klar\u0131n\u0131z\u0131 \u00e7\u0131kard\u0131\u011f\u0131n\u0131zda m\u00fczik otomatik olarak durur, tekrar takt\u0131\u011f\u0131n\u0131zda ise kald\u0131\u011f\u0131n\u0131z yerden devam eder.Hi Siri \u00f6zelli\u011fi sayesinde kulakl\u0131klar\u0131n\u0131zla sesli komutlarla i\u015flem yapabilir, m\u00fczik payla\u015fma \u00f6zelli\u011fi ile arkada\u015flar\u0131n\u0131zla m\u00fczik dinlemeyi daha keyifli hale getirebilirsiniz. Ayr\u0131ca, konum bulma ve arka plan seslerini y\u00f6netme gibi \u00f6zellikler de g\u00fcnl\u00fck kullan\u0131mda b\u00fcy\u00fck kolayl\u0131k sa\u011flar. Kulakl\u0131k kutusu, ayn\u0131 zamanda powerbank olarak kullan\u0131labilir, b\u00f6ylece m\u00fczik dinlerken veya telefonunuzu \u015farj ederken kesintisiz kullan\u0131m deneyimi ya\u015fars\u0131n\u0131z.<\/p>\n","protected":false},"excerpt":{"rendered":"<p>Yepyeni tasar\u0131m\u0131, g\u00fc\u00e7l\u00fc bataryas\u0131 ve geli\u015fmi\u015f \u00f6zellikleriyle bu dokunmatik ekranl\u0131 Bluetooth kulakl\u0131k, her t\u00fcrl\u00fc ihtiyac\u0131 kar\u015f\u0131layacak \u015fekilde tasarland\u0131. G\u00fc\u00e7l\u00fc ses ve bass performans\u0131 ile m\u00fczik deneyiminizi bir \u00fcst seviyeye ta\u015f\u0131rken, aktif g\u00fcr\u00fclt\u00fc \u00f6nleme (ANC) \u00f6zelli\u011fi sayesinde d\u0131\u015f d\u00fcnya ile ba\u011flant\u0131n\u0131z\u0131 keserek m\u00fczi\u011finize odaklanman\u0131z\u0131 sa\u011flar. Kulakl\u0131k, suya ve tere kar\u015f\u0131 dayan\u0131kl\u0131 yap\u0131s\u0131 sayesinde spor yaparken veya&#8230;<\/p>\n","protected":false},"featured_media":110255,"comment_status":"open","ping_status":"closed","template":"","meta":{"_kad_post_transparent":"","_kad_post_title":"","_kad_post_layout":"","_kad_post_sidebar_id":"","_kad_post_content_style":"","_kad_post_vertical_padding":"","_kad_post_feature":"","_kad_post_feature_position":"","_kad_post_header":false,"_kad_post_footer":false,"_kad_post_classname":""},"product_brand":[],"product_cat":[14957],"product_tag":[],"class_list":{"0":"post-110256","1":"product","2":"type-product","3":"status-publish","4":"has-post-thumbnail","6":"product_cat-kablosuz-kulaklik-kablosuz-kulaklik","8":"first","9":"instock","10":"purchasable","11":"product-type-simple","12":"entry","13":"content-bg","14":"loop-entry"},"_links":{"self":[{"href":"https:\/\/www.hediyepazar.com\/index.php?rest_route=\/wp\/v2\/product\/110256","targetHints":{"allow":["GET"]}}],"collection":[{"href":"https:\/\/www.hediyepazar.com\/index.php?rest_route=\/wp\/v2\/product"}],"about":[{"href":"https:\/\/www.hediyepazar.com\/index.php?rest_route=\/wp\/v2\/types\/product"}],"replies":[{"embeddable":true,"href":"https:\/\/www.hediyepazar.com\/index.php?rest_route=%2Fwp%2Fv2%2Fcomments&post=110256"}],"wp:featuredmedia":[{"embeddable":true,"href":"https:\/\/www.hediyepazar.com\/index.php?rest_route=\/wp\/v2\/media\/110255"}],"wp:attachment":[{"href":"https:\/\/www.hediyepazar.com\/index.php?rest_route=%2Fwp%2Fv2%2Fmedia&parent=110256"}],"wp:term":[{"taxonomy":"product_brand","embeddable":true,"href":"https:\/\/www.hediyepazar.com\/index.php?rest_route=%2Fwp%2Fv2%2Fproduct_brand&post=110256"},{"taxonomy":"product_cat","embeddable":true,"href":"https:\/\/www.hediyepazar.com\/index.php?rest_route=%2Fwp%2Fv2%2Fproduct_cat&post=110256"},{"taxonomy":"product_tag","embeddable":true,"href":"https:\/\/www.hediyepazar.com\/index.php?rest_route=%2Fwp%2Fv2%2Fproduct_tag&post=110256"}],"curies":[{"name":"wp","href":"https:\/\/api.w.org\/{rel}","templated":true}]}}