{"id":110266,"date":"2026-05-05T04:14:10","date_gmt":"2026-05-05T07:14:10","guid":{"rendered":"https:\/\/www.hediyepazar.com\/?product=yeni-nesil-oyuncu-kulakligi-gurultu-onleyici-yuksek-ses-kaliteli"},"modified":"2026-05-05T04:14:10","modified_gmt":"2026-05-05T07:14:10","slug":"yeni-nesil-oyuncu-kulakligi-gurultu-onleyici-yuksek-ses-kaliteli","status":"publish","type":"product","link":"https:\/\/www.hediyepazar.com\/?product=yeni-nesil-oyuncu-kulakligi-gurultu-onleyici-yuksek-ses-kaliteli","title":{"rendered":"Yeni Nesil Oyuncu Kulakl\u0131\u011f\u0131 G\u00fcr\u00fclt\u00fc \u00d6nleyici Y\u00fcksek Ses Kaliteli"},"content":{"rendered":"<p>Bu kablosuz kulakl\u0131k modeli, aktif bir ya\u015fam tarz\u0131na sahip kullan\u0131c\u0131lar i\u00e7in \u00f6zel olarak tasarlanm\u0131\u015ft\u0131r. IPX5 su ge\u00e7irmez \u00f6zelli\u011fi sayesinde, terleme, ya\u011fmur veya s\u0131\u00e7ramalara kar\u015f\u0131 dayan\u0131kl\u0131d\u0131r ve spor yaparken g\u00fcvenle kullan\u0131labilir. Ergonomik tasar\u0131m\u0131 ve farkl\u0131 boyutlardaki kulak t\u0131ka\u00e7lar\u0131, uzun s\u00fcreli kullan\u0131mda bile maksimum konfor sa\u011flar. Ayr\u0131ca, geli\u015fmi\u015f mikrofon ve d\u00fc\u015f\u00fck gecikme teknolojisiyle hem oyun oynarken hem de \u00e7a\u011fr\u0131larda \u00fcst\u00fcn bir performans sunar.\u015earj kutusuyla birlikte sunulan powerbank \u00f6zelli\u011fi, g\u00fcn boyu kesintisiz kullan\u0131m sa\u011flar. Kulakl\u0131klar\u0131n\u0131z\u0131 45 dakikada tam \u015farj edebilir, \u015farj kutusu ise 1-2 saat i\u00e7inde haz\u0131r hale gelir. 20Hz-20kHz frekans aral\u0131\u011f\u0131 ve 6mm hareketli bobin \u00fcnitesi, m\u00fczik keyfinizi en \u00fcst seviyeye ta\u015f\u0131r. Spor, seyahat veya g\u00fcnl\u00fck kullan\u0131m i\u00e7in her durumda yan\u0131n\u0131zda ta\u015f\u0131yabilece\u011finiz bir ses \u00e7\u00f6z\u00fcm\u00fcd\u00fcr.<\/p>\n","protected":false},"excerpt":{"rendered":"<p>Bu kablosuz kulakl\u0131k modeli, aktif bir ya\u015fam tarz\u0131na sahip kullan\u0131c\u0131lar i\u00e7in \u00f6zel olarak tasarlanm\u0131\u015ft\u0131r. IPX5 su ge\u00e7irmez \u00f6zelli\u011fi sayesinde, terleme, ya\u011fmur veya s\u0131\u00e7ramalara kar\u015f\u0131 dayan\u0131kl\u0131d\u0131r ve spor yaparken g\u00fcvenle kullan\u0131labilir. Ergonomik tasar\u0131m\u0131 ve farkl\u0131 boyutlardaki kulak t\u0131ka\u00e7lar\u0131, uzun s\u00fcreli kullan\u0131mda bile maksimum konfor sa\u011flar. Ayr\u0131ca, geli\u015fmi\u015f mikrofon ve d\u00fc\u015f\u00fck gecikme teknolojisiyle hem oyun oynarken hem&#8230;<\/p>\n","protected":false},"featured_media":110265,"comment_status":"open","ping_status":"closed","template":"","meta":{"_kad_post_transparent":"","_kad_post_title":"","_kad_post_layout":"","_kad_post_sidebar_id":"","_kad_post_content_style":"","_kad_post_vertical_padding":"","_kad_post_feature":"","_kad_post_feature_position":"","_kad_post_header":false,"_kad_post_footer":false,"_kad_post_classname":""},"product_brand":[],"product_cat":[14957],"product_tag":[],"class_list":{"0":"post-110266","1":"product","2":"type-product","3":"status-publish","4":"has-post-thumbnail","6":"product_cat-kablosuz-kulaklik-kablosuz-kulaklik","8":"first","9":"instock","10":"purchasable","11":"product-type-simple","12":"entry","13":"content-bg","14":"loop-entry"},"_links":{"self":[{"href":"https:\/\/www.hediyepazar.com\/index.php?rest_route=\/wp\/v2\/product\/110266","targetHints":{"allow":["GET"]}}],"collection":[{"href":"https:\/\/www.hediyepazar.com\/index.php?rest_route=\/wp\/v2\/product"}],"about":[{"href":"https:\/\/www.hediyepazar.com\/index.php?rest_route=\/wp\/v2\/types\/product"}],"replies":[{"embeddable":true,"href":"https:\/\/www.hediyepazar.com\/index.php?rest_route=%2Fwp%2Fv2%2Fcomments&post=110266"}],"wp:featuredmedia":[{"embeddable":true,"href":"https:\/\/www.hediyepazar.com\/index.php?rest_route=\/wp\/v2\/media\/110265"}],"wp:attachment":[{"href":"https:\/\/www.hediyepazar.com\/index.php?rest_route=%2Fwp%2Fv2%2Fmedia&parent=110266"}],"wp:term":[{"taxonomy":"product_brand","embeddable":true,"href":"https:\/\/www.hediyepazar.com\/index.php?rest_route=%2Fwp%2Fv2%2Fproduct_brand&post=110266"},{"taxonomy":"product_cat","embeddable":true,"href":"https:\/\/www.hediyepazar.com\/index.php?rest_route=%2Fwp%2Fv2%2Fproduct_cat&post=110266"},{"taxonomy":"product_tag","embeddable":true,"href":"https:\/\/www.hediyepazar.com\/index.php?rest_route=%2Fwp%2Fv2%2Fproduct_tag&post=110266"}],"curies":[{"name":"wp","href":"https:\/\/api.w.org\/{rel}","templated":true}]}}