{"id":110274,"date":"2026-05-05T04:16:10","date_gmt":"2026-05-05T07:16:10","guid":{"rendered":"https:\/\/www.hediyepazar.com\/?product=yeni-nesil-arac-yikama-sarjli-tabancasi-basincli-su-hazneli"},"modified":"2026-05-05T04:16:10","modified_gmt":"2026-05-05T07:16:10","slug":"yeni-nesil-arac-yikama-sarjli-tabancasi-basincli-su-hazneli","status":"publish","type":"product","link":"https:\/\/www.hediyepazar.com\/?product=yeni-nesil-arac-yikama-sarjli-tabancasi-basincli-su-hazneli","title":{"rendered":"Yeni Nesil Ara\u00e7 Y\u0131kama \u015earjl\u0131 Tabancas\u0131 Bas\u0131n\u00e7l\u0131 Su Hazneli"},"content":{"rendered":"<p>Kendinden emi\u015fli veya musluk ba\u011flant\u0131l\u0131 iki farkl\u0131 su giri\u015f sistemiyle donat\u0131lm\u0131\u015f olan bu cihaz, su kayna\u011f\u0131n\u0131 se\u00e7me \u00f6zg\u00fcrl\u00fc\u011f\u00fc sunar. Kovadan, g\u00f6lden, nehirden veya musluktan kolayca su \u00e7ekebilir ve 5 metrelik filtreli hortumu sayesinde suyu temizleyerek daha etkili bir temizlik sa\u011flar. T\u00fcm ba\u011flant\u0131 aray\u00fczleri kolayca monte edilebilecek \u015fekilde tasarlanm\u0131\u015ft\u0131r ve cihaz, geleneksel y\u00fcksek bas\u0131n\u00e7l\u0131 temizleyicilere k\u0131yasla \u00e7ok daha hafif ve ta\u015f\u0131nabilirdir. Sadece 2 kg a\u011f\u0131rl\u0131\u011f\u0131ndaki kompakt tasar\u0131m\u0131yla bah\u00e7eden araban\u0131za kadar her yerde rahatl\u0131kla kullan\u0131labilir.<\/p>\n","protected":false},"excerpt":{"rendered":"<p>Kendinden emi\u015fli veya musluk ba\u011flant\u0131l\u0131 iki farkl\u0131 su giri\u015f sistemiyle donat\u0131lm\u0131\u015f olan bu cihaz, su kayna\u011f\u0131n\u0131 se\u00e7me \u00f6zg\u00fcrl\u00fc\u011f\u00fc sunar. Kovadan, g\u00f6lden, nehirden veya musluktan kolayca su \u00e7ekebilir ve 5 metrelik filtreli hortumu sayesinde suyu temizleyerek daha etkili bir temizlik sa\u011flar. T\u00fcm ba\u011flant\u0131 aray\u00fczleri kolayca monte edilebilecek \u015fekilde tasarlanm\u0131\u015ft\u0131r ve cihaz, geleneksel y\u00fcksek bas\u0131n\u00e7l\u0131 temizleyicilere k\u0131yasla&#8230;<\/p>\n","protected":false},"featured_media":110273,"comment_status":"open","ping_status":"closed","template":"","meta":{"_kad_post_transparent":"","_kad_post_title":"","_kad_post_layout":"","_kad_post_sidebar_id":"","_kad_post_content_style":"","_kad_post_vertical_padding":"","_kad_post_feature":"","_kad_post_feature_position":"","_kad_post_header":false,"_kad_post_footer":false,"_kad_post_classname":""},"product_brand":[],"product_cat":[14971],"product_tag":[],"class_list":{"0":"post-110274","1":"product","2":"type-product","3":"status-publish","4":"has-post-thumbnail","6":"product_cat-yuksek-basincli-yikama-makinesi-yuksek-basincli-yikama-makinesi","8":"first","9":"instock","10":"purchasable","11":"product-type-simple","12":"entry","13":"content-bg","14":"loop-entry"},"_links":{"self":[{"href":"https:\/\/www.hediyepazar.com\/index.php?rest_route=\/wp\/v2\/product\/110274","targetHints":{"allow":["GET"]}}],"collection":[{"href":"https:\/\/www.hediyepazar.com\/index.php?rest_route=\/wp\/v2\/product"}],"about":[{"href":"https:\/\/www.hediyepazar.com\/index.php?rest_route=\/wp\/v2\/types\/product"}],"replies":[{"embeddable":true,"href":"https:\/\/www.hediyepazar.com\/index.php?rest_route=%2Fwp%2Fv2%2Fcomments&post=110274"}],"wp:featuredmedia":[{"embeddable":true,"href":"https:\/\/www.hediyepazar.com\/index.php?rest_route=\/wp\/v2\/media\/110273"}],"wp:attachment":[{"href":"https:\/\/www.hediyepazar.com\/index.php?rest_route=%2Fwp%2Fv2%2Fmedia&parent=110274"}],"wp:term":[{"taxonomy":"product_brand","embeddable":true,"href":"https:\/\/www.hediyepazar.com\/index.php?rest_route=%2Fwp%2Fv2%2Fproduct_brand&post=110274"},{"taxonomy":"product_cat","embeddable":true,"href":"https:\/\/www.hediyepazar.com\/index.php?rest_route=%2Fwp%2Fv2%2Fproduct_cat&post=110274"},{"taxonomy":"product_tag","embeddable":true,"href":"https:\/\/www.hediyepazar.com\/index.php?rest_route=%2Fwp%2Fv2%2Fproduct_tag&post=110274"}],"curies":[{"name":"wp","href":"https:\/\/api.w.org\/{rel}","templated":true}]}}