{"id":110280,"date":"2026-05-05T04:18:04","date_gmt":"2026-05-05T07:18:04","guid":{"rendered":"https:\/\/www.hediyepazar.com\/?product=oyuncu-kulakligi-gamer-kulaklik-gurultu-onleyici-yuksek-ses-kaliteli"},"modified":"2026-05-05T04:18:04","modified_gmt":"2026-05-05T07:18:04","slug":"oyuncu-kulakligi-gamer-kulaklik-gurultu-onleyici-yuksek-ses-kaliteli","status":"publish","type":"product","link":"https:\/\/www.hediyepazar.com\/?product=oyuncu-kulakligi-gamer-kulaklik-gurultu-onleyici-yuksek-ses-kaliteli","title":{"rendered":"Oyuncu Kulakl\u0131\u011f\u0131 Gamer Kulakl\u0131k G\u00fcr\u00fclt\u00fc \u00d6nleyici Y\u00fcksek Ses Kaliteli"},"content":{"rendered":"<p>Oyun d\u00fcnyas\u0131nda ba\u015far\u0131y\u0131 belirleyen en \u00f6nemli unsurlardan biri, do\u011fru ekipman se\u00e7imidir. Oyuncular i\u00e7in \u00f6zel olarak tasarlanm\u0131\u015f bu kulak i\u00e7i Bluetooth kulakl\u0131k, 45ms ultra d\u00fc\u015f\u00fck gecikme s\u00fcresiyle ses ve g\u00f6r\u00fcnt\u00fc aras\u0131nda m\u00fckemmel bir senkronizasyon sa\u011flar. 3D ses \u00f6zelli\u011fiyle oyunlar\u0131n i\u00e7indeymi\u015f gibi hissettirirken, g\u00fcr\u00fclt\u00fc engelleme teknolojisi sayesinde d\u0131\u015f seslerden etkilenmeden tamamen odaklanabilirsiniz. Kulakl\u0131k, g\u00fc\u00e7l\u00fc 5.0 Bluetooth ba\u011flant\u0131s\u0131yla 10 metre mesafeye kadar kesintisiz performans sunar. Ergonomik silikon yap\u0131s\u0131yla uzun s\u00fcreli kullan\u0131mlarda bile konfor sunarken, 90 derece a\u00e7\u0131l\u0131 tasar\u0131m\u0131 tak\u0131p \u00e7\u0131karmay\u0131 kolayla\u015ft\u0131r\u0131r. LED \u0131\u015f\u0131kl\u0131 \u015f\u0131k tasar\u0131m\u0131 ise karanl\u0131k ortamlarda bile fark yarat\u0131r.  Android, iOS ve PC cihazlar\u0131yla tam uyumlu olan bu kulakl\u0131k, oyun keyfini en \u00fcst seviyeye ta\u015f\u0131mak isteyenler i\u00e7in m\u00fckemmel bir se\u00e7imdir.<\/p>\n","protected":false},"excerpt":{"rendered":"<p>Oyun d\u00fcnyas\u0131nda ba\u015far\u0131y\u0131 belirleyen en \u00f6nemli unsurlardan biri, do\u011fru ekipman se\u00e7imidir. Oyuncular i\u00e7in \u00f6zel olarak tasarlanm\u0131\u015f bu kulak i\u00e7i Bluetooth kulakl\u0131k, 45ms ultra d\u00fc\u015f\u00fck gecikme s\u00fcresiyle ses ve g\u00f6r\u00fcnt\u00fc aras\u0131nda m\u00fckemmel bir senkronizasyon sa\u011flar. 3D ses \u00f6zelli\u011fiyle oyunlar\u0131n i\u00e7indeymi\u015f gibi hissettirirken, g\u00fcr\u00fclt\u00fc engelleme teknolojisi sayesinde d\u0131\u015f seslerden etkilenmeden tamamen odaklanabilirsiniz. Kulakl\u0131k, g\u00fc\u00e7l\u00fc 5.0 Bluetooth ba\u011flant\u0131s\u0131yla&#8230;<\/p>\n","protected":false},"featured_media":110279,"comment_status":"open","ping_status":"closed","template":"","meta":{"_kad_post_transparent":"","_kad_post_title":"","_kad_post_layout":"","_kad_post_sidebar_id":"","_kad_post_content_style":"","_kad_post_vertical_padding":"","_kad_post_feature":"","_kad_post_feature_position":"","_kad_post_header":false,"_kad_post_footer":false,"_kad_post_classname":""},"product_brand":[],"product_cat":[14957],"product_tag":[],"class_list":{"0":"post-110280","1":"product","2":"type-product","3":"status-publish","4":"has-post-thumbnail","6":"product_cat-kablosuz-kulaklik-kablosuz-kulaklik","8":"first","9":"instock","10":"purchasable","11":"product-type-simple","12":"entry","13":"content-bg","14":"loop-entry"},"_links":{"self":[{"href":"https:\/\/www.hediyepazar.com\/index.php?rest_route=\/wp\/v2\/product\/110280","targetHints":{"allow":["GET"]}}],"collection":[{"href":"https:\/\/www.hediyepazar.com\/index.php?rest_route=\/wp\/v2\/product"}],"about":[{"href":"https:\/\/www.hediyepazar.com\/index.php?rest_route=\/wp\/v2\/types\/product"}],"replies":[{"embeddable":true,"href":"https:\/\/www.hediyepazar.com\/index.php?rest_route=%2Fwp%2Fv2%2Fcomments&post=110280"}],"wp:featuredmedia":[{"embeddable":true,"href":"https:\/\/www.hediyepazar.com\/index.php?rest_route=\/wp\/v2\/media\/110279"}],"wp:attachment":[{"href":"https:\/\/www.hediyepazar.com\/index.php?rest_route=%2Fwp%2Fv2%2Fmedia&parent=110280"}],"wp:term":[{"taxonomy":"product_brand","embeddable":true,"href":"https:\/\/www.hediyepazar.com\/index.php?rest_route=%2Fwp%2Fv2%2Fproduct_brand&post=110280"},{"taxonomy":"product_cat","embeddable":true,"href":"https:\/\/www.hediyepazar.com\/index.php?rest_route=%2Fwp%2Fv2%2Fproduct_cat&post=110280"},{"taxonomy":"product_tag","embeddable":true,"href":"https:\/\/www.hediyepazar.com\/index.php?rest_route=%2Fwp%2Fv2%2Fproduct_tag&post=110280"}],"curies":[{"name":"wp","href":"https:\/\/api.w.org\/{rel}","templated":true}]}}