{"id":110288,"date":"2026-05-05T04:20:01","date_gmt":"2026-05-05T07:20:01","guid":{"rendered":"https:\/\/www.hediyepazar.com\/?product=selfie-cubugu-tripod-kumandali-telefon-tutucu-siyah"},"modified":"2026-05-05T04:20:01","modified_gmt":"2026-05-05T07:20:01","slug":"selfie-cubugu-tripod-kumandali-telefon-tutucu-siyah","status":"publish","type":"product","link":"https:\/\/www.hediyepazar.com\/?product=selfie-cubugu-tripod-kumandali-telefon-tutucu-siyah","title":{"rendered":"Selfie \u00c7ubu\u011fu Tripod Kumandal\u0131 Telefon Tutucu Siyah"},"content":{"rendered":"<p>Selfie \u00e7ubu\u011funun ayakl\u0131 yap\u0131s\u0131, tripod sabitleyici olarak kullan\u0131lmas\u0131na imkan tan\u0131yarak yaln\u0131zca selfie \u00e7ekimlerinde de\u011fil, grup foto\u011fraflar\u0131, video i\u00e7erikleri ve \u00e7evrimi\u00e7i g\u00f6r\u00fc\u015fmeler i\u00e7in de benzersiz bir \u00e7\u00f6z\u00fcm sunar. Ayakl\u0131 tasar\u0131m\u0131, cihaz\u0131n\u0131z\u0131 stabil bir \u015fekilde sabitler ve hareket halindeyken bile net ve keskin g\u00f6r\u00fcnt\u00fcler elde etmenizi sa\u011flar. Titre\u015fimden kaynaklanan bulan\u0131kl\u0131\u011f\u0131 ortadan kald\u0131ran bu \u00f6zellik, \u00f6zellikle d\u00fc\u015f\u00fck \u0131\u015f\u0131k ko\u015fullar\u0131nda veya uzun pozlama gerektiren \u00e7ekimlerde b\u00fcy\u00fck bir avantaj sa\u011flar. \u00dcr\u00fcn, foto\u011fraf\u00e7\u0131l\u0131kta profesyonel bir dokunu\u015f isteyen kullan\u0131c\u0131lar i\u00e7in vazge\u00e7ilmez bir yard\u0131mc\u0131d\u0131r.<\/p>\n","protected":false},"excerpt":{"rendered":"<p>Selfie \u00e7ubu\u011funun ayakl\u0131 yap\u0131s\u0131, tripod sabitleyici olarak kullan\u0131lmas\u0131na imkan tan\u0131yarak yaln\u0131zca selfie \u00e7ekimlerinde de\u011fil, grup foto\u011fraflar\u0131, video i\u00e7erikleri ve \u00e7evrimi\u00e7i g\u00f6r\u00fc\u015fmeler i\u00e7in de benzersiz bir \u00e7\u00f6z\u00fcm sunar. Ayakl\u0131 tasar\u0131m\u0131, cihaz\u0131n\u0131z\u0131 stabil bir \u015fekilde sabitler ve hareket halindeyken bile net ve keskin g\u00f6r\u00fcnt\u00fcler elde etmenizi sa\u011flar. Titre\u015fimden kaynaklanan bulan\u0131kl\u0131\u011f\u0131 ortadan kald\u0131ran bu \u00f6zellik, \u00f6zellikle d\u00fc\u015f\u00fck \u0131\u015f\u0131k&#8230;<\/p>\n","protected":false},"featured_media":110287,"comment_status":"open","ping_status":"closed","template":"","meta":{"_kad_post_transparent":"","_kad_post_title":"","_kad_post_layout":"","_kad_post_sidebar_id":"","_kad_post_content_style":"","_kad_post_vertical_padding":"","_kad_post_feature":"","_kad_post_feature_position":"","_kad_post_header":false,"_kad_post_footer":false,"_kad_post_classname":""},"product_brand":[],"product_cat":[15008],"product_tag":[],"class_list":{"0":"post-110288","1":"product","2":"type-product","3":"status-publish","4":"has-post-thumbnail","6":"product_cat-selfie-cubugu-selfie-cubugu-2","8":"first","9":"instock","10":"purchasable","11":"product-type-simple","12":"entry","13":"content-bg","14":"loop-entry"},"_links":{"self":[{"href":"https:\/\/www.hediyepazar.com\/index.php?rest_route=\/wp\/v2\/product\/110288","targetHints":{"allow":["GET"]}}],"collection":[{"href":"https:\/\/www.hediyepazar.com\/index.php?rest_route=\/wp\/v2\/product"}],"about":[{"href":"https:\/\/www.hediyepazar.com\/index.php?rest_route=\/wp\/v2\/types\/product"}],"replies":[{"embeddable":true,"href":"https:\/\/www.hediyepazar.com\/index.php?rest_route=%2Fwp%2Fv2%2Fcomments&post=110288"}],"wp:featuredmedia":[{"embeddable":true,"href":"https:\/\/www.hediyepazar.com\/index.php?rest_route=\/wp\/v2\/media\/110287"}],"wp:attachment":[{"href":"https:\/\/www.hediyepazar.com\/index.php?rest_route=%2Fwp%2Fv2%2Fmedia&parent=110288"}],"wp:term":[{"taxonomy":"product_brand","embeddable":true,"href":"https:\/\/www.hediyepazar.com\/index.php?rest_route=%2Fwp%2Fv2%2Fproduct_brand&post=110288"},{"taxonomy":"product_cat","embeddable":true,"href":"https:\/\/www.hediyepazar.com\/index.php?rest_route=%2Fwp%2Fv2%2Fproduct_cat&post=110288"},{"taxonomy":"product_tag","embeddable":true,"href":"https:\/\/www.hediyepazar.com\/index.php?rest_route=%2Fwp%2Fv2%2Fproduct_tag&post=110288"}],"curies":[{"name":"wp","href":"https:\/\/api.w.org\/{rel}","templated":true}]}}