{"id":110301,"date":"2026-05-05T04:22:32","date_gmt":"2026-05-05T07:22:32","guid":{"rendered":"https:\/\/www.hediyepazar.com\/?product=araba-gunesligi-oto-guneslik-tum-arac-modellerine-uygun"},"modified":"2026-05-05T04:22:32","modified_gmt":"2026-05-05T07:22:32","slug":"araba-gunesligi-oto-guneslik-tum-arac-modellerine-uygun","status":"publish","type":"product","link":"https:\/\/www.hediyepazar.com\/?product=araba-gunesligi-oto-guneslik-tum-arac-modellerine-uygun","title":{"rendered":"Araba G\u00fcne\u015fli\u011fi Oto G\u00fcne\u015flik T\u00fcm Ara\u00e7 Modellerine Uygun"},"content":{"rendered":"<p>Araba \u00d6n Cam G\u00fcne\u015fli\u011fi, pratik kullan\u0131m\u0131yla \u00f6ne \u00e7\u0131kan bir \u00fcr\u00fcnd\u00fcr. 130 cm geni\u015fli\u011fe ve 60 cm y\u00fcksekli\u011fe sahip olan bu g\u00fcne\u015flik, standart otomobil modellerinin \u00e7o\u011funa uyacak \u015fekilde tasarlanm\u0131\u015ft\u0131r. Kolayca katlanabilir yap\u0131s\u0131yla kullan\u0131lmad\u0131\u011f\u0131nda minimum yer kaplar ve bagaj\u0131n\u0131zda veya koltu\u011fun alt\u0131nda rahat\u00e7a saklanabilir. Tak\u0131p \u00e7\u0131karmas\u0131 olduk\u00e7a kolayd\u0131r; g\u00fcnl\u00fck kullan\u0131m i\u00e7in m\u00fckemmel bir tercihtir. \u00d6zellikle s\u0131cak yaz g\u00fcnlerinde arac\u0131n\u0131z\u0131 serin tutmak i\u00e7in h\u0131zl\u0131 bir \u015fekilde yerle\u015ftirilebilir ve \u00e7\u0131kar\u0131labilir. Metalize reflekt\u00f6rl\u00fc y\u00fczeyiyle modern bir g\u00f6r\u00fcn\u00fcm sunar ve fonksiyonel yap\u0131s\u0131yla yaz aylar\u0131n\u0131n vazge\u00e7ilmez aksesuarlar\u0131ndan biri haline gelir. Ara\u00e7 i\u00e7indeki s\u0131cakl\u0131\u011f\u0131 d\u00fc\u015f\u00fcrmenin yan\u0131 s\u0131ra g\u00fcne\u015f \u0131\u015f\u0131nlar\u0131n\u0131 etkili bir \u015fekilde bloke ederek size ve sevdiklerinize daha konforlu bir seyahat ortam\u0131 sa\u011flar. Hem pratikli\u011fi hem de performans\u0131yla, bu g\u00fcne\u015flik yaz aylar\u0131nda arac\u0131n\u0131z\u0131n en b\u00fcy\u00fck destek\u00e7isi olacakt\u0131r.<\/p>\n","protected":false},"excerpt":{"rendered":"<p>Araba \u00d6n Cam G\u00fcne\u015fli\u011fi, pratik kullan\u0131m\u0131yla \u00f6ne \u00e7\u0131kan bir \u00fcr\u00fcnd\u00fcr. 130 cm geni\u015fli\u011fe ve 60 cm y\u00fcksekli\u011fe sahip olan bu g\u00fcne\u015flik, standart otomobil modellerinin \u00e7o\u011funa uyacak \u015fekilde tasarlanm\u0131\u015ft\u0131r. Kolayca katlanabilir yap\u0131s\u0131yla kullan\u0131lmad\u0131\u011f\u0131nda minimum yer kaplar ve bagaj\u0131n\u0131zda veya koltu\u011fun alt\u0131nda rahat\u00e7a saklanabilir. Tak\u0131p \u00e7\u0131karmas\u0131 olduk\u00e7a kolayd\u0131r; g\u00fcnl\u00fck kullan\u0131m i\u00e7in m\u00fckemmel bir tercihtir. \u00d6zellikle s\u0131cak yaz&#8230;<\/p>\n","protected":false},"featured_media":0,"comment_status":"open","ping_status":"closed","template":"","meta":{"_kad_post_transparent":"","_kad_post_title":"","_kad_post_layout":"","_kad_post_sidebar_id":"","_kad_post_content_style":"","_kad_post_vertical_padding":"","_kad_post_feature":"","_kad_post_feature_position":"","_kad_post_header":false,"_kad_post_footer":false,"_kad_post_classname":""},"product_brand":[],"product_cat":[14921],"product_tag":[],"class_list":{"0":"post-110301","1":"product","2":"type-product","3":"status-publish","5":"product_cat-oto-guneslik-perde-oto-guneslik-perde-2","7":"first","8":"instock","9":"purchasable","10":"product-type-simple","11":"entry","12":"content-bg","13":"loop-entry"},"_links":{"self":[{"href":"https:\/\/www.hediyepazar.com\/index.php?rest_route=\/wp\/v2\/product\/110301","targetHints":{"allow":["GET"]}}],"collection":[{"href":"https:\/\/www.hediyepazar.com\/index.php?rest_route=\/wp\/v2\/product"}],"about":[{"href":"https:\/\/www.hediyepazar.com\/index.php?rest_route=\/wp\/v2\/types\/product"}],"replies":[{"embeddable":true,"href":"https:\/\/www.hediyepazar.com\/index.php?rest_route=%2Fwp%2Fv2%2Fcomments&post=110301"}],"wp:attachment":[{"href":"https:\/\/www.hediyepazar.com\/index.php?rest_route=%2Fwp%2Fv2%2Fmedia&parent=110301"}],"wp:term":[{"taxonomy":"product_brand","embeddable":true,"href":"https:\/\/www.hediyepazar.com\/index.php?rest_route=%2Fwp%2Fv2%2Fproduct_brand&post=110301"},{"taxonomy":"product_cat","embeddable":true,"href":"https:\/\/www.hediyepazar.com\/index.php?rest_route=%2Fwp%2Fv2%2Fproduct_cat&post=110301"},{"taxonomy":"product_tag","embeddable":true,"href":"https:\/\/www.hediyepazar.com\/index.php?rest_route=%2Fwp%2Fv2%2Fproduct_tag&post=110301"}],"curies":[{"name":"wp","href":"https:\/\/api.w.org\/{rel}","templated":true}]}}