{"id":110303,"date":"2026-05-05T04:22:57","date_gmt":"2026-05-05T07:22:57","guid":{"rendered":"https:\/\/www.hediyepazar.com\/?product=oto-guneslik-isi-onleyici-tum-araclara-uyumlu-uv-isinlarina-karsi"},"modified":"2026-05-05T04:22:57","modified_gmt":"2026-05-05T07:22:57","slug":"oto-guneslik-isi-onleyici-tum-araclara-uyumlu-uv-isinlarina-karsi","status":"publish","type":"product","link":"https:\/\/www.hediyepazar.com\/?product=oto-guneslik-isi-onleyici-tum-araclara-uyumlu-uv-isinlarina-karsi","title":{"rendered":"Oto G\u00fcne\u015flik Is\u0131 \u00d6nleyici T\u00fcm Ara\u00e7lara Uyumlu UV I\u015f\u0131nlar\u0131na Kar\u015f\u0131"},"content":{"rendered":"<p>G\u00fcne\u015fin zararl\u0131 ultraviyole (UV) \u0131\u015f\u0131nlar\u0131, uzun s\u00fcre maruz kal\u0131nd\u0131\u011f\u0131nda ara\u00e7 i\u00e7indeki deri, plastik ve kuma\u015f aksamlar\u0131n solmas\u0131na, \u00e7atlamas\u0131na veya deformasyonuna neden olabilir. Araba \u00d6n Cam G\u00fcne\u015fli\u011fi, s\u00fcngerli i\u00e7 yap\u0131s\u0131 sayesinde ekstra izolasyon sa\u011flayarak arac\u0131n\u0131z\u0131n i\u00e7 mek\u00e2n\u0131n\u0131 bu t\u00fcr hasarlardan korur. Bu \u00f6zellik, yaln\u0131zca ara\u00e7 i\u00e7inin serin kalmas\u0131n\u0131 sa\u011flamakla kalmaz, ayn\u0131 zamanda arac\u0131n\u0131z\u0131n \u00f6mr\u00fcn\u00fc de uzat\u0131r. Koltuk d\u00f6\u015femelerinizin rengini koruyabilir, plastik par\u00e7alar\u0131n \u00e7atlamas\u0131n\u0131 \u00f6nleyebilir ve arac\u0131n\u0131z\u0131n genel esteti\u011fini uzun y\u0131llar boyunca muhafaza edebilirsiniz. \u00dcstelik, \u00fcr\u00fcn\u00fcn dayan\u0131kl\u0131 ve uzun \u00f6m\u00fcrl\u00fc yap\u0131s\u0131 sayesinde defalarca kullan\u0131m imk\u00e2n\u0131 sunar. G\u00fcne\u015fin zararl\u0131 etkilerine kar\u015f\u0131 tam koruma sa\u011flayan bu g\u00fcne\u015flik, arac\u0131n\u0131za yat\u0131r\u0131m yapmak isteyen kullan\u0131c\u0131lar i\u00e7in ideal bir se\u00e7enektir.<\/p>\n","protected":false},"excerpt":{"rendered":"<p>G\u00fcne\u015fin zararl\u0131 ultraviyole (UV) \u0131\u015f\u0131nlar\u0131, uzun s\u00fcre maruz kal\u0131nd\u0131\u011f\u0131nda ara\u00e7 i\u00e7indeki deri, plastik ve kuma\u015f aksamlar\u0131n solmas\u0131na, \u00e7atlamas\u0131na veya deformasyonuna neden olabilir. Araba \u00d6n Cam G\u00fcne\u015fli\u011fi, s\u00fcngerli i\u00e7 yap\u0131s\u0131 sayesinde ekstra izolasyon sa\u011flayarak arac\u0131n\u0131z\u0131n i\u00e7 mek\u00e2n\u0131n\u0131 bu t\u00fcr hasarlardan korur. Bu \u00f6zellik, yaln\u0131zca ara\u00e7 i\u00e7inin serin kalmas\u0131n\u0131 sa\u011flamakla kalmaz, ayn\u0131 zamanda arac\u0131n\u0131z\u0131n \u00f6mr\u00fcn\u00fc de uzat\u0131r&#8230;.<\/p>\n","protected":false},"featured_media":110302,"comment_status":"open","ping_status":"closed","template":"","meta":{"_kad_post_transparent":"","_kad_post_title":"","_kad_post_layout":"","_kad_post_sidebar_id":"","_kad_post_content_style":"","_kad_post_vertical_padding":"","_kad_post_feature":"","_kad_post_feature_position":"","_kad_post_header":false,"_kad_post_footer":false,"_kad_post_classname":""},"product_brand":[],"product_cat":[14921],"product_tag":[],"class_list":{"0":"post-110303","1":"product","2":"type-product","3":"status-publish","4":"has-post-thumbnail","6":"product_cat-oto-guneslik-perde-oto-guneslik-perde-2","8":"first","9":"instock","10":"purchasable","11":"product-type-simple","12":"entry","13":"content-bg","14":"loop-entry"},"_links":{"self":[{"href":"https:\/\/www.hediyepazar.com\/index.php?rest_route=\/wp\/v2\/product\/110303","targetHints":{"allow":["GET"]}}],"collection":[{"href":"https:\/\/www.hediyepazar.com\/index.php?rest_route=\/wp\/v2\/product"}],"about":[{"href":"https:\/\/www.hediyepazar.com\/index.php?rest_route=\/wp\/v2\/types\/product"}],"replies":[{"embeddable":true,"href":"https:\/\/www.hediyepazar.com\/index.php?rest_route=%2Fwp%2Fv2%2Fcomments&post=110303"}],"wp:featuredmedia":[{"embeddable":true,"href":"https:\/\/www.hediyepazar.com\/index.php?rest_route=\/wp\/v2\/media\/110302"}],"wp:attachment":[{"href":"https:\/\/www.hediyepazar.com\/index.php?rest_route=%2Fwp%2Fv2%2Fmedia&parent=110303"}],"wp:term":[{"taxonomy":"product_brand","embeddable":true,"href":"https:\/\/www.hediyepazar.com\/index.php?rest_route=%2Fwp%2Fv2%2Fproduct_brand&post=110303"},{"taxonomy":"product_cat","embeddable":true,"href":"https:\/\/www.hediyepazar.com\/index.php?rest_route=%2Fwp%2Fv2%2Fproduct_cat&post=110303"},{"taxonomy":"product_tag","embeddable":true,"href":"https:\/\/www.hediyepazar.com\/index.php?rest_route=%2Fwp%2Fv2%2Fproduct_tag&post=110303"}],"curies":[{"name":"wp","href":"https:\/\/api.w.org\/{rel}","templated":true}]}}