{"id":110311,"date":"2026-05-05T04:23:17","date_gmt":"2026-05-05T07:23:17","guid":{"rendered":"https:\/\/www.hediyepazar.com\/?product=akilli-saat-metal-kordonlu-gps-ve-nfc-uyumlu-arama-cevaplayan"},"modified":"2026-05-05T04:23:17","modified_gmt":"2026-05-05T07:23:17","slug":"akilli-saat-metal-kordonlu-gps-ve-nfc-uyumlu-arama-cevaplayan","status":"publish","type":"product","link":"https:\/\/www.hediyepazar.com\/?product=akilli-saat-metal-kordonlu-gps-ve-nfc-uyumlu-arama-cevaplayan","title":{"rendered":"Ak\u0131ll\u0131 Saat Metal Kordonlu GPS ve NFC Uyumlu Arama Cevaplayan"},"content":{"rendered":"<p>Bu ak\u0131ll\u0131 saat, g\u00fcnl\u00fck aktivitelerinizi detayl\u0131 bir \u015fekilde izlemenize yard\u0131mc\u0131 olan entegre ad\u0131msayar \u00f6zelli\u011fiyle donat\u0131lm\u0131\u015ft\u0131r. G\u00fcnde ka\u00e7 ad\u0131m att\u0131\u011f\u0131n\u0131z\u0131, kat edilen mesafeyi ve harcad\u0131\u011f\u0131n\u0131z kaloriyi \u00f6l\u00e7erek hareketlerinizi kaydeder. Sa\u011fl\u0131kl\u0131 ya\u015fam hedeflerinize ula\u015fmak i\u00e7in g\u00fcnl\u00fck aktivite seviyenizi art\u0131rman\u0131z gerekti\u011finde sizi bilgilendirir ve motive eder. Spor yapmay\u0131 bir al\u0131\u015fkanl\u0131k haline getirmek isteyenler i\u00e7in etkili bir rehber olan ad\u0131msayar, spor aktivitelerinizi daha verimli hale getirir. Bu \u00f6zellik, y\u00fcr\u00fcy\u00fc\u015f yaparken, ko\u015farken veya sadece g\u00fcnl\u00fck i\u015flerinizi hallederken bile fiziksel durumunuzu anlaman\u0131z\u0131 ve optimize etmenizi sa\u011flar. Ad\u0131mlar\u0131n\u0131z\u0131 d\u00fczenli olarak takip ederek, sa\u011fl\u0131k hedeflerinize ula\u015fman\u0131zda destek sa\u011flar ve daha aktif bir ya\u015fam tarz\u0131n\u0131 te\u015fvik eder. Ayr\u0131ca, bu verileri analiz ederek ilerlemenizi daha iyi de\u011ferlendirmenize ve sa\u011fl\u0131kl\u0131 al\u0131\u015fkanl\u0131klar geli\u015ftirmenize olanak tan\u0131r.<\/p>\n","protected":false},"excerpt":{"rendered":"<p>Bu ak\u0131ll\u0131 saat, g\u00fcnl\u00fck aktivitelerinizi detayl\u0131 bir \u015fekilde izlemenize yard\u0131mc\u0131 olan entegre ad\u0131msayar \u00f6zelli\u011fiyle donat\u0131lm\u0131\u015ft\u0131r. G\u00fcnde ka\u00e7 ad\u0131m att\u0131\u011f\u0131n\u0131z\u0131, kat edilen mesafeyi ve harcad\u0131\u011f\u0131n\u0131z kaloriyi \u00f6l\u00e7erek hareketlerinizi kaydeder. Sa\u011fl\u0131kl\u0131 ya\u015fam hedeflerinize ula\u015fmak i\u00e7in g\u00fcnl\u00fck aktivite seviyenizi art\u0131rman\u0131z gerekti\u011finde sizi bilgilendirir ve motive eder. Spor yapmay\u0131 bir al\u0131\u015fkanl\u0131k haline getirmek isteyenler i\u00e7in etkili bir rehber olan&#8230;<\/p>\n","protected":false},"featured_media":110310,"comment_status":"open","ping_status":"closed","template":"","meta":{"_kad_post_transparent":"","_kad_post_title":"","_kad_post_layout":"","_kad_post_sidebar_id":"","_kad_post_content_style":"","_kad_post_vertical_padding":"","_kad_post_feature":"","_kad_post_feature_position":"","_kad_post_header":false,"_kad_post_footer":false,"_kad_post_classname":""},"product_brand":[],"product_cat":[14935],"product_tag":[],"class_list":{"0":"post-110311","1":"product","2":"type-product","3":"status-publish","4":"has-post-thumbnail","6":"product_cat-akilli-saatler-akilli-saatler","8":"first","9":"instock","10":"purchasable","11":"product-type-simple","12":"entry","13":"content-bg","14":"loop-entry"},"_links":{"self":[{"href":"https:\/\/www.hediyepazar.com\/index.php?rest_route=\/wp\/v2\/product\/110311","targetHints":{"allow":["GET"]}}],"collection":[{"href":"https:\/\/www.hediyepazar.com\/index.php?rest_route=\/wp\/v2\/product"}],"about":[{"href":"https:\/\/www.hediyepazar.com\/index.php?rest_route=\/wp\/v2\/types\/product"}],"replies":[{"embeddable":true,"href":"https:\/\/www.hediyepazar.com\/index.php?rest_route=%2Fwp%2Fv2%2Fcomments&post=110311"}],"wp:featuredmedia":[{"embeddable":true,"href":"https:\/\/www.hediyepazar.com\/index.php?rest_route=\/wp\/v2\/media\/110310"}],"wp:attachment":[{"href":"https:\/\/www.hediyepazar.com\/index.php?rest_route=%2Fwp%2Fv2%2Fmedia&parent=110311"}],"wp:term":[{"taxonomy":"product_brand","embeddable":true,"href":"https:\/\/www.hediyepazar.com\/index.php?rest_route=%2Fwp%2Fv2%2Fproduct_brand&post=110311"},{"taxonomy":"product_cat","embeddable":true,"href":"https:\/\/www.hediyepazar.com\/index.php?rest_route=%2Fwp%2Fv2%2Fproduct_cat&post=110311"},{"taxonomy":"product_tag","embeddable":true,"href":"https:\/\/www.hediyepazar.com\/index.php?rest_route=%2Fwp%2Fv2%2Fproduct_tag&post=110311"}],"curies":[{"name":"wp","href":"https:\/\/api.w.org\/{rel}","templated":true}]}}