{"id":110323,"date":"2026-05-05T04:24:58","date_gmt":"2026-05-05T07:24:58","guid":{"rendered":"https:\/\/www.hediyepazar.com\/?product=android-uyumlu-akilli-bluetooth-hoparlor-kablosuz-sarj-cihazi-standi"},"modified":"2026-05-05T04:24:58","modified_gmt":"2026-05-05T07:24:58","slug":"android-uyumlu-akilli-bluetooth-hoparlor-kablosuz-sarj-cihazi-standi","status":"publish","type":"product","link":"https:\/\/www.hediyepazar.com\/?product=android-uyumlu-akilli-bluetooth-hoparlor-kablosuz-sarj-cihazi-standi","title":{"rendered":"Android Uyumlu Ak\u0131ll\u0131 Bluetooth Hoparl\u00f6r Kablosuz \u015earj Cihaz\u0131 Stand\u0131"},"content":{"rendered":"<p>Kablosuz \u015earj \u00d6zellikli Bluetooth Hoparl\u00f6r Gece Lambas\u0131, \u015f\u0131k tasar\u0131m\u0131 ve birden fazla i\u015flevi bir arada sunarak modern ya\u015fam tarz\u0131n\u0131za m\u00fckemmel bir uyum sa\u011flar. Bu cihaz, y\u00fcksek kaliteli LED gece lambas\u0131 \u00f6zelli\u011fi ile ortam\u0131n\u0131za s\u0131cak beyaz \u0131\u015f\u0131ktan renkli RGB ayd\u0131nlatmalara kadar farkl\u0131 \u0131\u015f\u0131k se\u00e7enekleri sunar. Ayarlanabilir parlakl\u0131k ayarlar\u0131 sayesinde hem bir \u00e7al\u0131\u015fma lambas\u0131 hem de dinlendirici bir gece lambas\u0131 olarak kullan\u0131labilir. Kompakt boyutlar\u0131 ve hafif yap\u0131s\u0131 ile kolay ta\u015f\u0131nabilir olan bu \u00fcr\u00fcn, yaln\u0131zca evde de\u011fil, ofiste veya seyahatlerde de kullan\u0131labilir. Evinize stil ve i\u015flevsellik katmakla kalmaz, ayn\u0131 zamanda ba\u015fucu arkada\u015f\u0131 olarak g\u00fcnl\u00fck hayat\u0131n\u0131z\u0131 kolayla\u015ft\u0131r\u0131r.<\/p>\n","protected":false},"excerpt":{"rendered":"<p>Kablosuz \u015earj \u00d6zellikli Bluetooth Hoparl\u00f6r Gece Lambas\u0131, \u015f\u0131k tasar\u0131m\u0131 ve birden fazla i\u015flevi bir arada sunarak modern ya\u015fam tarz\u0131n\u0131za m\u00fckemmel bir uyum sa\u011flar. Bu cihaz, y\u00fcksek kaliteli LED gece lambas\u0131 \u00f6zelli\u011fi ile ortam\u0131n\u0131za s\u0131cak beyaz \u0131\u015f\u0131ktan renkli RGB ayd\u0131nlatmalara kadar farkl\u0131 \u0131\u015f\u0131k se\u00e7enekleri sunar. Ayarlanabilir parlakl\u0131k ayarlar\u0131 sayesinde hem bir \u00e7al\u0131\u015fma lambas\u0131 hem de dinlendirici&#8230;<\/p>\n","protected":false},"featured_media":110322,"comment_status":"open","ping_status":"closed","template":"","meta":{"_kad_post_transparent":"","_kad_post_title":"","_kad_post_layout":"","_kad_post_sidebar_id":"","_kad_post_content_style":"","_kad_post_vertical_padding":"","_kad_post_feature":"","_kad_post_feature_position":"","_kad_post_header":false,"_kad_post_footer":false,"_kad_post_classname":""},"product_brand":[],"product_cat":[14911],"product_tag":[],"class_list":{"0":"post-110323","1":"product","2":"type-product","3":"status-publish","4":"has-post-thumbnail","6":"product_cat-kablosuz-hoparlor-kablosuz-hoparlor","8":"first","9":"instock","10":"purchasable","11":"product-type-simple","12":"entry","13":"content-bg","14":"loop-entry"},"_links":{"self":[{"href":"https:\/\/www.hediyepazar.com\/index.php?rest_route=\/wp\/v2\/product\/110323","targetHints":{"allow":["GET"]}}],"collection":[{"href":"https:\/\/www.hediyepazar.com\/index.php?rest_route=\/wp\/v2\/product"}],"about":[{"href":"https:\/\/www.hediyepazar.com\/index.php?rest_route=\/wp\/v2\/types\/product"}],"replies":[{"embeddable":true,"href":"https:\/\/www.hediyepazar.com\/index.php?rest_route=%2Fwp%2Fv2%2Fcomments&post=110323"}],"wp:featuredmedia":[{"embeddable":true,"href":"https:\/\/www.hediyepazar.com\/index.php?rest_route=\/wp\/v2\/media\/110322"}],"wp:attachment":[{"href":"https:\/\/www.hediyepazar.com\/index.php?rest_route=%2Fwp%2Fv2%2Fmedia&parent=110323"}],"wp:term":[{"taxonomy":"product_brand","embeddable":true,"href":"https:\/\/www.hediyepazar.com\/index.php?rest_route=%2Fwp%2Fv2%2Fproduct_brand&post=110323"},{"taxonomy":"product_cat","embeddable":true,"href":"https:\/\/www.hediyepazar.com\/index.php?rest_route=%2Fwp%2Fv2%2Fproduct_cat&post=110323"},{"taxonomy":"product_tag","embeddable":true,"href":"https:\/\/www.hediyepazar.com\/index.php?rest_route=%2Fwp%2Fv2%2Fproduct_tag&post=110323"}],"curies":[{"name":"wp","href":"https:\/\/api.w.org\/{rel}","templated":true}]}}