{"id":110325,"date":"2026-05-05T04:25:05","date_gmt":"2026-05-05T07:25:05","guid":{"rendered":"https:\/\/www.hediyepazar.com\/?product=ultrosonik-buharli-hava-temizleyici-hava-nemlendirici-tasinabilir"},"modified":"2026-05-05T04:25:05","modified_gmt":"2026-05-05T07:25:05","slug":"ultrosonik-buharli-hava-temizleyici-hava-nemlendirici-tasinabilir","status":"publish","type":"product","link":"https:\/\/www.hediyepazar.com\/?product=ultrosonik-buharli-hava-temizleyici-hava-nemlendirici-tasinabilir","title":{"rendered":"Ultrosonik Buharl\u0131 Hava Temizleyici Hava Nemlendirici Ta\u015f\u0131nabilir"},"content":{"rendered":"<p>Bu \u00fcr\u00fcn, kullan\u0131c\u0131ya en iyi deneyimi sunmak i\u00e7in detayl\u0131 kalite kontrol ve test s\u00fcre\u00e7lerinden ge\u00e7irilmi\u015ftir. \u00c7al\u0131\u015fmayan veya kusurlu par\u00e7alar\u0131 olan cihazlar asla g\u00f6nderilmez. \u00d6zenle paketlenen \u00fcr\u00fcn, g\u00fcvenli bir \u015fekilde teslim edilir. Ancak, keyfi nedenlerle yap\u0131lan iade talepleri kabul edilmemektedir. \u00dcr\u00fcn\u00fcn \u015farjl\u0131 bir model olmad\u0131\u011f\u0131n\u0131 ve s\u00fcrekli bir g\u00fc\u00e7 kayna\u011f\u0131na ba\u011fl\u0131 olarak \u00e7al\u0131\u015ft\u0131\u011f\u0131n\u0131 unutmamak \u00f6nemlidir. Ayr\u0131ca, \u0131\u015f\u0131k ve ekran farkl\u0131l\u0131klar\u0131ndan kaynaklanan ufak renk de\u011fi\u015fimleri ya\u015fanabilir, ancak bu durum \u00fcr\u00fcn\u00fcn kalitesini veya performans\u0131n\u0131 etkilemez. G\u00fcvenilir yap\u0131s\u0131 ve dayan\u0131kl\u0131l\u0131\u011f\u0131 sayesinde bu nemlendirici, uzun y\u0131llar boyunca kullan\u0131m\u0131n\u0131za e\u015flik eder.<\/p>\n","protected":false},"excerpt":{"rendered":"<p>Bu \u00fcr\u00fcn, kullan\u0131c\u0131ya en iyi deneyimi sunmak i\u00e7in detayl\u0131 kalite kontrol ve test s\u00fcre\u00e7lerinden ge\u00e7irilmi\u015ftir. \u00c7al\u0131\u015fmayan veya kusurlu par\u00e7alar\u0131 olan cihazlar asla g\u00f6nderilmez. \u00d6zenle paketlenen \u00fcr\u00fcn, g\u00fcvenli bir \u015fekilde teslim edilir. Ancak, keyfi nedenlerle yap\u0131lan iade talepleri kabul edilmemektedir. \u00dcr\u00fcn\u00fcn \u015farjl\u0131 bir model olmad\u0131\u011f\u0131n\u0131 ve s\u00fcrekli bir g\u00fc\u00e7 kayna\u011f\u0131na ba\u011fl\u0131 olarak \u00e7al\u0131\u015ft\u0131\u011f\u0131n\u0131 unutmamak \u00f6nemlidir. Ayr\u0131ca,&#8230;<\/p>\n","protected":false},"featured_media":110324,"comment_status":"open","ping_status":"closed","template":"","meta":{"_kad_post_transparent":"","_kad_post_title":"","_kad_post_layout":"","_kad_post_sidebar_id":"","_kad_post_content_style":"","_kad_post_vertical_padding":"","_kad_post_feature":"","_kad_post_feature_position":"","_kad_post_header":false,"_kad_post_footer":false,"_kad_post_classname":""},"product_brand":[],"product_cat":[14965],"product_tag":[],"class_list":{"0":"post-110325","1":"product","2":"type-product","3":"status-publish","4":"has-post-thumbnail","6":"product_cat-hava-nemlendirici-hava-nemlendirici","8":"first","9":"instock","10":"purchasable","11":"product-type-simple","12":"entry","13":"content-bg","14":"loop-entry"},"_links":{"self":[{"href":"https:\/\/www.hediyepazar.com\/index.php?rest_route=\/wp\/v2\/product\/110325","targetHints":{"allow":["GET"]}}],"collection":[{"href":"https:\/\/www.hediyepazar.com\/index.php?rest_route=\/wp\/v2\/product"}],"about":[{"href":"https:\/\/www.hediyepazar.com\/index.php?rest_route=\/wp\/v2\/types\/product"}],"replies":[{"embeddable":true,"href":"https:\/\/www.hediyepazar.com\/index.php?rest_route=%2Fwp%2Fv2%2Fcomments&post=110325"}],"wp:featuredmedia":[{"embeddable":true,"href":"https:\/\/www.hediyepazar.com\/index.php?rest_route=\/wp\/v2\/media\/110324"}],"wp:attachment":[{"href":"https:\/\/www.hediyepazar.com\/index.php?rest_route=%2Fwp%2Fv2%2Fmedia&parent=110325"}],"wp:term":[{"taxonomy":"product_brand","embeddable":true,"href":"https:\/\/www.hediyepazar.com\/index.php?rest_route=%2Fwp%2Fv2%2Fproduct_brand&post=110325"},{"taxonomy":"product_cat","embeddable":true,"href":"https:\/\/www.hediyepazar.com\/index.php?rest_route=%2Fwp%2Fv2%2Fproduct_cat&post=110325"},{"taxonomy":"product_tag","embeddable":true,"href":"https:\/\/www.hediyepazar.com\/index.php?rest_route=%2Fwp%2Fv2%2Fproduct_tag&post=110325"}],"curies":[{"name":"wp","href":"https:\/\/api.w.org\/{rel}","templated":true}]}}