{"id":110329,"date":"2026-05-05T04:25:19","date_gmt":"2026-05-05T07:25:19","guid":{"rendered":"https:\/\/www.hediyepazar.com\/?product=hava-nemlendirici-ultrasonik-mini-hava-temizleyici-aromaterapi"},"modified":"2026-05-05T04:25:19","modified_gmt":"2026-05-05T07:25:19","slug":"hava-nemlendirici-ultrasonik-mini-hava-temizleyici-aromaterapi","status":"publish","type":"product","link":"https:\/\/www.hediyepazar.com\/?product=hava-nemlendirici-ultrasonik-mini-hava-temizleyici-aromaterapi","title":{"rendered":"Hava Nemlendirici Ultrasonik Mini Hava Temizleyici Aromaterapi"},"content":{"rendered":"<p>Bu nemlendirici, kullan\u0131c\u0131 dostu tasar\u0131m\u0131 sayesinde basit bir kullan\u0131m deneyimi sunar. Cihaz\u0131 kullanmaya ba\u015flamak i\u00e7in \u00f6ncelikle kapa\u011f\u0131n\u0131 \u00e7evirerek yukar\u0131 kald\u0131r\u0131n ve haznesine temiz su doldurun. USB g\u00fc\u00e7 kablosunu cihaz\u0131n ba\u011flant\u0131 noktas\u0131na takarak bir g\u00fc\u00e7 kayna\u011f\u0131na ba\u011flay\u0131n. Ard\u0131ndan, cihaz\u0131n \u00fczerindeki tu\u015fa bir kez dokunarak \u00e7al\u0131\u015ft\u0131rabilirsiniz. LED \u0131\u015f\u0131klar\u0131 etkinle\u015ftirmek i\u00e7in tu\u015fa bas\u0131l\u0131 tutman\u0131z yeterlidir. Ayr\u0131ca, p\u00fcsk\u00fcrtme modunu de\u011fi\u015ftirmek i\u00e7in tu\u015fa ikinci kez dokunarak cihaz\u0131 s\u00fcrekli p\u00fcsk\u00fcrtme modundan aral\u0131kl\u0131 p\u00fcsk\u00fcrtme moduna ge\u00e7irebilirsiniz. Basit ad\u0131mlarla kolayca \u00e7al\u0131\u015ft\u0131rabilece\u011finiz bu \u00fcr\u00fcn, ya\u015fam alanlar\u0131n\u0131za konfor katar.<\/p>\n","protected":false},"excerpt":{"rendered":"<p>Bu nemlendirici, kullan\u0131c\u0131 dostu tasar\u0131m\u0131 sayesinde basit bir kullan\u0131m deneyimi sunar. Cihaz\u0131 kullanmaya ba\u015flamak i\u00e7in \u00f6ncelikle kapa\u011f\u0131n\u0131 \u00e7evirerek yukar\u0131 kald\u0131r\u0131n ve haznesine temiz su doldurun. USB g\u00fc\u00e7 kablosunu cihaz\u0131n ba\u011flant\u0131 noktas\u0131na takarak bir g\u00fc\u00e7 kayna\u011f\u0131na ba\u011flay\u0131n. Ard\u0131ndan, cihaz\u0131n \u00fczerindeki tu\u015fa bir kez dokunarak \u00e7al\u0131\u015ft\u0131rabilirsiniz. LED \u0131\u015f\u0131klar\u0131 etkinle\u015ftirmek i\u00e7in tu\u015fa bas\u0131l\u0131 tutman\u0131z yeterlidir. Ayr\u0131ca, p\u00fcsk\u00fcrtme modunu&#8230;<\/p>\n","protected":false},"featured_media":110328,"comment_status":"open","ping_status":"closed","template":"","meta":{"_kad_post_transparent":"","_kad_post_title":"","_kad_post_layout":"","_kad_post_sidebar_id":"","_kad_post_content_style":"","_kad_post_vertical_padding":"","_kad_post_feature":"","_kad_post_feature_position":"","_kad_post_header":false,"_kad_post_footer":false,"_kad_post_classname":""},"product_brand":[],"product_cat":[14965],"product_tag":[],"class_list":{"0":"post-110329","1":"product","2":"type-product","3":"status-publish","4":"has-post-thumbnail","6":"product_cat-hava-nemlendirici-hava-nemlendirici","8":"first","9":"instock","10":"purchasable","11":"product-type-simple","12":"entry","13":"content-bg","14":"loop-entry"},"_links":{"self":[{"href":"https:\/\/www.hediyepazar.com\/index.php?rest_route=\/wp\/v2\/product\/110329","targetHints":{"allow":["GET"]}}],"collection":[{"href":"https:\/\/www.hediyepazar.com\/index.php?rest_route=\/wp\/v2\/product"}],"about":[{"href":"https:\/\/www.hediyepazar.com\/index.php?rest_route=\/wp\/v2\/types\/product"}],"replies":[{"embeddable":true,"href":"https:\/\/www.hediyepazar.com\/index.php?rest_route=%2Fwp%2Fv2%2Fcomments&post=110329"}],"wp:featuredmedia":[{"embeddable":true,"href":"https:\/\/www.hediyepazar.com\/index.php?rest_route=\/wp\/v2\/media\/110328"}],"wp:attachment":[{"href":"https:\/\/www.hediyepazar.com\/index.php?rest_route=%2Fwp%2Fv2%2Fmedia&parent=110329"}],"wp:term":[{"taxonomy":"product_brand","embeddable":true,"href":"https:\/\/www.hediyepazar.com\/index.php?rest_route=%2Fwp%2Fv2%2Fproduct_brand&post=110329"},{"taxonomy":"product_cat","embeddable":true,"href":"https:\/\/www.hediyepazar.com\/index.php?rest_route=%2Fwp%2Fv2%2Fproduct_cat&post=110329"},{"taxonomy":"product_tag","embeddable":true,"href":"https:\/\/www.hediyepazar.com\/index.php?rest_route=%2Fwp%2Fv2%2Fproduct_tag&post=110329"}],"curies":[{"name":"wp","href":"https:\/\/api.w.org\/{rel}","templated":true}]}}