{"id":110333,"date":"2026-05-05T04:27:06","date_gmt":"2026-05-05T07:27:06","guid":{"rendered":"https:\/\/www.hediyepazar.com\/?product=bluetooth-hoparlor-kablosuz-yuksek-ses-kaliteli-sarj-edilebilir"},"modified":"2026-05-05T04:27:06","modified_gmt":"2026-05-05T07:27:06","slug":"bluetooth-hoparlor-kablosuz-yuksek-ses-kaliteli-sarj-edilebilir","status":"publish","type":"product","link":"https:\/\/www.hediyepazar.com\/?product=bluetooth-hoparlor-kablosuz-yuksek-ses-kaliteli-sarj-edilebilir","title":{"rendered":"Bluetooth Hoparl\u00f6r Kablosuz Y\u00fcksek Ses Kaliteli \u015earj Edilebilir"},"content":{"rendered":"<p>Dayan\u0131kl\u0131 Tasar\u0131m ve Su Ge\u00e7irmezlikFlip6 Max, IP67 sertifikas\u0131 ile zorlu \u00e7evre ko\u015fullar\u0131na dayan\u0131kl\u0131l\u0131\u011f\u0131n\u0131 kan\u0131tlar. Bu sertifika, cihaz\u0131n tamamen suya ve toza kar\u015f\u0131 korumal\u0131 oldu\u011funu g\u00f6sterir. D\u0131\u015f mekan aktivitelerinde ya\u011fmur, \u00e7amur veya toz gibi \u00e7evresel etkilerden etkilenmeden kullan\u0131labilir. Plajda, havuz kenar\u0131nda veya kamp yaparken g\u00fcvenle yan\u0131n\u0131zda ta\u015f\u0131yabilirsiniz. Suya d\u00fc\u015fse bile \u00e7al\u0131\u015fmaya devam eden bu hoparl\u00f6r, dayan\u0131kl\u0131l\u0131\u011f\u0131 ile macera severlerin vazge\u00e7ilmez ekipmanlar\u0131ndan biri olur. \u00c7etin do\u011fa ko\u015fullar\u0131nda bile m\u00fczik keyfinizden \u00f6d\u00fcn vermemenizi sa\u011flar.Uzun S\u00fcreli Kullan\u0131m \u0130\u00e7in G\u00fc\u00e7l\u00fc BataryaFlip6 Max, uzun s\u00fcre dayan\u0131kl\u0131 bir batarya ile donat\u0131lm\u0131\u015ft\u0131r. \u015earj edilebilir bataryas\u0131, kesintisiz m\u00fczik keyfi sunarak e\u011flencenizi yar\u0131da b\u0131rakmaz. Bir kez tam \u015farj edildi\u011finde, saatlerce y\u00fcksek ses kalitesinde m\u00fczik \u00e7alabilir. Bu \u00f6zelli\u011fiyle hem ev kullan\u0131m\u0131 hem de d\u0131\u015f mekan aktiviteleri i\u00e7in idealdir. G\u00fc\u00e7 tasarruflu Bluetooth 5.1 teknolojisiyle birle\u015fen bu batarya, enerjiyi verimli bir \u015fekilde kullanarak daha uzun oynatma s\u00fcresi sunar. Kamp, piknik veya uzun seyahatler s\u0131ras\u0131nda bir enerji kayna\u011f\u0131na ihtiya\u00e7 duymadan keyifle kullanabilirsiniz.<\/p>\n","protected":false},"excerpt":{"rendered":"<p>Dayan\u0131kl\u0131 Tasar\u0131m ve Su Ge\u00e7irmezlikFlip6 Max, IP67 sertifikas\u0131 ile zorlu \u00e7evre ko\u015fullar\u0131na dayan\u0131kl\u0131l\u0131\u011f\u0131n\u0131 kan\u0131tlar. Bu sertifika, cihaz\u0131n tamamen suya ve toza kar\u015f\u0131 korumal\u0131 oldu\u011funu g\u00f6sterir. D\u0131\u015f mekan aktivitelerinde ya\u011fmur, \u00e7amur veya toz gibi \u00e7evresel etkilerden etkilenmeden kullan\u0131labilir. Plajda, havuz kenar\u0131nda veya kamp yaparken g\u00fcvenle yan\u0131n\u0131zda ta\u015f\u0131yabilirsiniz. Suya d\u00fc\u015fse bile \u00e7al\u0131\u015fmaya devam eden bu hoparl\u00f6r, dayan\u0131kl\u0131l\u0131\u011f\u0131&#8230;<\/p>\n","protected":false},"featured_media":110332,"comment_status":"open","ping_status":"closed","template":"","meta":{"_kad_post_transparent":"","_kad_post_title":"","_kad_post_layout":"","_kad_post_sidebar_id":"","_kad_post_content_style":"","_kad_post_vertical_padding":"","_kad_post_feature":"","_kad_post_feature_position":"","_kad_post_header":false,"_kad_post_footer":false,"_kad_post_classname":""},"product_brand":[],"product_cat":[14911],"product_tag":[],"class_list":{"0":"post-110333","1":"product","2":"type-product","3":"status-publish","4":"has-post-thumbnail","6":"product_cat-kablosuz-hoparlor-kablosuz-hoparlor","8":"first","9":"instock","10":"purchasable","11":"product-type-simple","12":"entry","13":"content-bg","14":"loop-entry"},"_links":{"self":[{"href":"https:\/\/www.hediyepazar.com\/index.php?rest_route=\/wp\/v2\/product\/110333","targetHints":{"allow":["GET"]}}],"collection":[{"href":"https:\/\/www.hediyepazar.com\/index.php?rest_route=\/wp\/v2\/product"}],"about":[{"href":"https:\/\/www.hediyepazar.com\/index.php?rest_route=\/wp\/v2\/types\/product"}],"replies":[{"embeddable":true,"href":"https:\/\/www.hediyepazar.com\/index.php?rest_route=%2Fwp%2Fv2%2Fcomments&post=110333"}],"wp:featuredmedia":[{"embeddable":true,"href":"https:\/\/www.hediyepazar.com\/index.php?rest_route=\/wp\/v2\/media\/110332"}],"wp:attachment":[{"href":"https:\/\/www.hediyepazar.com\/index.php?rest_route=%2Fwp%2Fv2%2Fmedia&parent=110333"}],"wp:term":[{"taxonomy":"product_brand","embeddable":true,"href":"https:\/\/www.hediyepazar.com\/index.php?rest_route=%2Fwp%2Fv2%2Fproduct_brand&post=110333"},{"taxonomy":"product_cat","embeddable":true,"href":"https:\/\/www.hediyepazar.com\/index.php?rest_route=%2Fwp%2Fv2%2Fproduct_cat&post=110333"},{"taxonomy":"product_tag","embeddable":true,"href":"https:\/\/www.hediyepazar.com\/index.php?rest_route=%2Fwp%2Fv2%2Fproduct_tag&post=110333"}],"curies":[{"name":"wp","href":"https:\/\/api.w.org\/{rel}","templated":true}]}}