{"id":110335,"date":"2026-05-05T04:27:12","date_gmt":"2026-05-05T07:27:12","guid":{"rendered":"https:\/\/www.hediyepazar.com\/?product=kablosuz-bluetooth-hoparlor-tasinabilir"},"modified":"2026-05-05T04:27:12","modified_gmt":"2026-05-05T07:27:12","slug":"kablosuz-bluetooth-hoparlor-tasinabilir","status":"publish","type":"product","link":"https:\/\/www.hediyepazar.com\/?product=kablosuz-bluetooth-hoparlor-tasinabilir","title":{"rendered":"Kablosuz Bluetooth Hoparl\u00f6r Ta\u015f\u0131nabilir"},"content":{"rendered":"<p>Bluetooth hoparl\u00f6r, en yeni Bluetooth 5.1 teknolojisi ile donat\u0131lm\u0131\u015ft\u0131r. Bu geli\u015fmi\u015f ba\u011flant\u0131 teknolojisi, cihazlar aras\u0131nda daha h\u0131zl\u0131 ve kararl\u0131 bir ba\u011flant\u0131 sa\u011flar. \u0130ster telefonunuzdan ister tabletinizden, hoparl\u00f6re ba\u011flanarak m\u00fcziklerinizi kesintisiz ve y\u00fcksek ses kalitesinde dinleyebilirsiniz. Bluetooth 5.1\u2019in sundu\u011fu d\u00fc\u015f\u00fck enerji t\u00fcketimi sayesinde batarya \u00f6mr\u00fcnden tasarruf ederek cihaz\u0131 daha uzun s\u00fcre kullanabilirsiniz. Ayr\u0131ca, ba\u011flant\u0131 kesintilerinden endi\u015fe duymadan 10 metreye kadar kablosuz menzil avantaj\u0131 sunar. Modern ba\u011flant\u0131 teknolojisi, hem i\u00e7 hem de d\u0131\u015f mekan kullan\u0131m\u0131nda size en iyi deneyimi sa\u011flar.<\/p>\n","protected":false},"excerpt":{"rendered":"<p>Bluetooth hoparl\u00f6r, en yeni Bluetooth 5.1 teknolojisi ile donat\u0131lm\u0131\u015ft\u0131r. Bu geli\u015fmi\u015f ba\u011flant\u0131 teknolojisi, cihazlar aras\u0131nda daha h\u0131zl\u0131 ve kararl\u0131 bir ba\u011flant\u0131 sa\u011flar. \u0130ster telefonunuzdan ister tabletinizden, hoparl\u00f6re ba\u011flanarak m\u00fcziklerinizi kesintisiz ve y\u00fcksek ses kalitesinde dinleyebilirsiniz. Bluetooth 5.1\u2019in sundu\u011fu d\u00fc\u015f\u00fck enerji t\u00fcketimi sayesinde batarya \u00f6mr\u00fcnden tasarruf ederek cihaz\u0131 daha uzun s\u00fcre kullanabilirsiniz. Ayr\u0131ca, ba\u011flant\u0131 kesintilerinden endi\u015fe&#8230;<\/p>\n","protected":false},"featured_media":110334,"comment_status":"open","ping_status":"closed","template":"","meta":{"_kad_post_transparent":"","_kad_post_title":"","_kad_post_layout":"","_kad_post_sidebar_id":"","_kad_post_content_style":"","_kad_post_vertical_padding":"","_kad_post_feature":"","_kad_post_feature_position":"","_kad_post_header":false,"_kad_post_footer":false,"_kad_post_classname":""},"product_brand":[],"product_cat":[14911],"product_tag":[],"class_list":{"0":"post-110335","1":"product","2":"type-product","3":"status-publish","4":"has-post-thumbnail","6":"product_cat-kablosuz-hoparlor-kablosuz-hoparlor","8":"first","9":"instock","10":"purchasable","11":"product-type-simple","12":"entry","13":"content-bg","14":"loop-entry"},"_links":{"self":[{"href":"https:\/\/www.hediyepazar.com\/index.php?rest_route=\/wp\/v2\/product\/110335","targetHints":{"allow":["GET"]}}],"collection":[{"href":"https:\/\/www.hediyepazar.com\/index.php?rest_route=\/wp\/v2\/product"}],"about":[{"href":"https:\/\/www.hediyepazar.com\/index.php?rest_route=\/wp\/v2\/types\/product"}],"replies":[{"embeddable":true,"href":"https:\/\/www.hediyepazar.com\/index.php?rest_route=%2Fwp%2Fv2%2Fcomments&post=110335"}],"wp:featuredmedia":[{"embeddable":true,"href":"https:\/\/www.hediyepazar.com\/index.php?rest_route=\/wp\/v2\/media\/110334"}],"wp:attachment":[{"href":"https:\/\/www.hediyepazar.com\/index.php?rest_route=%2Fwp%2Fv2%2Fmedia&parent=110335"}],"wp:term":[{"taxonomy":"product_brand","embeddable":true,"href":"https:\/\/www.hediyepazar.com\/index.php?rest_route=%2Fwp%2Fv2%2Fproduct_brand&post=110335"},{"taxonomy":"product_cat","embeddable":true,"href":"https:\/\/www.hediyepazar.com\/index.php?rest_route=%2Fwp%2Fv2%2Fproduct_cat&post=110335"},{"taxonomy":"product_tag","embeddable":true,"href":"https:\/\/www.hediyepazar.com\/index.php?rest_route=%2Fwp%2Fv2%2Fproduct_tag&post=110335"}],"curies":[{"name":"wp","href":"https:\/\/api.w.org\/{rel}","templated":true}]}}