{"id":110337,"date":"2026-05-05T04:27:16","date_gmt":"2026-05-05T07:27:16","guid":{"rendered":"https:\/\/www.hediyepazar.com\/?product=aromaterapi-hava-temizleyici-buhar-makinesi-tasinabilir-sarjli"},"modified":"2026-05-05T04:27:16","modified_gmt":"2026-05-05T07:27:16","slug":"aromaterapi-hava-temizleyici-buhar-makinesi-tasinabilir-sarjli","status":"publish","type":"product","link":"https:\/\/www.hediyepazar.com\/?product=aromaterapi-hava-temizleyici-buhar-makinesi-tasinabilir-sarjli","title":{"rendered":"Aromaterapi Hava Temizleyici Buhar Makinesi Ta\u015f\u0131nabilir \u015earjl\u0131"},"content":{"rendered":"<p>hem fonksiyonel hem de estetik bir \u00fcr\u00fcn arayanlar i\u00e7in m\u00fckemmel bir tercihtir. 40 ml\/saat sprey hacmiyle ortam\u0131n havas\u0131n\u0131 h\u0131zl\u0131 ve etkili bir \u015fekilde nemlendirirken, geli\u015fmi\u015f teknolojisiyle sessiz \u00e7al\u0131\u015f\u0131r. Bu sayede rahat bir uyku ortam\u0131 yaratabilir veya yoga gibi huzurlu aktivitelerinizde size e\u015flik edebilir. \u00dcr\u00fcn paketinde yer alan USB kablosu ve pamuk sticker ile kullan\u0131ma hemen ba\u015flayabilirsiniz. 92x92x143 mm\u2019lik paket boyutlar\u0131 ve net 126 g a\u011f\u0131rl\u0131\u011f\u0131 sayesinde kolayca ta\u015f\u0131nabilir. \u015e\u0131k tasar\u0131m\u0131, ta\u015f\u0131nabilirli\u011fi ve geli\u015fmi\u015f \u00f6zellikleriyle bu nemlendirici, g\u00fcnl\u00fck hayat\u0131n\u0131za konfor ve estetik katmak i\u00e7in tasarlanm\u0131\u015ft\u0131r.<\/p>\n","protected":false},"excerpt":{"rendered":"<p>hem fonksiyonel hem de estetik bir \u00fcr\u00fcn arayanlar i\u00e7in m\u00fckemmel bir tercihtir. 40 ml\/saat sprey hacmiyle ortam\u0131n havas\u0131n\u0131 h\u0131zl\u0131 ve etkili bir \u015fekilde nemlendirirken, geli\u015fmi\u015f teknolojisiyle sessiz \u00e7al\u0131\u015f\u0131r. Bu sayede rahat bir uyku ortam\u0131 yaratabilir veya yoga gibi huzurlu aktivitelerinizde size e\u015flik edebilir. \u00dcr\u00fcn paketinde yer alan USB kablosu ve pamuk sticker ile kullan\u0131ma hemen&#8230;<\/p>\n","protected":false},"featured_media":110336,"comment_status":"open","ping_status":"closed","template":"","meta":{"_kad_post_transparent":"","_kad_post_title":"","_kad_post_layout":"","_kad_post_sidebar_id":"","_kad_post_content_style":"","_kad_post_vertical_padding":"","_kad_post_feature":"","_kad_post_feature_position":"","_kad_post_header":false,"_kad_post_footer":false,"_kad_post_classname":""},"product_brand":[],"product_cat":[14965],"product_tag":[],"class_list":{"0":"post-110337","1":"product","2":"type-product","3":"status-publish","4":"has-post-thumbnail","6":"product_cat-hava-nemlendirici-hava-nemlendirici","8":"first","9":"instock","10":"purchasable","11":"product-type-simple","12":"entry","13":"content-bg","14":"loop-entry"},"_links":{"self":[{"href":"https:\/\/www.hediyepazar.com\/index.php?rest_route=\/wp\/v2\/product\/110337","targetHints":{"allow":["GET"]}}],"collection":[{"href":"https:\/\/www.hediyepazar.com\/index.php?rest_route=\/wp\/v2\/product"}],"about":[{"href":"https:\/\/www.hediyepazar.com\/index.php?rest_route=\/wp\/v2\/types\/product"}],"replies":[{"embeddable":true,"href":"https:\/\/www.hediyepazar.com\/index.php?rest_route=%2Fwp%2Fv2%2Fcomments&post=110337"}],"wp:featuredmedia":[{"embeddable":true,"href":"https:\/\/www.hediyepazar.com\/index.php?rest_route=\/wp\/v2\/media\/110336"}],"wp:attachment":[{"href":"https:\/\/www.hediyepazar.com\/index.php?rest_route=%2Fwp%2Fv2%2Fmedia&parent=110337"}],"wp:term":[{"taxonomy":"product_brand","embeddable":true,"href":"https:\/\/www.hediyepazar.com\/index.php?rest_route=%2Fwp%2Fv2%2Fproduct_brand&post=110337"},{"taxonomy":"product_cat","embeddable":true,"href":"https:\/\/www.hediyepazar.com\/index.php?rest_route=%2Fwp%2Fv2%2Fproduct_cat&post=110337"},{"taxonomy":"product_tag","embeddable":true,"href":"https:\/\/www.hediyepazar.com\/index.php?rest_route=%2Fwp%2Fv2%2Fproduct_tag&post=110337"}],"curies":[{"name":"wp","href":"https:\/\/api.w.org\/{rel}","templated":true}]}}