{"id":110341,"date":"2026-05-05T04:27:58","date_gmt":"2026-05-05T07:27:58","guid":{"rendered":"https:\/\/www.hediyepazar.com\/?product=temiz-hava-nemlendirici-tavsanli-aromaterapi"},"modified":"2026-05-05T04:27:58","modified_gmt":"2026-05-05T07:27:58","slug":"temiz-hava-nemlendirici-tavsanli-aromaterapi","status":"publish","type":"product","link":"https:\/\/www.hediyepazar.com\/?product=temiz-hava-nemlendirici-tavsanli-aromaterapi","title":{"rendered":"Temiz Hava Nemlendirici Tav\u015fanl\u0131 Aromaterapi"},"content":{"rendered":"<p>Hava Nemlendirici, bulundu\u011funuz ortam\u0131n havas\u0131n\u0131 temizleyerek daha sa\u011fl\u0131kl\u0131 ve ferah bir atmosfer yarat\u0131r. Saf su kullan\u0131m\u0131 sayesinde kimyasal madde olmadan havay\u0131 nemlendirir ve ar\u0131nd\u0131r\u0131r. Geli\u015fmi\u015f ultrasonik buharla\u015ft\u0131r\u0131c\u0131 dif\u00fczyon teknolojisi ile sessizce \u00e7al\u0131\u015farak yat\u0131\u015ft\u0131r\u0131c\u0131 ve huzurlu bir sis yayar. Bu \u00f6zellikleri sayesinde bebek odalar\u0131ndan yoga odalar\u0131na, ofislerden arabalara kadar bir\u00e7ok ortamda kullan\u0131labilir. \u00d6zellikle hassas hava ko\u015fullar\u0131na ihtiya\u00e7 duyulan alanlar i\u00e7in ideal bir \u00e7\u00f6z\u00fcm sunar. \u00dcr\u00fcn, hem pratik hem de sa\u011fl\u0131kl\u0131 bir hava nemlendirme deneyimi sa\u011flar.<\/p>\n","protected":false},"excerpt":{"rendered":"<p>Hava Nemlendirici, bulundu\u011funuz ortam\u0131n havas\u0131n\u0131 temizleyerek daha sa\u011fl\u0131kl\u0131 ve ferah bir atmosfer yarat\u0131r. Saf su kullan\u0131m\u0131 sayesinde kimyasal madde olmadan havay\u0131 nemlendirir ve ar\u0131nd\u0131r\u0131r. Geli\u015fmi\u015f ultrasonik buharla\u015ft\u0131r\u0131c\u0131 dif\u00fczyon teknolojisi ile sessizce \u00e7al\u0131\u015farak yat\u0131\u015ft\u0131r\u0131c\u0131 ve huzurlu bir sis yayar. Bu \u00f6zellikleri sayesinde bebek odalar\u0131ndan yoga odalar\u0131na, ofislerden arabalara kadar bir\u00e7ok ortamda kullan\u0131labilir. \u00d6zellikle hassas hava ko\u015fullar\u0131na&#8230;<\/p>\n","protected":false},"featured_media":110340,"comment_status":"open","ping_status":"closed","template":"","meta":{"_kad_post_transparent":"","_kad_post_title":"","_kad_post_layout":"","_kad_post_sidebar_id":"","_kad_post_content_style":"","_kad_post_vertical_padding":"","_kad_post_feature":"","_kad_post_feature_position":"","_kad_post_header":false,"_kad_post_footer":false,"_kad_post_classname":""},"product_brand":[],"product_cat":[14965],"product_tag":[],"class_list":{"0":"post-110341","1":"product","2":"type-product","3":"status-publish","4":"has-post-thumbnail","6":"product_cat-hava-nemlendirici-hava-nemlendirici","8":"first","9":"instock","10":"purchasable","11":"product-type-simple","12":"entry","13":"content-bg","14":"loop-entry"},"_links":{"self":[{"href":"https:\/\/www.hediyepazar.com\/index.php?rest_route=\/wp\/v2\/product\/110341","targetHints":{"allow":["GET"]}}],"collection":[{"href":"https:\/\/www.hediyepazar.com\/index.php?rest_route=\/wp\/v2\/product"}],"about":[{"href":"https:\/\/www.hediyepazar.com\/index.php?rest_route=\/wp\/v2\/types\/product"}],"replies":[{"embeddable":true,"href":"https:\/\/www.hediyepazar.com\/index.php?rest_route=%2Fwp%2Fv2%2Fcomments&post=110341"}],"wp:featuredmedia":[{"embeddable":true,"href":"https:\/\/www.hediyepazar.com\/index.php?rest_route=\/wp\/v2\/media\/110340"}],"wp:attachment":[{"href":"https:\/\/www.hediyepazar.com\/index.php?rest_route=%2Fwp%2Fv2%2Fmedia&parent=110341"}],"wp:term":[{"taxonomy":"product_brand","embeddable":true,"href":"https:\/\/www.hediyepazar.com\/index.php?rest_route=%2Fwp%2Fv2%2Fproduct_brand&post=110341"},{"taxonomy":"product_cat","embeddable":true,"href":"https:\/\/www.hediyepazar.com\/index.php?rest_route=%2Fwp%2Fv2%2Fproduct_cat&post=110341"},{"taxonomy":"product_tag","embeddable":true,"href":"https:\/\/www.hediyepazar.com\/index.php?rest_route=%2Fwp%2Fv2%2Fproduct_tag&post=110341"}],"curies":[{"name":"wp","href":"https:\/\/api.w.org\/{rel}","templated":true}]}}