{"id":110345,"date":"2026-05-05T04:28:08","date_gmt":"2026-05-05T07:28:08","guid":{"rendered":"https:\/\/www.hediyepazar.com\/?product=kask-kulaklik-bluetooth-motosiklet-kulaklik-intercom-su-gecirmez"},"modified":"2026-05-05T04:28:08","modified_gmt":"2026-05-05T07:28:08","slug":"kask-kulaklik-bluetooth-motosiklet-kulaklik-intercom-su-gecirmez","status":"publish","type":"product","link":"https:\/\/www.hediyepazar.com\/?product=kask-kulaklik-bluetooth-motosiklet-kulaklik-intercom-su-gecirmez","title":{"rendered":"Kask Kulakl\u0131k Bluetooth Motosiklet Kulakl\u0131k Intercom Su Ge\u00e7irmez"},"content":{"rendered":"<p>BT22 Kask Bluetooth Kulakl\u0131k 5.0, son teknoloji Bluetooth 5.0 + EDR ile donat\u0131lm\u0131\u015ft\u0131r. Bu teknoloji, daha h\u0131zl\u0131 cihaz e\u015fle\u015fmesi, geni\u015f ba\u011flant\u0131 menzili ve d\u00fc\u015f\u00fck enerji t\u00fcketimi sunar. Su ge\u00e7irmez yap\u0131s\u0131 sayesinde motosiklet s\u00fcr\u00fc\u015flerinizde ya\u011fmurdan etkilenmeden kullanabilirsiniz. Eller serbest moduyla telefon \u00e7a\u011fr\u0131lar\u0131n\u0131 kolayca cevaplayabilir, m\u00fczi\u011finizi kontrol edebilir ve intercom \u00f6zelli\u011fini aktif hale getirebilirsiniz. Dahili \u015farj edilebilir batarya, uzun bekleme s\u00fcresi ve \u00e7al\u0131\u015fma s\u00fcresi sunarak yolculuklar\u0131n\u0131zda sizi yar\u0131 yolda b\u0131rakmaz.Kulakl\u0131k ayn\u0131 zamanda iOS ve Android sistemlerini destekler. Siri veya Android sesli asistan fonksiyonlar\u0131yla sesli komutlar\u0131 kullanarak cihaz\u0131n\u0131z\u0131 kolayca kontrol edebilirsiniz. Dahili mikrofon, y\u00fcksek kaliteli ses efektleri sa\u011flar ve arka plan g\u00fcr\u00fclt\u00fcs\u00fcn\u00fc etkili bir \u015fekilde azalt\u0131r. Ayr\u0131ca, \u015fark\u0131 de\u011fi\u015ftirme, ses kontrol\u00fc, oynatma-duraklatma ve otomatik geri arama gibi bir dizi pratik i\u015flev sunar.<\/p>\n","protected":false},"excerpt":{"rendered":"<p>BT22 Kask Bluetooth Kulakl\u0131k 5.0, son teknoloji Bluetooth 5.0 + EDR ile donat\u0131lm\u0131\u015ft\u0131r. Bu teknoloji, daha h\u0131zl\u0131 cihaz e\u015fle\u015fmesi, geni\u015f ba\u011flant\u0131 menzili ve d\u00fc\u015f\u00fck enerji t\u00fcketimi sunar. Su ge\u00e7irmez yap\u0131s\u0131 sayesinde motosiklet s\u00fcr\u00fc\u015flerinizde ya\u011fmurdan etkilenmeden kullanabilirsiniz. Eller serbest moduyla telefon \u00e7a\u011fr\u0131lar\u0131n\u0131 kolayca cevaplayabilir, m\u00fczi\u011finizi kontrol edebilir ve intercom \u00f6zelli\u011fini aktif hale getirebilirsiniz. Dahili \u015farj edilebilir&#8230;<\/p>\n","protected":false},"featured_media":110344,"comment_status":"open","ping_status":"closed","template":"","meta":{"_kad_post_transparent":"","_kad_post_title":"","_kad_post_layout":"","_kad_post_sidebar_id":"","_kad_post_content_style":"","_kad_post_vertical_padding":"","_kad_post_feature":"","_kad_post_feature_position":"","_kad_post_header":false,"_kad_post_footer":false,"_kad_post_classname":""},"product_brand":[],"product_cat":[15010],"product_tag":[],"class_list":{"0":"post-110345","1":"product","2":"type-product","3":"status-publish","4":"has-post-thumbnail","6":"product_cat-intercom-intercom","8":"first","9":"instock","10":"purchasable","11":"product-type-simple","12":"entry","13":"content-bg","14":"loop-entry"},"_links":{"self":[{"href":"https:\/\/www.hediyepazar.com\/index.php?rest_route=\/wp\/v2\/product\/110345","targetHints":{"allow":["GET"]}}],"collection":[{"href":"https:\/\/www.hediyepazar.com\/index.php?rest_route=\/wp\/v2\/product"}],"about":[{"href":"https:\/\/www.hediyepazar.com\/index.php?rest_route=\/wp\/v2\/types\/product"}],"replies":[{"embeddable":true,"href":"https:\/\/www.hediyepazar.com\/index.php?rest_route=%2Fwp%2Fv2%2Fcomments&post=110345"}],"wp:featuredmedia":[{"embeddable":true,"href":"https:\/\/www.hediyepazar.com\/index.php?rest_route=\/wp\/v2\/media\/110344"}],"wp:attachment":[{"href":"https:\/\/www.hediyepazar.com\/index.php?rest_route=%2Fwp%2Fv2%2Fmedia&parent=110345"}],"wp:term":[{"taxonomy":"product_brand","embeddable":true,"href":"https:\/\/www.hediyepazar.com\/index.php?rest_route=%2Fwp%2Fv2%2Fproduct_brand&post=110345"},{"taxonomy":"product_cat","embeddable":true,"href":"https:\/\/www.hediyepazar.com\/index.php?rest_route=%2Fwp%2Fv2%2Fproduct_cat&post=110345"},{"taxonomy":"product_tag","embeddable":true,"href":"https:\/\/www.hediyepazar.com\/index.php?rest_route=%2Fwp%2Fv2%2Fproduct_tag&post=110345"}],"curies":[{"name":"wp","href":"https:\/\/api.w.org\/{rel}","templated":true}]}}