{"id":110347,"date":"2026-05-05T04:28:14","date_gmt":"2026-05-05T07:28:14","guid":{"rendered":"https:\/\/www.hediyepazar.com\/?product=kask-kulakligi-motosiklet-intercom-interkom-dinleme-konusma-ozellikli-su-gecirmez"},"modified":"2026-05-05T04:28:14","modified_gmt":"2026-05-05T07:28:14","slug":"kask-kulakligi-motosiklet-intercom-interkom-dinleme-konusma-ozellikli-su-gecirmez","status":"publish","type":"product","link":"https:\/\/www.hediyepazar.com\/?product=kask-kulakligi-motosiklet-intercom-interkom-dinleme-konusma-ozellikli-su-gecirmez","title":{"rendered":"Kask Kulakl\u0131\u011f\u0131 Motosiklet Intercom Interkom Dinleme Konu\u015fma \u00d6zellikli Su Ge\u00e7irmez"},"content":{"rendered":"<p>S\u00fcr\u00fc\u015f s\u0131ras\u0131nda m\u00fczik keyfi ya\u015famak ve arkada\u015flar\u0131n\u0131zla kesintisiz ileti\u015fim kurmak BT22 Kask Bluetooth Kulakl\u0131k 5.0 ile art\u0131k \u00e7ok kolay! Bu kulakl\u0131k, motosiklet s\u00fcr\u00fcc\u00fclerinin ihtiya\u00e7lar\u0131na y\u00f6nelik \u00f6zel olarak tasarlanm\u0131\u015f \u00f6zellikleriyle s\u00fcr\u00fc\u015f deneyiminizi bir \u00fcst seviyeye ta\u015f\u0131r. \u0130ster \u015fehir i\u00e7inde gezintide olun, ister uzun bir yolculu\u011fa \u00e7\u0131km\u0131\u015f olun, bu kulakl\u0131kla \u00f6zg\u00fcrl\u00fc\u011f\u00fcn tad\u0131n\u0131 \u00e7\u0131karabilirsiniz. Bluetooth 5.0 teknolojisi, h\u0131zl\u0131 ve stabil ba\u011flant\u0131 sa\u011flarken, y\u00fcksek kaliteli ses iletimi sayesinde m\u00fczik dinleme ve konu\u015fma s\u0131ras\u0131nda ola\u011fan\u00fcst\u00fc bir performans sunar.Kulakl\u0131\u011f\u0131n ergonomik tasar\u0131m\u0131, uzun s\u00fcreli kullan\u0131mda dahi konfor sunar. Ayn\u0131 zamanda ya\u011fmurlu havalarda su s\u0131\u00e7ramalar\u0131na dayan\u0131kl\u0131 yap\u0131s\u0131 sayesinde zorlu hava ko\u015fullar\u0131nda bile rahat\u00e7a kullanabilirsiniz. G\u00fcr\u00fclt\u00fc \u00f6nleyici mikrofonu, d\u0131\u015f sesleri engelleyerek telefon g\u00f6r\u00fc\u015fmelerinizi ve intercom konu\u015fmalar\u0131n\u0131z\u0131 kristal netli\u011finde yapman\u0131z\u0131 sa\u011flar. Dahili lityum iyon bataryas\u0131 sayesinde uzun pil \u00f6mr\u00fc sunar ve g\u00fcn boyu kesintisiz kullan\u0131m sa\u011flar.<\/p>\n","protected":false},"excerpt":{"rendered":"<p>S\u00fcr\u00fc\u015f s\u0131ras\u0131nda m\u00fczik keyfi ya\u015famak ve arkada\u015flar\u0131n\u0131zla kesintisiz ileti\u015fim kurmak BT22 Kask Bluetooth Kulakl\u0131k 5.0 ile art\u0131k \u00e7ok kolay! Bu kulakl\u0131k, motosiklet s\u00fcr\u00fcc\u00fclerinin ihtiya\u00e7lar\u0131na y\u00f6nelik \u00f6zel olarak tasarlanm\u0131\u015f \u00f6zellikleriyle s\u00fcr\u00fc\u015f deneyiminizi bir \u00fcst seviyeye ta\u015f\u0131r. \u0130ster \u015fehir i\u00e7inde gezintide olun, ister uzun bir yolculu\u011fa \u00e7\u0131km\u0131\u015f olun, bu kulakl\u0131kla \u00f6zg\u00fcrl\u00fc\u011f\u00fcn tad\u0131n\u0131 \u00e7\u0131karabilirsiniz. Bluetooth 5.0 teknolojisi, h\u0131zl\u0131&#8230;<\/p>\n","protected":false},"featured_media":110346,"comment_status":"open","ping_status":"closed","template":"","meta":{"_kad_post_transparent":"","_kad_post_title":"","_kad_post_layout":"","_kad_post_sidebar_id":"","_kad_post_content_style":"","_kad_post_vertical_padding":"","_kad_post_feature":"","_kad_post_feature_position":"","_kad_post_header":false,"_kad_post_footer":false,"_kad_post_classname":""},"product_brand":[],"product_cat":[15010],"product_tag":[],"class_list":{"0":"post-110347","1":"product","2":"type-product","3":"status-publish","4":"has-post-thumbnail","6":"product_cat-intercom-intercom","8":"first","9":"instock","10":"purchasable","11":"product-type-simple","12":"entry","13":"content-bg","14":"loop-entry"},"_links":{"self":[{"href":"https:\/\/www.hediyepazar.com\/index.php?rest_route=\/wp\/v2\/product\/110347","targetHints":{"allow":["GET"]}}],"collection":[{"href":"https:\/\/www.hediyepazar.com\/index.php?rest_route=\/wp\/v2\/product"}],"about":[{"href":"https:\/\/www.hediyepazar.com\/index.php?rest_route=\/wp\/v2\/types\/product"}],"replies":[{"embeddable":true,"href":"https:\/\/www.hediyepazar.com\/index.php?rest_route=%2Fwp%2Fv2%2Fcomments&post=110347"}],"wp:featuredmedia":[{"embeddable":true,"href":"https:\/\/www.hediyepazar.com\/index.php?rest_route=\/wp\/v2\/media\/110346"}],"wp:attachment":[{"href":"https:\/\/www.hediyepazar.com\/index.php?rest_route=%2Fwp%2Fv2%2Fmedia&parent=110347"}],"wp:term":[{"taxonomy":"product_brand","embeddable":true,"href":"https:\/\/www.hediyepazar.com\/index.php?rest_route=%2Fwp%2Fv2%2Fproduct_brand&post=110347"},{"taxonomy":"product_cat","embeddable":true,"href":"https:\/\/www.hediyepazar.com\/index.php?rest_route=%2Fwp%2Fv2%2Fproduct_cat&post=110347"},{"taxonomy":"product_tag","embeddable":true,"href":"https:\/\/www.hediyepazar.com\/index.php?rest_route=%2Fwp%2Fv2%2Fproduct_tag&post=110347"}],"curies":[{"name":"wp","href":"https:\/\/api.w.org\/{rel}","templated":true}]}}