{"id":110349,"date":"2026-05-05T04:28:18","date_gmt":"2026-05-05T07:28:18","guid":{"rendered":"https:\/\/www.hediyepazar.com\/?product=akilli-saat-tema-degistirme-bluetooth-baglantili-arama-cevaplayan"},"modified":"2026-05-05T04:28:18","modified_gmt":"2026-05-05T07:28:18","slug":"akilli-saat-tema-degistirme-bluetooth-baglantili-arama-cevaplayan","status":"publish","type":"product","link":"https:\/\/www.hediyepazar.com\/?product=akilli-saat-tema-degistirme-bluetooth-baglantili-arama-cevaplayan","title":{"rendered":"Ak\u0131ll\u0131 Saat Tema De\u011fi\u015ftirme Bluetooth Ba\u011flant\u0131l\u0131 Arama Cevaplayan"},"content":{"rendered":"<p>Bu ak\u0131ll\u0131 saat, \u015f\u0131k tasar\u0131m\u0131 ve kullan\u0131\u015fl\u0131 \u00f6zellikleriyle g\u00fcnl\u00fck ya\u015fam\u0131n\u0131z\u0131 kolayla\u015ft\u0131ran pratik bir cihazd\u0131r. Siyah renkli modern tasar\u0131m\u0131, her t\u00fcrl\u00fc k\u0131yafetle uyum sa\u011flar ve \u015f\u0131kl\u0131\u011f\u0131n\u0131z\u0131 tamamlar. IPS ekran\u0131, hem dikey hem de yatay konumda renklerin d\u00fczg\u00fcn bir \u015fekilde g\u00f6r\u00fcnmesini sa\u011flar ve net bir g\u00f6r\u00fcnt\u00fc sunar. Bluetooth ba\u011flant\u0131s\u0131 sayesinde ak\u0131ll\u0131 telefonunuz ile kolayca e\u015fle\u015febilir ve telefonunuzun kameralar\u0131n\u0131 kontrol edebilirsiniz. Ayr\u0131ca, saat \u00fczerinden gelen aramalar\u0131 cevaplayabilir, mesaj bildirimlerini alabilir ve sosyal medya g\u00fcncellemelerinizi takip edebilirsiniz. Spor yaparken, g\u00fcnl\u00fck aktiviteleriniz s\u0131ras\u0131nda size yard\u0131mc\u0131 olan bu ak\u0131ll\u0131 saat, titre\u015fimli bildirimlerle hat\u0131rlatmalar yaparak \u00f6nemli bilgilere an\u0131nda ula\u015fman\u0131z\u0131 sa\u011flar. Kol hareketi ile ekran\u0131n uyand\u0131r\u0131lmas\u0131 \u00f6zelli\u011fi, kullan\u0131m kolayl\u0131\u011f\u0131 sa\u011flar ve saati rahat\u00e7a kullanman\u0131z\u0131 sa\u011flar. T\u00fcm bu \u00f6zellikler, ak\u0131ll\u0131 saatinizi bir ya\u015fam tarz\u0131 aksesuar\u0131 haline getirir ve g\u00fcnl\u00fck i\u015flerinizde size pratik bir \u00e7\u00f6z\u00fcm sunar.<\/p>\n","protected":false},"excerpt":{"rendered":"<p>Bu ak\u0131ll\u0131 saat, \u015f\u0131k tasar\u0131m\u0131 ve kullan\u0131\u015fl\u0131 \u00f6zellikleriyle g\u00fcnl\u00fck ya\u015fam\u0131n\u0131z\u0131 kolayla\u015ft\u0131ran pratik bir cihazd\u0131r. Siyah renkli modern tasar\u0131m\u0131, her t\u00fcrl\u00fc k\u0131yafetle uyum sa\u011flar ve \u015f\u0131kl\u0131\u011f\u0131n\u0131z\u0131 tamamlar. IPS ekran\u0131, hem dikey hem de yatay konumda renklerin d\u00fczg\u00fcn bir \u015fekilde g\u00f6r\u00fcnmesini sa\u011flar ve net bir g\u00f6r\u00fcnt\u00fc sunar. Bluetooth ba\u011flant\u0131s\u0131 sayesinde ak\u0131ll\u0131 telefonunuz ile kolayca e\u015fle\u015febilir ve telefonunuzun&#8230;<\/p>\n","protected":false},"featured_media":110348,"comment_status":"open","ping_status":"closed","template":"","meta":{"_kad_post_transparent":"","_kad_post_title":"","_kad_post_layout":"","_kad_post_sidebar_id":"","_kad_post_content_style":"","_kad_post_vertical_padding":"","_kad_post_feature":"","_kad_post_feature_position":"","_kad_post_header":false,"_kad_post_footer":false,"_kad_post_classname":""},"product_brand":[],"product_cat":[14935],"product_tag":[],"class_list":{"0":"post-110349","1":"product","2":"type-product","3":"status-publish","4":"has-post-thumbnail","6":"product_cat-akilli-saatler-akilli-saatler","8":"first","9":"instock","10":"purchasable","11":"product-type-simple","12":"entry","13":"content-bg","14":"loop-entry"},"_links":{"self":[{"href":"https:\/\/www.hediyepazar.com\/index.php?rest_route=\/wp\/v2\/product\/110349","targetHints":{"allow":["GET"]}}],"collection":[{"href":"https:\/\/www.hediyepazar.com\/index.php?rest_route=\/wp\/v2\/product"}],"about":[{"href":"https:\/\/www.hediyepazar.com\/index.php?rest_route=\/wp\/v2\/types\/product"}],"replies":[{"embeddable":true,"href":"https:\/\/www.hediyepazar.com\/index.php?rest_route=%2Fwp%2Fv2%2Fcomments&post=110349"}],"wp:featuredmedia":[{"embeddable":true,"href":"https:\/\/www.hediyepazar.com\/index.php?rest_route=\/wp\/v2\/media\/110348"}],"wp:attachment":[{"href":"https:\/\/www.hediyepazar.com\/index.php?rest_route=%2Fwp%2Fv2%2Fmedia&parent=110349"}],"wp:term":[{"taxonomy":"product_brand","embeddable":true,"href":"https:\/\/www.hediyepazar.com\/index.php?rest_route=%2Fwp%2Fv2%2Fproduct_brand&post=110349"},{"taxonomy":"product_cat","embeddable":true,"href":"https:\/\/www.hediyepazar.com\/index.php?rest_route=%2Fwp%2Fv2%2Fproduct_cat&post=110349"},{"taxonomy":"product_tag","embeddable":true,"href":"https:\/\/www.hediyepazar.com\/index.php?rest_route=%2Fwp%2Fv2%2Fproduct_tag&post=110349"}],"curies":[{"name":"wp","href":"https:\/\/api.w.org\/{rel}","templated":true}]}}