{"id":110351,"date":"2026-05-05T04:30:00","date_gmt":"2026-05-05T07:30:00","guid":{"rendered":"https:\/\/www.hediyepazar.com\/?product=akilli-saat-amoled-ekran-yeni-nesil-bluetooth-baglantili"},"modified":"2026-05-05T04:30:00","modified_gmt":"2026-05-05T07:30:00","slug":"akilli-saat-amoled-ekran-yeni-nesil-bluetooth-baglantili","status":"publish","type":"product","link":"https:\/\/www.hediyepazar.com\/?product=akilli-saat-amoled-ekran-yeni-nesil-bluetooth-baglantili","title":{"rendered":"Ak\u0131ll\u0131 Saat Amoled Ekran Yeni Nesil Bluetooth Ba\u011flant\u0131l\u0131"},"content":{"rendered":"<p>Bu ak\u0131ll\u0131 saat, GPS \u00f6zelli\u011fi sayesinde d\u0131\u015f mekan aktivitelerinizde m\u00fckemmel bir yol arkada\u015f\u0131d\u0131r. Ko\u015fu, y\u00fcr\u00fcy\u00fc\u015f, bisiklet s\u00fcrme gibi aktivitelerde g\u00fczergah\u0131n\u0131z\u0131 takip edebilir, haritalar\u0131 inceleyebilir ve rota olu\u015fturabilirsiniz. Bu \u00f6zellik, \u00f6zellikle do\u011fa y\u00fcr\u00fcy\u00fc\u015fleri, ko\u015fular veya bisiklet turlar\u0131 yapan kullan\u0131c\u0131lar i\u00e7in son derece faydal\u0131d\u0131r. Ayr\u0131ca, a\u00e7\u0131k hava ko\u015fullar\u0131nda kullan\u0131ma uygun olarak suya dayan\u0131kl\u0131 tasar\u0131ma sahiptir. Ya\u011fmurlu havalarda, denizde veya havuzda rahatl\u0131kla kullan\u0131labilen bu ak\u0131ll\u0131 saat, d\u0131\u015f mekan ko\u015fullar\u0131na tamamen dayan\u0131kl\u0131d\u0131r. \u0130ster bir sporcu olun, ister do\u011fa ile i\u00e7 i\u00e7e vakit ge\u00e7irmeyi seven biri, bu saat her an yan\u0131n\u0131zda olarak aktivitelerinizi takip eder ve size b\u00fcy\u00fck bir kolayl\u0131k sa\u011flar. GPS takibi ve suya dayan\u0131kl\u0131 yap\u0131, bu saati hem \u015fehir i\u00e7inde hem de do\u011fada etkin bir \u015fekilde kullanabilece\u011finiz m\u00fckemmel bir cihaz yapar.<\/p>\n","protected":false},"excerpt":{"rendered":"<p>Bu ak\u0131ll\u0131 saat, GPS \u00f6zelli\u011fi sayesinde d\u0131\u015f mekan aktivitelerinizde m\u00fckemmel bir yol arkada\u015f\u0131d\u0131r. Ko\u015fu, y\u00fcr\u00fcy\u00fc\u015f, bisiklet s\u00fcrme gibi aktivitelerde g\u00fczergah\u0131n\u0131z\u0131 takip edebilir, haritalar\u0131 inceleyebilir ve rota olu\u015fturabilirsiniz. Bu \u00f6zellik, \u00f6zellikle do\u011fa y\u00fcr\u00fcy\u00fc\u015fleri, ko\u015fular veya bisiklet turlar\u0131 yapan kullan\u0131c\u0131lar i\u00e7in son derece faydal\u0131d\u0131r. Ayr\u0131ca, a\u00e7\u0131k hava ko\u015fullar\u0131nda kullan\u0131ma uygun olarak suya dayan\u0131kl\u0131 tasar\u0131ma sahiptir. Ya\u011fmurlu havalarda,&#8230;<\/p>\n","protected":false},"featured_media":110350,"comment_status":"open","ping_status":"closed","template":"","meta":{"_kad_post_transparent":"","_kad_post_title":"","_kad_post_layout":"","_kad_post_sidebar_id":"","_kad_post_content_style":"","_kad_post_vertical_padding":"","_kad_post_feature":"","_kad_post_feature_position":"","_kad_post_header":false,"_kad_post_footer":false,"_kad_post_classname":""},"product_brand":[],"product_cat":[14935],"product_tag":[],"class_list":{"0":"post-110351","1":"product","2":"type-product","3":"status-publish","4":"has-post-thumbnail","6":"product_cat-akilli-saatler-akilli-saatler","8":"first","9":"instock","10":"purchasable","11":"product-type-simple","12":"entry","13":"content-bg","14":"loop-entry"},"_links":{"self":[{"href":"https:\/\/www.hediyepazar.com\/index.php?rest_route=\/wp\/v2\/product\/110351","targetHints":{"allow":["GET"]}}],"collection":[{"href":"https:\/\/www.hediyepazar.com\/index.php?rest_route=\/wp\/v2\/product"}],"about":[{"href":"https:\/\/www.hediyepazar.com\/index.php?rest_route=\/wp\/v2\/types\/product"}],"replies":[{"embeddable":true,"href":"https:\/\/www.hediyepazar.com\/index.php?rest_route=%2Fwp%2Fv2%2Fcomments&post=110351"}],"wp:featuredmedia":[{"embeddable":true,"href":"https:\/\/www.hediyepazar.com\/index.php?rest_route=\/wp\/v2\/media\/110350"}],"wp:attachment":[{"href":"https:\/\/www.hediyepazar.com\/index.php?rest_route=%2Fwp%2Fv2%2Fmedia&parent=110351"}],"wp:term":[{"taxonomy":"product_brand","embeddable":true,"href":"https:\/\/www.hediyepazar.com\/index.php?rest_route=%2Fwp%2Fv2%2Fproduct_brand&post=110351"},{"taxonomy":"product_cat","embeddable":true,"href":"https:\/\/www.hediyepazar.com\/index.php?rest_route=%2Fwp%2Fv2%2Fproduct_cat&post=110351"},{"taxonomy":"product_tag","embeddable":true,"href":"https:\/\/www.hediyepazar.com\/index.php?rest_route=%2Fwp%2Fv2%2Fproduct_tag&post=110351"}],"curies":[{"name":"wp","href":"https:\/\/api.w.org\/{rel}","templated":true}]}}