{"id":110355,"date":"2026-05-05T04:30:15","date_gmt":"2026-05-05T07:30:15","guid":{"rendered":"https:\/\/www.hediyepazar.com\/?product=yeni-model-akilli-saat-bluetooth-baglantili-nfc-ve-gps-uyumlu"},"modified":"2026-05-05T04:30:15","modified_gmt":"2026-05-05T07:30:15","slug":"yeni-model-akilli-saat-bluetooth-baglantili-nfc-ve-gps-uyumlu","status":"publish","type":"product","link":"https:\/\/www.hediyepazar.com\/?product=yeni-model-akilli-saat-bluetooth-baglantili-nfc-ve-gps-uyumlu","title":{"rendered":"Yeni Model Ak\u0131ll\u0131 Saat Bluetooth Ba\u011flant\u0131l\u0131 NFC ve GPS Uyumlu"},"content":{"rendered":"<p>Watch 4 Pro Ak\u0131ll\u0131 Saat, g\u00fcnl\u00fck ya\u015fam\u0131n\u0131z\u0131 kolayla\u015ft\u0131racak bir\u00e7ok fonksiyon sunuyor. Bluetooth ile sesli g\u00f6r\u00fc\u015fme yapabilir, m\u00fczik dinleyebilir ve telefonunuzla olan ba\u011flant\u0131n\u0131z\u0131 kesmeden t\u00fcm i\u015flemleri kolayca y\u00f6netebilirsiniz. Kablosuz \u015farj deste\u011fi ile saatinizi h\u0131zl\u0131 ve pratik bir \u015fekilde \u015farj edebilirsiniz. Android ve iOS cihazlarla uyumlu olarak, Android 4.4 ve \u00fcst\u00fc, iOS 10.0 ve \u00fczeri i\u015fletim sistemlerine sahip telefonlarla sorunsuzca \u00e7al\u0131\u015f\u0131r. Ayr\u0131ca, c\u00fczdan, mesaj bildirimleri, oturma\/kalkma uyar\u0131s\u0131, hava durumu ve m\u00fczik kontrol\u00fc gibi fonksiyonlar, g\u00fcnl\u00fck kullan\u0131mda size b\u00fcy\u00fck kolayl\u0131k sa\u011flar. 7 farkl\u0131 kordon se\u00e7ene\u011fiyle saatinizi ki\u015fiselle\u015ftirebilir, her durumda rahatl\u0131kla kullanabilirsiniz. Saatin suya dayan\u0131kl\u0131 \u00f6zelli\u011fi, bas\u0131n\u00e7l\u0131 s\u0131cak su, deniz veya havuz d\u0131\u015f\u0131nda su ge\u00e7irmez \u00f6zelli\u011fi ile, zorlu ko\u015fullarda bile kullan\u0131labilir. Ayr\u0131ca, kutu i\u00e7eri\u011finde bulunan wireless \u015farj kablosu sayesinde, saatinizi h\u0131zl\u0131 bir \u015fekilde \u015farj edebilir ve kesintisiz kullan\u0131m\u0131n keyfini \u00e7\u0131karabilirsiniz.<\/p>\n","protected":false},"excerpt":{"rendered":"<p>Watch 4 Pro Ak\u0131ll\u0131 Saat, g\u00fcnl\u00fck ya\u015fam\u0131n\u0131z\u0131 kolayla\u015ft\u0131racak bir\u00e7ok fonksiyon sunuyor. Bluetooth ile sesli g\u00f6r\u00fc\u015fme yapabilir, m\u00fczik dinleyebilir ve telefonunuzla olan ba\u011flant\u0131n\u0131z\u0131 kesmeden t\u00fcm i\u015flemleri kolayca y\u00f6netebilirsiniz. Kablosuz \u015farj deste\u011fi ile saatinizi h\u0131zl\u0131 ve pratik bir \u015fekilde \u015farj edebilirsiniz. Android ve iOS cihazlarla uyumlu olarak, Android 4.4 ve \u00fcst\u00fc, iOS 10.0 ve \u00fczeri i\u015fletim sistemlerine&#8230;<\/p>\n","protected":false},"featured_media":110354,"comment_status":"open","ping_status":"closed","template":"","meta":{"_kad_post_transparent":"","_kad_post_title":"","_kad_post_layout":"","_kad_post_sidebar_id":"","_kad_post_content_style":"","_kad_post_vertical_padding":"","_kad_post_feature":"","_kad_post_feature_position":"","_kad_post_header":false,"_kad_post_footer":false,"_kad_post_classname":""},"product_brand":[],"product_cat":[14935],"product_tag":[],"class_list":{"0":"post-110355","1":"product","2":"type-product","3":"status-publish","4":"has-post-thumbnail","6":"product_cat-akilli-saatler-akilli-saatler","8":"first","9":"instock","10":"purchasable","11":"product-type-simple","12":"entry","13":"content-bg","14":"loop-entry"},"_links":{"self":[{"href":"https:\/\/www.hediyepazar.com\/index.php?rest_route=\/wp\/v2\/product\/110355","targetHints":{"allow":["GET"]}}],"collection":[{"href":"https:\/\/www.hediyepazar.com\/index.php?rest_route=\/wp\/v2\/product"}],"about":[{"href":"https:\/\/www.hediyepazar.com\/index.php?rest_route=\/wp\/v2\/types\/product"}],"replies":[{"embeddable":true,"href":"https:\/\/www.hediyepazar.com\/index.php?rest_route=%2Fwp%2Fv2%2Fcomments&post=110355"}],"wp:featuredmedia":[{"embeddable":true,"href":"https:\/\/www.hediyepazar.com\/index.php?rest_route=\/wp\/v2\/media\/110354"}],"wp:attachment":[{"href":"https:\/\/www.hediyepazar.com\/index.php?rest_route=%2Fwp%2Fv2%2Fmedia&parent=110355"}],"wp:term":[{"taxonomy":"product_brand","embeddable":true,"href":"https:\/\/www.hediyepazar.com\/index.php?rest_route=%2Fwp%2Fv2%2Fproduct_brand&post=110355"},{"taxonomy":"product_cat","embeddable":true,"href":"https:\/\/www.hediyepazar.com\/index.php?rest_route=%2Fwp%2Fv2%2Fproduct_cat&post=110355"},{"taxonomy":"product_tag","embeddable":true,"href":"https:\/\/www.hediyepazar.com\/index.php?rest_route=%2Fwp%2Fv2%2Fproduct_tag&post=110355"}],"curies":[{"name":"wp","href":"https:\/\/api.w.org\/{rel}","templated":true}]}}