{"id":110359,"date":"2026-05-05T04:30:58","date_gmt":"2026-05-05T07:30:58","guid":{"rendered":"https:\/\/www.hediyepazar.com\/?product=akilli-saat-7-kordonlu-yeni-nesil-arama-cevaplayan-cok-fonksiyonlu"},"modified":"2026-05-05T04:30:58","modified_gmt":"2026-05-05T07:30:58","slug":"akilli-saat-7-kordonlu-yeni-nesil-arama-cevaplayan-cok-fonksiyonlu","status":"publish","type":"product","link":"https:\/\/www.hediyepazar.com\/?product=akilli-saat-7-kordonlu-yeni-nesil-arama-cevaplayan-cok-fonksiyonlu","title":{"rendered":"Ak\u0131ll\u0131 Saat 7 Kordonlu Yeni Nesil Arama Cevaplayan \u00c7ok Fonksiyonlu"},"content":{"rendered":"<p>2024 model Watch 4 Pro Ak\u0131ll\u0131 Saat, \u015f\u0131k siyah kasa tasar\u0131m\u0131yla her zaman \u015f\u0131kl\u0131\u011f\u0131n\u0131z\u0131 \u00f6n plana \u00e7\u0131kar\u0131rken, fonksiyonel \u00f6zellikleriyle g\u00fcnl\u00fck ya\u015fam\u0131n\u0131z\u0131 daha verimli hale getiriyor. 2 y\u0131l garanti s\u00fcresi sunarak, g\u00fcvenli bir kullan\u0131m ve sat\u0131n alma sonras\u0131 destek garantisi sa\u011fl\u0131yor. Saatin \u00e7elik kasa materyali, uzun \u00f6m\u00fcrl\u00fc kullan\u0131m vaat ederken, silikon kordon ise konforlu bir takma deneyimi sunuyor. D\u00fcz cam \u015fekli sayesinde ekran\u0131n kolay okunabilirli\u011fini artt\u0131rarak, zaman kontrol\u00fcn\u00fc h\u0131zl\u0131 ve pratik \u015fekilde yapabilmenizi sa\u011fl\u0131yor. Ayr\u0131ca, 1 atm su ge\u00e7irmezlik \u00f6zelli\u011fi sayesinde g\u00fcnl\u00fck su s\u0131\u00e7ramalar\u0131na kar\u015f\u0131 dayan\u0131kl\u0131d\u0131r, b\u00f6ylece ya\u011fmurda veya el y\u0131karken saatinizin zarar g\u00f6rmesini engelliyor. Geli\u015fmi\u015f teknolojik \u00f6zellikleriyle de dikkat \u00e7eken Watch 4 Pro, \u015f\u0131kl\u0131\u011f\u0131 ve fonksiyonu bir arada sunarak, tarz\u0131n\u0131za de\u011fer kat\u0131yor.<\/p>\n","protected":false},"excerpt":{"rendered":"<p>2024 model Watch 4 Pro Ak\u0131ll\u0131 Saat, \u015f\u0131k siyah kasa tasar\u0131m\u0131yla her zaman \u015f\u0131kl\u0131\u011f\u0131n\u0131z\u0131 \u00f6n plana \u00e7\u0131kar\u0131rken, fonksiyonel \u00f6zellikleriyle g\u00fcnl\u00fck ya\u015fam\u0131n\u0131z\u0131 daha verimli hale getiriyor. 2 y\u0131l garanti s\u00fcresi sunarak, g\u00fcvenli bir kullan\u0131m ve sat\u0131n alma sonras\u0131 destek garantisi sa\u011fl\u0131yor. Saatin \u00e7elik kasa materyali, uzun \u00f6m\u00fcrl\u00fc kullan\u0131m vaat ederken, silikon kordon ise konforlu bir takma&#8230;<\/p>\n","protected":false},"featured_media":110358,"comment_status":"open","ping_status":"closed","template":"","meta":{"_kad_post_transparent":"","_kad_post_title":"","_kad_post_layout":"","_kad_post_sidebar_id":"","_kad_post_content_style":"","_kad_post_vertical_padding":"","_kad_post_feature":"","_kad_post_feature_position":"","_kad_post_header":false,"_kad_post_footer":false,"_kad_post_classname":""},"product_brand":[],"product_cat":[14935],"product_tag":[],"class_list":{"0":"post-110359","1":"product","2":"type-product","3":"status-publish","4":"has-post-thumbnail","6":"product_cat-akilli-saatler-akilli-saatler","8":"first","9":"instock","10":"purchasable","11":"product-type-simple","12":"entry","13":"content-bg","14":"loop-entry"},"_links":{"self":[{"href":"https:\/\/www.hediyepazar.com\/index.php?rest_route=\/wp\/v2\/product\/110359","targetHints":{"allow":["GET"]}}],"collection":[{"href":"https:\/\/www.hediyepazar.com\/index.php?rest_route=\/wp\/v2\/product"}],"about":[{"href":"https:\/\/www.hediyepazar.com\/index.php?rest_route=\/wp\/v2\/types\/product"}],"replies":[{"embeddable":true,"href":"https:\/\/www.hediyepazar.com\/index.php?rest_route=%2Fwp%2Fv2%2Fcomments&post=110359"}],"wp:featuredmedia":[{"embeddable":true,"href":"https:\/\/www.hediyepazar.com\/index.php?rest_route=\/wp\/v2\/media\/110358"}],"wp:attachment":[{"href":"https:\/\/www.hediyepazar.com\/index.php?rest_route=%2Fwp%2Fv2%2Fmedia&parent=110359"}],"wp:term":[{"taxonomy":"product_brand","embeddable":true,"href":"https:\/\/www.hediyepazar.com\/index.php?rest_route=%2Fwp%2Fv2%2Fproduct_brand&post=110359"},{"taxonomy":"product_cat","embeddable":true,"href":"https:\/\/www.hediyepazar.com\/index.php?rest_route=%2Fwp%2Fv2%2Fproduct_cat&post=110359"},{"taxonomy":"product_tag","embeddable":true,"href":"https:\/\/www.hediyepazar.com\/index.php?rest_route=%2Fwp%2Fv2%2Fproduct_tag&post=110359"}],"curies":[{"name":"wp","href":"https:\/\/api.w.org\/{rel}","templated":true}]}}