{"id":110361,"date":"2026-05-05T04:31:03","date_gmt":"2026-05-05T07:31:03","guid":{"rendered":"https:\/\/www.hediyepazar.com\/?product=akilli-saat-2024-model-arama-cevaplayan-uyku-ve-saglik-takibi"},"modified":"2026-05-05T04:31:03","modified_gmt":"2026-05-05T07:31:03","slug":"akilli-saat-2024-model-arama-cevaplayan-uyku-ve-saglik-takibi","status":"publish","type":"product","link":"https:\/\/www.hediyepazar.com\/?product=akilli-saat-2024-model-arama-cevaplayan-uyku-ve-saglik-takibi","title":{"rendered":"Ak\u0131ll\u0131 Saat 2024 Model Arama Cevaplayan Uyku ve Sa\u011fl\u0131k Takibi"},"content":{"rendered":"<p>SK4 Ultimate Ak\u0131ll\u0131 Saat, sadece zaman takibi yapmakla kalmaz, ayn\u0131 zamanda sa\u011fl\u0131\u011f\u0131n\u0131z\u0131 da izler. Nab\u0131z \u00f6l\u00e7er, uyku izleyici, kan bas\u0131nc\u0131, tansiyon, EKG ve v\u00fccut s\u0131cakl\u0131\u011f\u0131 \u00f6l\u00e7me \u00f6zellikleri ile t\u00fcm sa\u011fl\u0131k verilerinizi d\u00fczenli olarak takip edebilirsiniz. Ad\u0131mlar\u0131n\u0131z\u0131, yakt\u0131\u011f\u0131n\u0131z kalori miktar\u0131n\u0131 ve kalp ritminizi hesaplayarak spor performans\u0131n\u0131z\u0131 iyile\u015ftirmenize yard\u0131mc\u0131 olur. Ayr\u0131ca, geni\u015f spor modlar\u0131 yelpazesi ile bir\u00e7ok farkl\u0131 etkinlik i\u00e7in \u00f6zel \u00f6l\u00e7\u00fcmler sa\u011flar. Kapal\u0131 ko\u015fu, bisiklet, y\u00fcr\u00fcy\u00fc\u015f, basketbol, masa tenisi, yoga gibi spor dallar\u0131n\u0131 takip edebilir ve her birinde geli\u015fiminizi g\u00f6rsel olarak analiz edebilirsiniz. Bununla birlikte, su i\u00e7me hat\u0131rlat\u0131c\u0131lar\u0131 ve hareketsizlik hat\u0131rlat\u0131c\u0131lar\u0131, sa\u011fl\u0131kl\u0131 al\u0131\u015fkanl\u0131klar\u0131 s\u00fcrd\u00fcrmenizi kolayla\u015ft\u0131r\u0131r. Ak\u0131ll\u0131 hat\u0131rlat\u0131c\u0131lar sayesinde, ya\u015fam\u0131n\u0131z daha d\u00fczenli ve verimli hale gelir, b\u00f6ylece sa\u011fl\u0131kl\u0131 bir ya\u015fam tarz\u0131n\u0131 benimseyebilirsiniz.<\/p>\n","protected":false},"excerpt":{"rendered":"<p>SK4 Ultimate Ak\u0131ll\u0131 Saat, sadece zaman takibi yapmakla kalmaz, ayn\u0131 zamanda sa\u011fl\u0131\u011f\u0131n\u0131z\u0131 da izler. Nab\u0131z \u00f6l\u00e7er, uyku izleyici, kan bas\u0131nc\u0131, tansiyon, EKG ve v\u00fccut s\u0131cakl\u0131\u011f\u0131 \u00f6l\u00e7me \u00f6zellikleri ile t\u00fcm sa\u011fl\u0131k verilerinizi d\u00fczenli olarak takip edebilirsiniz. Ad\u0131mlar\u0131n\u0131z\u0131, yakt\u0131\u011f\u0131n\u0131z kalori miktar\u0131n\u0131 ve kalp ritminizi hesaplayarak spor performans\u0131n\u0131z\u0131 iyile\u015ftirmenize yard\u0131mc\u0131 olur. Ayr\u0131ca, geni\u015f spor modlar\u0131 yelpazesi ile bir\u00e7ok&#8230;<\/p>\n","protected":false},"featured_media":110360,"comment_status":"open","ping_status":"closed","template":"","meta":{"_kad_post_transparent":"","_kad_post_title":"","_kad_post_layout":"","_kad_post_sidebar_id":"","_kad_post_content_style":"","_kad_post_vertical_padding":"","_kad_post_feature":"","_kad_post_feature_position":"","_kad_post_header":false,"_kad_post_footer":false,"_kad_post_classname":""},"product_brand":[],"product_cat":[14935],"product_tag":[],"class_list":{"0":"post-110361","1":"product","2":"type-product","3":"status-publish","4":"has-post-thumbnail","6":"product_cat-akilli-saatler-akilli-saatler","8":"first","9":"instock","10":"purchasable","11":"product-type-simple","12":"entry","13":"content-bg","14":"loop-entry"},"_links":{"self":[{"href":"https:\/\/www.hediyepazar.com\/index.php?rest_route=\/wp\/v2\/product\/110361","targetHints":{"allow":["GET"]}}],"collection":[{"href":"https:\/\/www.hediyepazar.com\/index.php?rest_route=\/wp\/v2\/product"}],"about":[{"href":"https:\/\/www.hediyepazar.com\/index.php?rest_route=\/wp\/v2\/types\/product"}],"replies":[{"embeddable":true,"href":"https:\/\/www.hediyepazar.com\/index.php?rest_route=%2Fwp%2Fv2%2Fcomments&post=110361"}],"wp:featuredmedia":[{"embeddable":true,"href":"https:\/\/www.hediyepazar.com\/index.php?rest_route=\/wp\/v2\/media\/110360"}],"wp:attachment":[{"href":"https:\/\/www.hediyepazar.com\/index.php?rest_route=%2Fwp%2Fv2%2Fmedia&parent=110361"}],"wp:term":[{"taxonomy":"product_brand","embeddable":true,"href":"https:\/\/www.hediyepazar.com\/index.php?rest_route=%2Fwp%2Fv2%2Fproduct_brand&post=110361"},{"taxonomy":"product_cat","embeddable":true,"href":"https:\/\/www.hediyepazar.com\/index.php?rest_route=%2Fwp%2Fv2%2Fproduct_cat&post=110361"},{"taxonomy":"product_tag","embeddable":true,"href":"https:\/\/www.hediyepazar.com\/index.php?rest_route=%2Fwp%2Fv2%2Fproduct_tag&post=110361"}],"curies":[{"name":"wp","href":"https:\/\/api.w.org\/{rel}","templated":true}]}}