{"id":110363,"date":"2026-05-05T04:31:08","date_gmt":"2026-05-05T07:31:08","guid":{"rendered":"https:\/\/www.hediyepazar.com\/?product=akilli-saat-yeni-nesil-2024-model-metal-kordonlu-bluetooth-baglantili"},"modified":"2026-05-05T04:31:08","modified_gmt":"2026-05-05T07:31:08","slug":"akilli-saat-yeni-nesil-2024-model-metal-kordonlu-bluetooth-baglantili","status":"publish","type":"product","link":"https:\/\/www.hediyepazar.com\/?product=akilli-saat-yeni-nesil-2024-model-metal-kordonlu-bluetooth-baglantili","title":{"rendered":"Ak\u0131ll\u0131 Saat Yeni Nesil 2024 Model Metal Kordonlu Bluetooth Ba\u011flant\u0131l\u0131"},"content":{"rendered":"<p>2024 Model SK4 Ultimate Ak\u0131ll\u0131 Saat, sadece \u015f\u0131k bir aksesuar de\u011fil, ayn\u0131 zamanda \u00fcst\u00fcn teknolojiyle donat\u0131lm\u0131\u015f bir ya\u015fam yard\u0131mc\u0131d\u0131r. 1.45 in\u00e7 AMOLED ekran\u0131, 466&#215;466 y\u00fcksek \u00e7\u00f6z\u00fcn\u00fcrl\u00fck \u00e7\u00f6z\u00fcn\u00fcrl\u00fc\u011f\u00fc ile kullan\u0131c\u0131lara ola\u011fan\u00fcst\u00fc bir g\u00f6rsel deneyim sunar. Bu y\u00fcksek \u00e7\u00f6z\u00fcn\u00fcrl\u00fck, g\u00fcn boyunca saatinizi rahat\u00e7a kullanman\u0131z\u0131 sa\u011flar, zorlu \u0131\u015f\u0131k ko\u015fullar\u0131nda bile netlikten \u00f6d\u00fcn vermez. T\u00fcrk\u00e7e men\u00fcs\u00fc sayesinde, kolayca kurulum yapabilir ve her t\u00fcrl\u00fc ayar\u0131 h\u0131zl\u0131ca yapabilirsiniz. Saatin \u015farj kapasitesi de olduk\u00e7a dikkat \u00e7ekicidir; tam \u015farj ile 4 g\u00fcn kullan\u0131m s\u00fcresi ve 30 g\u00fcn bekleme s\u00fcresi sunar. Kablosuz \u015farj deste\u011fi sayesinde, cihaz\u0131n\u0131z\u0131 \u015farj etmek de olduk\u00e7a kolayd\u0131r. Hem iPhone hem de Android cihazlarla uyumlu olan SK4 Ultimate, her t\u00fcrl\u00fc telefonu destekler ve kullan\u0131c\u0131lar\u0131n beklentilerini fazlas\u0131yla kar\u015f\u0131lar.<\/p>\n","protected":false},"excerpt":{"rendered":"<p>2024 Model SK4 Ultimate Ak\u0131ll\u0131 Saat, sadece \u015f\u0131k bir aksesuar de\u011fil, ayn\u0131 zamanda \u00fcst\u00fcn teknolojiyle donat\u0131lm\u0131\u015f bir ya\u015fam yard\u0131mc\u0131d\u0131r. 1.45 in\u00e7 AMOLED ekran\u0131, 466&#215;466 y\u00fcksek \u00e7\u00f6z\u00fcn\u00fcrl\u00fck \u00e7\u00f6z\u00fcn\u00fcrl\u00fc\u011f\u00fc ile kullan\u0131c\u0131lara ola\u011fan\u00fcst\u00fc bir g\u00f6rsel deneyim sunar. Bu y\u00fcksek \u00e7\u00f6z\u00fcn\u00fcrl\u00fck, g\u00fcn boyunca saatinizi rahat\u00e7a kullanman\u0131z\u0131 sa\u011flar, zorlu \u0131\u015f\u0131k ko\u015fullar\u0131nda bile netlikten \u00f6d\u00fcn vermez. T\u00fcrk\u00e7e men\u00fcs\u00fc sayesinde, kolayca kurulum&#8230;<\/p>\n","protected":false},"featured_media":110362,"comment_status":"open","ping_status":"closed","template":"","meta":{"_kad_post_transparent":"","_kad_post_title":"","_kad_post_layout":"","_kad_post_sidebar_id":"","_kad_post_content_style":"","_kad_post_vertical_padding":"","_kad_post_feature":"","_kad_post_feature_position":"","_kad_post_header":false,"_kad_post_footer":false,"_kad_post_classname":""},"product_brand":[],"product_cat":[14935],"product_tag":[],"class_list":{"0":"post-110363","1":"product","2":"type-product","3":"status-publish","4":"has-post-thumbnail","6":"product_cat-akilli-saatler-akilli-saatler","8":"first","9":"instock","10":"purchasable","11":"product-type-simple","12":"entry","13":"content-bg","14":"loop-entry"},"_links":{"self":[{"href":"https:\/\/www.hediyepazar.com\/index.php?rest_route=\/wp\/v2\/product\/110363","targetHints":{"allow":["GET"]}}],"collection":[{"href":"https:\/\/www.hediyepazar.com\/index.php?rest_route=\/wp\/v2\/product"}],"about":[{"href":"https:\/\/www.hediyepazar.com\/index.php?rest_route=\/wp\/v2\/types\/product"}],"replies":[{"embeddable":true,"href":"https:\/\/www.hediyepazar.com\/index.php?rest_route=%2Fwp%2Fv2%2Fcomments&post=110363"}],"wp:featuredmedia":[{"embeddable":true,"href":"https:\/\/www.hediyepazar.com\/index.php?rest_route=\/wp\/v2\/media\/110362"}],"wp:attachment":[{"href":"https:\/\/www.hediyepazar.com\/index.php?rest_route=%2Fwp%2Fv2%2Fmedia&parent=110363"}],"wp:term":[{"taxonomy":"product_brand","embeddable":true,"href":"https:\/\/www.hediyepazar.com\/index.php?rest_route=%2Fwp%2Fv2%2Fproduct_brand&post=110363"},{"taxonomy":"product_cat","embeddable":true,"href":"https:\/\/www.hediyepazar.com\/index.php?rest_route=%2Fwp%2Fv2%2Fproduct_cat&post=110363"},{"taxonomy":"product_tag","embeddable":true,"href":"https:\/\/www.hediyepazar.com\/index.php?rest_route=%2Fwp%2Fv2%2Fproduct_tag&post=110363"}],"curies":[{"name":"wp","href":"https:\/\/api.w.org\/{rel}","templated":true}]}}