{"id":110367,"date":"2026-05-05T04:31:18","date_gmt":"2026-05-05T07:31:18","guid":{"rendered":"https:\/\/www.hediyepazar.com\/?product=bluetooth-kulaklik-powerbankli-dijital-gostergeli-dokunmatik-kontrol"},"modified":"2026-05-05T04:31:18","modified_gmt":"2026-05-05T07:31:18","slug":"bluetooth-kulaklik-powerbankli-dijital-gostergeli-dokunmatik-kontrol","status":"publish","type":"product","link":"https:\/\/www.hediyepazar.com\/?product=bluetooth-kulaklik-powerbankli-dijital-gostergeli-dokunmatik-kontrol","title":{"rendered":"Bluetooth Kulakl\u0131k Powerbankli Dijital G\u00f6stergeli Dokunmatik Kontrol"},"content":{"rendered":"<p>Kablosuz oyuncu kulakl\u0131\u011f\u0131 olarak geli\u015ftirilen bu Bluetooth kulakl\u0131k, 5.1 stereo surround ses deste\u011fi ile oyunlarda etkileyici bir ses deneyimi sunar. Kulak i\u00e7i yap\u0131s\u0131 d\u0131\u015f g\u00fcr\u00fclt\u00fcy\u00fc izole ederek odaklanmay\u0131 kolayla\u015ft\u0131r\u0131rken, Bluetooth 5.0 teknolojisi sayesinde ses gecikmesini en aza indirir. \u015e\u0131k ve \u0131\u015f\u0131kl\u0131 tasar\u0131m\u0131 ile hem g\u00f6rsel hem de i\u015fitsel anlamda oyun atmosferine katk\u0131 sa\u011flar. Y\u00fcksek ses kalitesi ile uzun s\u00fcreli kullan\u0131mlar i\u00e7in idealdir.<\/p>\n","protected":false},"excerpt":{"rendered":"<p>Kablosuz oyuncu kulakl\u0131\u011f\u0131 olarak geli\u015ftirilen bu Bluetooth kulakl\u0131k, 5.1 stereo surround ses deste\u011fi ile oyunlarda etkileyici bir ses deneyimi sunar. Kulak i\u00e7i yap\u0131s\u0131 d\u0131\u015f g\u00fcr\u00fclt\u00fcy\u00fc izole ederek odaklanmay\u0131 kolayla\u015ft\u0131r\u0131rken, Bluetooth 5.0 teknolojisi sayesinde ses gecikmesini en aza indirir. \u015e\u0131k ve \u0131\u015f\u0131kl\u0131 tasar\u0131m\u0131 ile hem g\u00f6rsel hem de i\u015fitsel anlamda oyun atmosferine katk\u0131 sa\u011flar. Y\u00fcksek ses&#8230;<\/p>\n","protected":false},"featured_media":110366,"comment_status":"open","ping_status":"closed","template":"","meta":{"_kad_post_transparent":"","_kad_post_title":"","_kad_post_layout":"","_kad_post_sidebar_id":"","_kad_post_content_style":"","_kad_post_vertical_padding":"","_kad_post_feature":"","_kad_post_feature_position":"","_kad_post_header":false,"_kad_post_footer":false,"_kad_post_classname":""},"product_brand":[],"product_cat":[14957],"product_tag":[],"class_list":{"0":"post-110367","1":"product","2":"type-product","3":"status-publish","4":"has-post-thumbnail","6":"product_cat-kablosuz-kulaklik-kablosuz-kulaklik","8":"first","9":"instock","10":"purchasable","11":"product-type-simple","12":"entry","13":"content-bg","14":"loop-entry"},"_links":{"self":[{"href":"https:\/\/www.hediyepazar.com\/index.php?rest_route=\/wp\/v2\/product\/110367","targetHints":{"allow":["GET"]}}],"collection":[{"href":"https:\/\/www.hediyepazar.com\/index.php?rest_route=\/wp\/v2\/product"}],"about":[{"href":"https:\/\/www.hediyepazar.com\/index.php?rest_route=\/wp\/v2\/types\/product"}],"replies":[{"embeddable":true,"href":"https:\/\/www.hediyepazar.com\/index.php?rest_route=%2Fwp%2Fv2%2Fcomments&post=110367"}],"wp:featuredmedia":[{"embeddable":true,"href":"https:\/\/www.hediyepazar.com\/index.php?rest_route=\/wp\/v2\/media\/110366"}],"wp:attachment":[{"href":"https:\/\/www.hediyepazar.com\/index.php?rest_route=%2Fwp%2Fv2%2Fmedia&parent=110367"}],"wp:term":[{"taxonomy":"product_brand","embeddable":true,"href":"https:\/\/www.hediyepazar.com\/index.php?rest_route=%2Fwp%2Fv2%2Fproduct_brand&post=110367"},{"taxonomy":"product_cat","embeddable":true,"href":"https:\/\/www.hediyepazar.com\/index.php?rest_route=%2Fwp%2Fv2%2Fproduct_cat&post=110367"},{"taxonomy":"product_tag","embeddable":true,"href":"https:\/\/www.hediyepazar.com\/index.php?rest_route=%2Fwp%2Fv2%2Fproduct_tag&post=110367"}],"curies":[{"name":"wp","href":"https:\/\/api.w.org\/{rel}","templated":true}]}}