{"id":110379,"date":"2026-05-05T04:32:19","date_gmt":"2026-05-05T07:32:19","guid":{"rendered":"https:\/\/www.hediyepazar.com\/?product=4k-tv-uyumlu-hd-cozunurluklu-mx-box-s-8-gb"},"modified":"2026-05-05T04:32:19","modified_gmt":"2026-05-05T07:32:19","slug":"4k-tv-uyumlu-hd-cozunurluklu-mx-box-s-8-gb","status":"publish","type":"product","link":"https:\/\/www.hediyepazar.com\/?product=4k-tv-uyumlu-hd-cozunurluklu-mx-box-s-8-gb","title":{"rendered":"4K TV Uyumlu HD \u00c7\u00f6z\u00fcn\u00fcrl\u00fckl\u00fc Mx Box S 8 GB"},"content":{"rendered":"<p>Mi Box S 4K TV Box, televizyonunuzu standart bir modelden Android i\u015fletim sistemine sahip bir multimedya merkezine d\u00f6n\u00fc\u015ft\u00fcr\u00fcr. 8 GB dahili haf\u0131zas\u0131 ve 2 GB belle\u011fi sayesinde h\u0131zl\u0131 ve sorunsuz bir kullan\u0131c\u0131 deneyimi sunar. 4K UHD \u00e7\u00f6z\u00fcn\u00fcrl\u00fck ve 60 FPS deste\u011fi ile izledi\u011finiz i\u00e7eriklerin her detay\u0131n\u0131 kristal netli\u011finde g\u00f6rmenizi sa\u011flar. 3840\u00d72160 piksel minimum \u00e7\u00f6z\u00fcn\u00fcrl\u00fc\u011fe sahip olan bu cihaz, y\u00fcksek kaliteli g\u00f6rsel performans\u0131 ile dikkat \u00e7eker.HDMI ve USB giri\u015fleri sayesinde geni\u015f bir ba\u011flant\u0131 yelpazesi sunar. Wi-Fi deste\u011fi ile internet ba\u011flant\u0131s\u0131n\u0131 kolayca kurabilir, TV\u2019nizde uygulama indirebilir ve oyun oynayabilirsiniz. Google Asistan ve sesli komut deste\u011fi sayesinde cihaz\u0131n\u0131z\u0131 kolayca kontrol edebilir, Chromecast \u00f6zelli\u011fi ile telefon, tablet veya bilgisayar\u0131n\u0131zdaki i\u00e7eri\u011fi TV ekran\u0131na yans\u0131tabilirsiniz. Dolby Digital ses sistemi ile ses kalitesinde en \u00fcst d\u00fczeyi ya\u015fayabilirsiniz. ARM Cortex-A53 i\u015flemci ve 4 \u00e7ekirdekli yap\u0131s\u0131yla y\u00fcksek performansl\u0131 bir deneyim sa\u011flar.<\/p>\n","protected":false},"excerpt":{"rendered":"<p>Mi Box S 4K TV Box, televizyonunuzu standart bir modelden Android i\u015fletim sistemine sahip bir multimedya merkezine d\u00f6n\u00fc\u015ft\u00fcr\u00fcr. 8 GB dahili haf\u0131zas\u0131 ve 2 GB belle\u011fi sayesinde h\u0131zl\u0131 ve sorunsuz bir kullan\u0131c\u0131 deneyimi sunar. 4K UHD \u00e7\u00f6z\u00fcn\u00fcrl\u00fck ve 60 FPS deste\u011fi ile izledi\u011finiz i\u00e7eriklerin her detay\u0131n\u0131 kristal netli\u011finde g\u00f6rmenizi sa\u011flar. 3840\u00d72160 piksel minimum \u00e7\u00f6z\u00fcn\u00fcrl\u00fc\u011fe sahip&#8230;<\/p>\n","protected":false},"featured_media":110378,"comment_status":"open","ping_status":"closed","template":"","meta":{"_kad_post_transparent":"","_kad_post_title":"","_kad_post_layout":"","_kad_post_sidebar_id":"","_kad_post_content_style":"","_kad_post_vertical_padding":"","_kad_post_feature":"","_kad_post_feature_position":"","_kad_post_header":false,"_kad_post_footer":false,"_kad_post_classname":""},"product_brand":[],"product_cat":[15012],"product_tag":[],"class_list":{"0":"post-110379","1":"product","2":"type-product","3":"status-publish","4":"has-post-thumbnail","6":"product_cat-media-player-media-player","8":"first","9":"instock","10":"purchasable","11":"product-type-simple","12":"entry","13":"content-bg","14":"loop-entry"},"_links":{"self":[{"href":"https:\/\/www.hediyepazar.com\/index.php?rest_route=\/wp\/v2\/product\/110379","targetHints":{"allow":["GET"]}}],"collection":[{"href":"https:\/\/www.hediyepazar.com\/index.php?rest_route=\/wp\/v2\/product"}],"about":[{"href":"https:\/\/www.hediyepazar.com\/index.php?rest_route=\/wp\/v2\/types\/product"}],"replies":[{"embeddable":true,"href":"https:\/\/www.hediyepazar.com\/index.php?rest_route=%2Fwp%2Fv2%2Fcomments&post=110379"}],"wp:featuredmedia":[{"embeddable":true,"href":"https:\/\/www.hediyepazar.com\/index.php?rest_route=\/wp\/v2\/media\/110378"}],"wp:attachment":[{"href":"https:\/\/www.hediyepazar.com\/index.php?rest_route=%2Fwp%2Fv2%2Fmedia&parent=110379"}],"wp:term":[{"taxonomy":"product_brand","embeddable":true,"href":"https:\/\/www.hediyepazar.com\/index.php?rest_route=%2Fwp%2Fv2%2Fproduct_brand&post=110379"},{"taxonomy":"product_cat","embeddable":true,"href":"https:\/\/www.hediyepazar.com\/index.php?rest_route=%2Fwp%2Fv2%2Fproduct_cat&post=110379"},{"taxonomy":"product_tag","embeddable":true,"href":"https:\/\/www.hediyepazar.com\/index.php?rest_route=%2Fwp%2Fv2%2Fproduct_tag&post=110379"}],"curies":[{"name":"wp","href":"https:\/\/api.w.org\/{rel}","templated":true}]}}