{"id":110383,"date":"2026-05-05T04:33:05","date_gmt":"2026-05-05T07:33:05","guid":{"rendered":"https:\/\/www.hediyepazar.com\/?product=yeni-nesil-arama-cevaplayan-uyku-ve-saglik-takibi-gps-ozelligi"},"modified":"2026-05-05T04:33:05","modified_gmt":"2026-05-05T07:33:05","slug":"yeni-nesil-arama-cevaplayan-uyku-ve-saglik-takibi-gps-ozelligi","status":"publish","type":"product","link":"https:\/\/www.hediyepazar.com\/?product=yeni-nesil-arama-cevaplayan-uyku-ve-saglik-takibi-gps-ozelligi","title":{"rendered":"Yeni Nesil Arama Cevaplayan Uyku ve Sa\u011fl\u0131k Takibi GPS \u00d6zelli\u011fi"},"content":{"rendered":"<p>Bu ak\u0131ll\u0131 saat, 400-500 mAh batarya kapasitesi sayesinde uzun s\u00fcreli kullan\u0131m sunarak g\u00fcnl\u00fck ya\u015fam\u0131n\u0131z\u0131 kolayla\u015ft\u0131r\u0131r. G\u00fcn boyunca \u015farj endi\u015fesi duymadan aktivitelerinizi takip edebilir, modern tasar\u0131m\u0131yla \u015f\u0131kl\u0131\u011f\u0131n\u0131z\u0131 tamamlayabilirsiniz. Siyah kordon ve kasa, zamans\u0131z bir g\u00f6r\u00fcn\u00fcm sunarken ad\u0131msayar \u00f6zelli\u011fi hareketlerinizi kay\u0131t alt\u0131na al\u0131r ve ilerlemenizi g\u00f6zler \u00f6n\u00fcne serer. Nab\u0131z sens\u00f6r\u00fc ile kalp sa\u011fl\u0131\u011f\u0131n\u0131z\u0131 s\u00fcrekli olarak izleyebilir, uyku takibi sayesinde gece boyunca dinlenme d\u00fczeninizi optimize edebilirsiniz.Titre\u015fim bildirimleri, gelen \u00e7a\u011fr\u0131lar\u0131, mesajlar\u0131 ve uygulama uyar\u0131lar\u0131n\u0131 hissetmenizi sa\u011flar. Sesli g\u00f6r\u00fc\u015fme \u00f6zelli\u011fi ile saatiniz \u00fczerinden telefon g\u00f6r\u00fc\u015fmelerinizi rahatl\u0131kla yapabilirsiniz. Bu sayede eller serbest bir deneyim ya\u015farken g\u00fcnl\u00fck i\u015flerinizden geri kalmazs\u0131n\u0131z. Suya ve toza dayan\u0131kl\u0131 olmas\u0131, ya\u011fmur, spor veya y\u00fczme s\u0131ras\u0131nda saatinizi g\u00fcvenle kullanman\u0131za imkan tan\u0131r. Hem \u015f\u0131k hem de i\u015flevsel bu ak\u0131ll\u0131 saat, g\u00fcnl\u00fck hayat\u0131n\u0131za konfor ve sa\u011fl\u0131k katar.<\/p>\n","protected":false},"excerpt":{"rendered":"<p>Bu ak\u0131ll\u0131 saat, 400-500 mAh batarya kapasitesi sayesinde uzun s\u00fcreli kullan\u0131m sunarak g\u00fcnl\u00fck ya\u015fam\u0131n\u0131z\u0131 kolayla\u015ft\u0131r\u0131r. G\u00fcn boyunca \u015farj endi\u015fesi duymadan aktivitelerinizi takip edebilir, modern tasar\u0131m\u0131yla \u015f\u0131kl\u0131\u011f\u0131n\u0131z\u0131 tamamlayabilirsiniz. Siyah kordon ve kasa, zamans\u0131z bir g\u00f6r\u00fcn\u00fcm sunarken ad\u0131msayar \u00f6zelli\u011fi hareketlerinizi kay\u0131t alt\u0131na al\u0131r ve ilerlemenizi g\u00f6zler \u00f6n\u00fcne serer. Nab\u0131z sens\u00f6r\u00fc ile kalp sa\u011fl\u0131\u011f\u0131n\u0131z\u0131 s\u00fcrekli olarak izleyebilir, uyku&#8230;<\/p>\n","protected":false},"featured_media":110382,"comment_status":"open","ping_status":"closed","template":"","meta":{"_kad_post_transparent":"","_kad_post_title":"","_kad_post_layout":"","_kad_post_sidebar_id":"","_kad_post_content_style":"","_kad_post_vertical_padding":"","_kad_post_feature":"","_kad_post_feature_position":"","_kad_post_header":false,"_kad_post_footer":false,"_kad_post_classname":""},"product_brand":[],"product_cat":[14935],"product_tag":[],"class_list":{"0":"post-110383","1":"product","2":"type-product","3":"status-publish","4":"has-post-thumbnail","6":"product_cat-akilli-saatler-akilli-saatler","8":"first","9":"instock","10":"purchasable","11":"product-type-simple","12":"entry","13":"content-bg","14":"loop-entry"},"_links":{"self":[{"href":"https:\/\/www.hediyepazar.com\/index.php?rest_route=\/wp\/v2\/product\/110383","targetHints":{"allow":["GET"]}}],"collection":[{"href":"https:\/\/www.hediyepazar.com\/index.php?rest_route=\/wp\/v2\/product"}],"about":[{"href":"https:\/\/www.hediyepazar.com\/index.php?rest_route=\/wp\/v2\/types\/product"}],"replies":[{"embeddable":true,"href":"https:\/\/www.hediyepazar.com\/index.php?rest_route=%2Fwp%2Fv2%2Fcomments&post=110383"}],"wp:featuredmedia":[{"embeddable":true,"href":"https:\/\/www.hediyepazar.com\/index.php?rest_route=\/wp\/v2\/media\/110382"}],"wp:attachment":[{"href":"https:\/\/www.hediyepazar.com\/index.php?rest_route=%2Fwp%2Fv2%2Fmedia&parent=110383"}],"wp:term":[{"taxonomy":"product_brand","embeddable":true,"href":"https:\/\/www.hediyepazar.com\/index.php?rest_route=%2Fwp%2Fv2%2Fproduct_brand&post=110383"},{"taxonomy":"product_cat","embeddable":true,"href":"https:\/\/www.hediyepazar.com\/index.php?rest_route=%2Fwp%2Fv2%2Fproduct_cat&post=110383"},{"taxonomy":"product_tag","embeddable":true,"href":"https:\/\/www.hediyepazar.com\/index.php?rest_route=%2Fwp%2Fv2%2Fproduct_tag&post=110383"}],"curies":[{"name":"wp","href":"https:\/\/api.w.org\/{rel}","templated":true}]}}