{"id":110387,"date":"2026-05-05T04:33:18","date_gmt":"2026-05-05T07:33:18","guid":{"rendered":"https:\/\/www.hediyepazar.com\/?product=akilli-saat-tema-degistirme-uyku-ve-saglik-takibi-bluetooth-baglantili"},"modified":"2026-05-05T04:33:18","modified_gmt":"2026-05-05T07:33:18","slug":"akilli-saat-tema-degistirme-uyku-ve-saglik-takibi-bluetooth-baglantili","status":"publish","type":"product","link":"https:\/\/www.hediyepazar.com\/?product=akilli-saat-tema-degistirme-uyku-ve-saglik-takibi-bluetooth-baglantili","title":{"rendered":"Ak\u0131ll\u0131 Saat Tema De\u011fi\u015ftirme Uyku ve Sa\u011fl\u0131k Takibi Bluetooth Ba\u011flant\u0131l\u0131"},"content":{"rendered":"<p>Teknoloji ve \u015e\u0131kl\u0131\u011f\u0131n Bulu\u015fma Noktas\u0131: Ak\u0131ll\u0131 Saat Ad\u0131m Takibi: G\u00fcnl\u00fck ad\u0131mlar\u0131n\u0131z\u0131 \u00f6l\u00e7erek hareket hedeflerinizi takip etmenizi sa\u011flar. Sa\u011fl\u0131k \u0130zleme: Nab\u0131z sens\u00f6r\u00fc ile kalp ritminizi s\u00fcrekli olarak izler, uyku takibiyle daha kaliteli bir uyku deneyimi sunar. Sesli G\u00f6r\u00fc\u015fme: Aramalar\u0131n\u0131z\u0131 do\u011frudan saat \u00fczerinden cevaplayarak ileti\u015fimde kalman\u0131z\u0131 kolayla\u015ft\u0131r\u0131r. GPS Fonksiyonu: Hassas konum belirleme ile navigasyon ihtiya\u00e7lar\u0131n\u0131z\u0131 kar\u015f\u0131lar. Dayan\u0131kl\u0131 ve Uzun \u00d6m\u00fcrl\u00fc: 100-200 mAh batarya kapasitesiyle uzun s\u00fcre kullan\u0131m ve suya, toza dayan\u0131kl\u0131 yap\u0131s\u0131yla zorlu ko\u015fullara uygun. Stil Sahibi Tasar\u0131m: Siyah kordon ve \u015f\u0131k kasa yap\u0131s\u0131yla g\u00fcnl\u00fck hayat\u0131n\u0131za modern bir dokunu\u015f katar.Geli\u015fmi\u015f teknolojisi ve zarif tasar\u0131m\u0131 ile hem tarz\u0131n\u0131z\u0131 tamamlar hem de g\u00fcnl\u00fck ya\u015fam\u0131n\u0131z\u0131 kolayla\u015ft\u0131r\u0131r!<\/p>\n","protected":false},"excerpt":{"rendered":"<p>Teknoloji ve \u015e\u0131kl\u0131\u011f\u0131n Bulu\u015fma Noktas\u0131: Ak\u0131ll\u0131 Saat Ad\u0131m Takibi: G\u00fcnl\u00fck ad\u0131mlar\u0131n\u0131z\u0131 \u00f6l\u00e7erek hareket hedeflerinizi takip etmenizi sa\u011flar. Sa\u011fl\u0131k \u0130zleme: Nab\u0131z sens\u00f6r\u00fc ile kalp ritminizi s\u00fcrekli olarak izler, uyku takibiyle daha kaliteli bir uyku deneyimi sunar. Sesli G\u00f6r\u00fc\u015fme: Aramalar\u0131n\u0131z\u0131 do\u011frudan saat \u00fczerinden cevaplayarak ileti\u015fimde kalman\u0131z\u0131 kolayla\u015ft\u0131r\u0131r. GPS Fonksiyonu: Hassas konum belirleme ile navigasyon ihtiya\u00e7lar\u0131n\u0131z\u0131 kar\u015f\u0131lar. Dayan\u0131kl\u0131&#8230;<\/p>\n","protected":false},"featured_media":110386,"comment_status":"open","ping_status":"closed","template":"","meta":{"_kad_post_transparent":"","_kad_post_title":"","_kad_post_layout":"","_kad_post_sidebar_id":"","_kad_post_content_style":"","_kad_post_vertical_padding":"","_kad_post_feature":"","_kad_post_feature_position":"","_kad_post_header":false,"_kad_post_footer":false,"_kad_post_classname":""},"product_brand":[],"product_cat":[14935],"product_tag":[],"class_list":{"0":"post-110387","1":"product","2":"type-product","3":"status-publish","4":"has-post-thumbnail","6":"product_cat-akilli-saatler-akilli-saatler","8":"first","9":"instock","10":"purchasable","11":"product-type-simple","12":"entry","13":"content-bg","14":"loop-entry"},"_links":{"self":[{"href":"https:\/\/www.hediyepazar.com\/index.php?rest_route=\/wp\/v2\/product\/110387","targetHints":{"allow":["GET"]}}],"collection":[{"href":"https:\/\/www.hediyepazar.com\/index.php?rest_route=\/wp\/v2\/product"}],"about":[{"href":"https:\/\/www.hediyepazar.com\/index.php?rest_route=\/wp\/v2\/types\/product"}],"replies":[{"embeddable":true,"href":"https:\/\/www.hediyepazar.com\/index.php?rest_route=%2Fwp%2Fv2%2Fcomments&post=110387"}],"wp:featuredmedia":[{"embeddable":true,"href":"https:\/\/www.hediyepazar.com\/index.php?rest_route=\/wp\/v2\/media\/110386"}],"wp:attachment":[{"href":"https:\/\/www.hediyepazar.com\/index.php?rest_route=%2Fwp%2Fv2%2Fmedia&parent=110387"}],"wp:term":[{"taxonomy":"product_brand","embeddable":true,"href":"https:\/\/www.hediyepazar.com\/index.php?rest_route=%2Fwp%2Fv2%2Fproduct_brand&post=110387"},{"taxonomy":"product_cat","embeddable":true,"href":"https:\/\/www.hediyepazar.com\/index.php?rest_route=%2Fwp%2Fv2%2Fproduct_cat&post=110387"},{"taxonomy":"product_tag","embeddable":true,"href":"https:\/\/www.hediyepazar.com\/index.php?rest_route=%2Fwp%2Fv2%2Fproduct_tag&post=110387"}],"curies":[{"name":"wp","href":"https:\/\/api.w.org\/{rel}","templated":true}]}}