{"id":110389,"date":"2026-05-05T04:34:00","date_gmt":"2026-05-05T07:34:00","guid":{"rendered":"https:\/\/www.hediyepazar.com\/?product=akilli-saat-yeni-nesil-gps-ozelligi-nfc-ve-uyku-takibi"},"modified":"2026-05-05T04:34:00","modified_gmt":"2026-05-05T07:34:00","slug":"akilli-saat-yeni-nesil-gps-ozelligi-nfc-ve-uyku-takibi","status":"publish","type":"product","link":"https:\/\/www.hediyepazar.com\/?product=akilli-saat-yeni-nesil-gps-ozelligi-nfc-ve-uyku-takibi","title":{"rendered":"Ak\u0131ll\u0131 Saat Yeni Nesil GPS \u00d6zelli\u011fi NFC Ve Uyku Takibi"},"content":{"rendered":"<p>G\u00fcnl\u00fck Ya\u015fam\u0131n Vazge\u00e7ilmezi Ak\u0131ll\u0131 Saat Ad\u0131m Sayar: Hareketlerinizi takip ederek aktif ve sa\u011fl\u0131kl\u0131 bir ya\u015fam s\u00fcrmenizi destekler. Sa\u011fl\u0131k Asistan\u0131: Kalp ritminizi d\u00fczenli olarak \u00f6l\u00e7er ve uyku d\u00fczeninizi analiz ederek ki\u015fisel sa\u011fl\u0131k hedeflerinize ula\u015fman\u0131za yard\u0131mc\u0131 olur. Konforlu \u0130leti\u015fim: Sesli arama ve mesaj bildirimlerini do\u011frudan saatinizden y\u00f6netebilirsiniz. Navigasyon Kolayl\u0131\u011f\u0131: GPS \u00f6zelli\u011fi ile konumunuzu net bir \u015fekilde takip eder ve y\u00f6n bulmada yard\u0131mc\u0131 olur. Uzun Kullan\u0131m S\u00fcresi: 100-200 mAh pil kapasitesi, g\u00fcn boyu \u015farj endi\u015fesi olmadan kullan\u0131m imkan\u0131 sunar. Zorlu Ko\u015fullara Uyumlu: Suya ve toza dayan\u0131kl\u0131 yap\u0131s\u0131yla her durumda yan\u0131n\u0131zda. Estetik G\u00f6r\u00fcn\u00fcm: Siyah kordonuyla hem modern hem de profesyonel bir g\u00f6r\u00fcn\u00fcm sa\u011flar.Sa\u011fl\u0131k, ba\u011flant\u0131 ve \u015f\u0131kl\u0131\u011f\u0131 bir araya getiren bu ak\u0131ll\u0131 saatle her an kontrol sizde!<\/p>\n","protected":false},"excerpt":{"rendered":"<p>G\u00fcnl\u00fck Ya\u015fam\u0131n Vazge\u00e7ilmezi Ak\u0131ll\u0131 Saat Ad\u0131m Sayar: Hareketlerinizi takip ederek aktif ve sa\u011fl\u0131kl\u0131 bir ya\u015fam s\u00fcrmenizi destekler. Sa\u011fl\u0131k Asistan\u0131: Kalp ritminizi d\u00fczenli olarak \u00f6l\u00e7er ve uyku d\u00fczeninizi analiz ederek ki\u015fisel sa\u011fl\u0131k hedeflerinize ula\u015fman\u0131za yard\u0131mc\u0131 olur. Konforlu \u0130leti\u015fim: Sesli arama ve mesaj bildirimlerini do\u011frudan saatinizden y\u00f6netebilirsiniz. Navigasyon Kolayl\u0131\u011f\u0131: GPS \u00f6zelli\u011fi ile konumunuzu net bir \u015fekilde takip&#8230;<\/p>\n","protected":false},"featured_media":110388,"comment_status":"open","ping_status":"closed","template":"","meta":{"_kad_post_transparent":"","_kad_post_title":"","_kad_post_layout":"","_kad_post_sidebar_id":"","_kad_post_content_style":"","_kad_post_vertical_padding":"","_kad_post_feature":"","_kad_post_feature_position":"","_kad_post_header":false,"_kad_post_footer":false,"_kad_post_classname":""},"product_brand":[],"product_cat":[14935],"product_tag":[],"class_list":{"0":"post-110389","1":"product","2":"type-product","3":"status-publish","4":"has-post-thumbnail","6":"product_cat-akilli-saatler-akilli-saatler","8":"first","9":"instock","10":"purchasable","11":"product-type-simple","12":"entry","13":"content-bg","14":"loop-entry"},"_links":{"self":[{"href":"https:\/\/www.hediyepazar.com\/index.php?rest_route=\/wp\/v2\/product\/110389","targetHints":{"allow":["GET"]}}],"collection":[{"href":"https:\/\/www.hediyepazar.com\/index.php?rest_route=\/wp\/v2\/product"}],"about":[{"href":"https:\/\/www.hediyepazar.com\/index.php?rest_route=\/wp\/v2\/types\/product"}],"replies":[{"embeddable":true,"href":"https:\/\/www.hediyepazar.com\/index.php?rest_route=%2Fwp%2Fv2%2Fcomments&post=110389"}],"wp:featuredmedia":[{"embeddable":true,"href":"https:\/\/www.hediyepazar.com\/index.php?rest_route=\/wp\/v2\/media\/110388"}],"wp:attachment":[{"href":"https:\/\/www.hediyepazar.com\/index.php?rest_route=%2Fwp%2Fv2%2Fmedia&parent=110389"}],"wp:term":[{"taxonomy":"product_brand","embeddable":true,"href":"https:\/\/www.hediyepazar.com\/index.php?rest_route=%2Fwp%2Fv2%2Fproduct_brand&post=110389"},{"taxonomy":"product_cat","embeddable":true,"href":"https:\/\/www.hediyepazar.com\/index.php?rest_route=%2Fwp%2Fv2%2Fproduct_cat&post=110389"},{"taxonomy":"product_tag","embeddable":true,"href":"https:\/\/www.hediyepazar.com\/index.php?rest_route=%2Fwp%2Fv2%2Fproduct_tag&post=110389"}],"curies":[{"name":"wp","href":"https:\/\/api.w.org\/{rel}","templated":true}]}}