{"id":110397,"date":"2026-05-05T04:34:18","date_gmt":"2026-05-05T07:34:18","guid":{"rendered":"https:\/\/www.hediyepazar.com\/?product=akilli-saat-arama-cevaplayan-bildirim-gorme-yeni-nesil-bluetooth-baglantili"},"modified":"2026-05-05T04:34:18","modified_gmt":"2026-05-05T07:34:18","slug":"akilli-saat-arama-cevaplayan-bildirim-gorme-yeni-nesil-bluetooth-baglantili","status":"publish","type":"product","link":"https:\/\/www.hediyepazar.com\/?product=akilli-saat-arama-cevaplayan-bildirim-gorme-yeni-nesil-bluetooth-baglantili","title":{"rendered":"Ak\u0131ll\u0131 Saat Arama Cevaplayan Bildirim G\u00f6rme Yeni Nesil Bluetooth Ba\u011flant\u0131l\u0131"},"content":{"rendered":"<p>Modern Tasar\u0131m ve Geli\u015fmi\u015f \u00d6zellikler Zarif ve \u015e\u0131k G\u00f6r\u00fcn\u00fcm: G\u00fcm\u00fc\u015f kasa tasar\u0131m\u0131, hem modern hem de \u015f\u0131k bir g\u00f6r\u00fcn\u00fcm sunarak g\u00fcnl\u00fck kullan\u0131mda tarz\u0131n\u0131z\u0131 tamamlar. Ad\u0131msayar Fonksiyonu: G\u00fcnl\u00fck aktivitelerinizi kolayca takip edin ve sa\u011fl\u0131kl\u0131 ya\u015fam hedeflerinize ula\u015f\u0131n. Titre\u015fimli Bildirimler: Gelen \u00e7a\u011fr\u0131lar, mesajlar ve di\u011fer bildirimler i\u00e7in titre\u015fim fonksiyonu ile hi\u00e7bir \u00f6nemli an\u0131 ka\u00e7\u0131rmay\u0131n. Uzun S\u00fcreli Batarya: 200-300 mAh batarya kapasitesi sayesinde g\u00fcn boyunca kesintisiz kullan\u0131m sa\u011flar. Uyku Takibi: Uyku d\u00fczeninizi analiz ederek daha kaliteli bir uyku deneyimi i\u00e7in \u00f6neriler sunar. Sesli G\u00f6r\u00fc\u015fme \u00d6zelli\u011fi: Ak\u0131ll\u0131 saat \u00fczerinden telefonunuzu kullanmadan \u00e7a\u011fr\u0131lar\u0131n\u0131z\u0131 kolayca cevaplayabilirsiniz. Nab\u0131z Sens\u00f6r\u00fc: Kalp at\u0131\u015f h\u0131z\u0131n\u0131z\u0131 s\u00fcrekli izleyerek sa\u011fl\u0131k takibinizi kolayla\u015ft\u0131r\u0131r ve g\u00fcven verir.Hem \u015e\u0131kl\u0131k Hem FonksiyonellikBu ak\u0131ll\u0131 saat, hem \u015f\u0131kl\u0131\u011f\u0131 hem de i\u015flevselli\u011fi bir araya getirerek size e\u015fsiz bir deneyim sunar. Geli\u015fmi\u015f \u00f6zellikleri ve konforlu tasar\u0131m\u0131yla ya\u015fam\u0131n\u0131z\u0131 kolayla\u015ft\u0131r\u0131rken, tarz\u0131n\u0131za da katk\u0131da bulunur<\/p>\n","protected":false},"excerpt":{"rendered":"<p>Modern Tasar\u0131m ve Geli\u015fmi\u015f \u00d6zellikler Zarif ve \u015e\u0131k G\u00f6r\u00fcn\u00fcm: G\u00fcm\u00fc\u015f kasa tasar\u0131m\u0131, hem modern hem de \u015f\u0131k bir g\u00f6r\u00fcn\u00fcm sunarak g\u00fcnl\u00fck kullan\u0131mda tarz\u0131n\u0131z\u0131 tamamlar. Ad\u0131msayar Fonksiyonu: G\u00fcnl\u00fck aktivitelerinizi kolayca takip edin ve sa\u011fl\u0131kl\u0131 ya\u015fam hedeflerinize ula\u015f\u0131n. Titre\u015fimli Bildirimler: Gelen \u00e7a\u011fr\u0131lar, mesajlar ve di\u011fer bildirimler i\u00e7in titre\u015fim fonksiyonu ile hi\u00e7bir \u00f6nemli an\u0131 ka\u00e7\u0131rmay\u0131n. Uzun S\u00fcreli Batarya:&#8230;<\/p>\n","protected":false},"featured_media":110396,"comment_status":"open","ping_status":"closed","template":"","meta":{"_kad_post_transparent":"","_kad_post_title":"","_kad_post_layout":"","_kad_post_sidebar_id":"","_kad_post_content_style":"","_kad_post_vertical_padding":"","_kad_post_feature":"","_kad_post_feature_position":"","_kad_post_header":false,"_kad_post_footer":false,"_kad_post_classname":""},"product_brand":[],"product_cat":[14935],"product_tag":[],"class_list":{"0":"post-110397","1":"product","2":"type-product","3":"status-publish","4":"has-post-thumbnail","6":"product_cat-akilli-saatler-akilli-saatler","8":"first","9":"instock","10":"purchasable","11":"product-type-simple","12":"entry","13":"content-bg","14":"loop-entry"},"_links":{"self":[{"href":"https:\/\/www.hediyepazar.com\/index.php?rest_route=\/wp\/v2\/product\/110397","targetHints":{"allow":["GET"]}}],"collection":[{"href":"https:\/\/www.hediyepazar.com\/index.php?rest_route=\/wp\/v2\/product"}],"about":[{"href":"https:\/\/www.hediyepazar.com\/index.php?rest_route=\/wp\/v2\/types\/product"}],"replies":[{"embeddable":true,"href":"https:\/\/www.hediyepazar.com\/index.php?rest_route=%2Fwp%2Fv2%2Fcomments&post=110397"}],"wp:featuredmedia":[{"embeddable":true,"href":"https:\/\/www.hediyepazar.com\/index.php?rest_route=\/wp\/v2\/media\/110396"}],"wp:attachment":[{"href":"https:\/\/www.hediyepazar.com\/index.php?rest_route=%2Fwp%2Fv2%2Fmedia&parent=110397"}],"wp:term":[{"taxonomy":"product_brand","embeddable":true,"href":"https:\/\/www.hediyepazar.com\/index.php?rest_route=%2Fwp%2Fv2%2Fproduct_brand&post=110397"},{"taxonomy":"product_cat","embeddable":true,"href":"https:\/\/www.hediyepazar.com\/index.php?rest_route=%2Fwp%2Fv2%2Fproduct_cat&post=110397"},{"taxonomy":"product_tag","embeddable":true,"href":"https:\/\/www.hediyepazar.com\/index.php?rest_route=%2Fwp%2Fv2%2Fproduct_tag&post=110397"}],"curies":[{"name":"wp","href":"https:\/\/api.w.org\/{rel}","templated":true}]}}