{"id":110407,"date":"2026-05-05T04:35:13","date_gmt":"2026-05-05T07:35:13","guid":{"rendered":"https:\/\/www.hediyepazar.com\/?product=akilli-saat-nabiz-olcebilen-yeni-nesil-gps-ve-adimsayar-ozelligi"},"modified":"2026-05-05T04:35:13","modified_gmt":"2026-05-05T07:35:13","slug":"akilli-saat-nabiz-olcebilen-yeni-nesil-gps-ve-adimsayar-ozelligi","status":"publish","type":"product","link":"https:\/\/www.hediyepazar.com\/?product=akilli-saat-nabiz-olcebilen-yeni-nesil-gps-ve-adimsayar-ozelligi","title":{"rendered":"Ak\u0131ll\u0131 Saat Nab\u0131z \u00d6l\u00e7ebilen Yeni Nesil GPS ve Ad\u0131msayar \u00d6zelli\u011fi"},"content":{"rendered":"<p>Suya ve toza dayan\u0131kl\u0131, modern tasar\u0131m\u0131yla \u00f6ne \u00e7\u0131kan bu ak\u0131ll\u0131 saat, hem sa\u011fl\u0131k takibinizi kolayla\u015ft\u0131r\u0131r hem de g\u00fcnl\u00fck ya\u015fam\u0131n\u0131z\u0131 daha pratik hale getirir. Dayan\u0131kl\u0131l\u0131k ve \u015e\u0131kl\u0131k: Suya ve toza kar\u015f\u0131 dayan\u0131kl\u0131l\u0131\u011f\u0131, gri kasa ve siyah kordonun zarafetiyle birle\u015ferek hem spor hem de g\u00fcnl\u00fck kullan\u0131ma uygun bir aksesuar sunar. Sa\u011fl\u0131k ve Uyku Analizi: Nab\u0131z sens\u00f6r\u00fc sayesinde kalp at\u0131\u015f h\u0131z\u0131n\u0131z\u0131 s\u00fcrekli izleyebilir, uyku takibi fonksiyonu ile daha kaliteli uyku al\u0131\u015fkanl\u0131klar\u0131 geli\u015ftirebilirsiniz. Ak\u0131ll\u0131 \u0130leti\u015fim: Sesli g\u00f6r\u00fc\u015fme \u00f6zelli\u011fi, telefonunuzu kullanmadan \u00e7a\u011fr\u0131lar\u0131n\u0131z\u0131 yan\u0131tlaman\u0131z\u0131 sa\u011flar. GPS ve Ad\u0131msayar: Konumunuzu hassas bir \u015fekilde takip eden GPS ve ad\u0131msayar ile g\u00fcnl\u00fck aktivitelerinizi izleyerek egzersiz hedeflerinize ula\u015fabilirsiniz. Uzun Pil \u00d6mr\u00fc: 200-300 mAh bataryas\u0131, yo\u011fun kullan\u0131mda bile uzun s\u00fcreli performans sunar. Titre\u015fim Bildirimleri: \u00d6nemli uyar\u0131lar\u0131 an\u0131nda fark etmenizi sa\u011flayarak g\u00fcnl\u00fck hayat\u0131n\u0131z\u0131 kolayla\u015ft\u0131r\u0131r.Hem i\u015flevsellik hem de \u015f\u0131kl\u0131k arayanlar i\u00e7in bu ak\u0131ll\u0131 saat, kusursuz bir \u00e7\u00f6z\u00fcm sunuyor!<\/p>\n","protected":false},"excerpt":{"rendered":"<p>Suya ve toza dayan\u0131kl\u0131, modern tasar\u0131m\u0131yla \u00f6ne \u00e7\u0131kan bu ak\u0131ll\u0131 saat, hem sa\u011fl\u0131k takibinizi kolayla\u015ft\u0131r\u0131r hem de g\u00fcnl\u00fck ya\u015fam\u0131n\u0131z\u0131 daha pratik hale getirir. Dayan\u0131kl\u0131l\u0131k ve \u015e\u0131kl\u0131k: Suya ve toza kar\u015f\u0131 dayan\u0131kl\u0131l\u0131\u011f\u0131, gri kasa ve siyah kordonun zarafetiyle birle\u015ferek hem spor hem de g\u00fcnl\u00fck kullan\u0131ma uygun bir aksesuar sunar. Sa\u011fl\u0131k ve Uyku Analizi: Nab\u0131z sens\u00f6r\u00fc sayesinde&#8230;<\/p>\n","protected":false},"featured_media":110406,"comment_status":"open","ping_status":"closed","template":"","meta":{"_kad_post_transparent":"","_kad_post_title":"","_kad_post_layout":"","_kad_post_sidebar_id":"","_kad_post_content_style":"","_kad_post_vertical_padding":"","_kad_post_feature":"","_kad_post_feature_position":"","_kad_post_header":false,"_kad_post_footer":false,"_kad_post_classname":""},"product_brand":[],"product_cat":[14935],"product_tag":[],"class_list":{"0":"post-110407","1":"product","2":"type-product","3":"status-publish","4":"has-post-thumbnail","6":"product_cat-akilli-saatler-akilli-saatler","8":"first","9":"instock","10":"purchasable","11":"product-type-simple","12":"entry","13":"content-bg","14":"loop-entry"},"_links":{"self":[{"href":"https:\/\/www.hediyepazar.com\/index.php?rest_route=\/wp\/v2\/product\/110407","targetHints":{"allow":["GET"]}}],"collection":[{"href":"https:\/\/www.hediyepazar.com\/index.php?rest_route=\/wp\/v2\/product"}],"about":[{"href":"https:\/\/www.hediyepazar.com\/index.php?rest_route=\/wp\/v2\/types\/product"}],"replies":[{"embeddable":true,"href":"https:\/\/www.hediyepazar.com\/index.php?rest_route=%2Fwp%2Fv2%2Fcomments&post=110407"}],"wp:featuredmedia":[{"embeddable":true,"href":"https:\/\/www.hediyepazar.com\/index.php?rest_route=\/wp\/v2\/media\/110406"}],"wp:attachment":[{"href":"https:\/\/www.hediyepazar.com\/index.php?rest_route=%2Fwp%2Fv2%2Fmedia&parent=110407"}],"wp:term":[{"taxonomy":"product_brand","embeddable":true,"href":"https:\/\/www.hediyepazar.com\/index.php?rest_route=%2Fwp%2Fv2%2Fproduct_brand&post=110407"},{"taxonomy":"product_cat","embeddable":true,"href":"https:\/\/www.hediyepazar.com\/index.php?rest_route=%2Fwp%2Fv2%2Fproduct_cat&post=110407"},{"taxonomy":"product_tag","embeddable":true,"href":"https:\/\/www.hediyepazar.com\/index.php?rest_route=%2Fwp%2Fv2%2Fproduct_tag&post=110407"}],"curies":[{"name":"wp","href":"https:\/\/api.w.org\/{rel}","templated":true}]}}