{"id":110413,"date":"2026-05-05T04:37:01","date_gmt":"2026-05-05T07:37:01","guid":{"rendered":"https:\/\/www.hediyepazar.com\/?product=kablosuz-bluetooth-kulaklik-powerbankli-uzun-pil-omru-yuksek-ses-kaliteli"},"modified":"2026-05-05T04:37:01","modified_gmt":"2026-05-05T07:37:01","slug":"kablosuz-bluetooth-kulaklik-powerbankli-uzun-pil-omru-yuksek-ses-kaliteli","status":"publish","type":"product","link":"https:\/\/www.hediyepazar.com\/?product=kablosuz-bluetooth-kulaklik-powerbankli-uzun-pil-omru-yuksek-ses-kaliteli","title":{"rendered":"Kablosuz Bluetooth Kulakl\u0131k Powerbankli Uzun Pil \u00d6mr\u00fc Y\u00fcksek Ses Kaliteli"},"content":{"rendered":"<p>Teknoloji ve tasar\u0131m\u0131n m\u00fckemmel uyumunu bir araya getiren bu kulakl\u0131k, kablolu ve kablosuz se\u00e7eneklerle \u00e7ok y\u00f6nl\u00fc bir kullan\u0131m sunuyor. Ba\u011flant\u0131 Teknolojisi: Kablolu kullan\u0131mda y\u00fcksek ses kalitesi, Bluetooth 5.3 ile ise daha h\u0131zl\u0131 ve stabil bir ba\u011flant\u0131 sa\u011flar. Kullan\u0131m S\u00fcresi: 4 saat konu\u015fma ve m\u00fczik dinleme, 7 g\u00fcn bekleme s\u00fcresi, 10 metre \u00e7ekim mesafesiyle g\u00fcnl\u00fck ihtiya\u00e7lar\u0131n\u0131za rahatl\u0131kla uyum sa\u011flar. Batarya Performans\u0131: 2,000 mAh yedek batarya kapasitesi ve h\u0131zl\u0131 \u015farj \u00f6zelli\u011fi, cihaz\u0131n\u0131z\u0131 her zaman haz\u0131r tutar. Ergonomik Tasar\u0131m: Dokunmatik kontrol ve s\u00fcrg\u00fcl\u00fc kapak tasar\u0131m\u0131, hem \u015f\u0131k hem de i\u015flevsel bir kullan\u0131m deneyimi sunar. Ekstra \u00d6zellikler: Dahili mikrofon sayesinde oyun i\u00e7i ileti\u015fim veya telefon g\u00f6r\u00fc\u015fmeleri s\u0131ras\u0131nda net ses aktar\u0131m\u0131 sa\u011flar. 3&#8217;\u00fc 1 arada \u015farj \u00fcnitesi, her an pratik bir kullan\u0131m imkan\u0131 tan\u0131r.Y\u00fcksek ses kalitesi, g\u00fc\u00e7l\u00fc ba\u011flant\u0131 ve dayan\u0131kl\u0131 batarya \u00f6zellikleriyle bu kulakl\u0131k, g\u00fcnl\u00fck hayat\u0131n\u0131z\u0131 kolayla\u015ft\u0131rmak i\u00e7in tasarland\u0131!<\/p>\n","protected":false},"excerpt":{"rendered":"<p>Teknoloji ve tasar\u0131m\u0131n m\u00fckemmel uyumunu bir araya getiren bu kulakl\u0131k, kablolu ve kablosuz se\u00e7eneklerle \u00e7ok y\u00f6nl\u00fc bir kullan\u0131m sunuyor. Ba\u011flant\u0131 Teknolojisi: Kablolu kullan\u0131mda y\u00fcksek ses kalitesi, Bluetooth 5.3 ile ise daha h\u0131zl\u0131 ve stabil bir ba\u011flant\u0131 sa\u011flar. Kullan\u0131m S\u00fcresi: 4 saat konu\u015fma ve m\u00fczik dinleme, 7 g\u00fcn bekleme s\u00fcresi, 10 metre \u00e7ekim mesafesiyle g\u00fcnl\u00fck ihtiya\u00e7lar\u0131n\u0131za&#8230;<\/p>\n","protected":false},"featured_media":110412,"comment_status":"open","ping_status":"closed","template":"","meta":{"_kad_post_transparent":"","_kad_post_title":"","_kad_post_layout":"","_kad_post_sidebar_id":"","_kad_post_content_style":"","_kad_post_vertical_padding":"","_kad_post_feature":"","_kad_post_feature_position":"","_kad_post_header":false,"_kad_post_footer":false,"_kad_post_classname":""},"product_brand":[],"product_cat":[14957],"product_tag":[],"class_list":{"0":"post-110413","1":"product","2":"type-product","3":"status-publish","4":"has-post-thumbnail","6":"product_cat-kablosuz-kulaklik-kablosuz-kulaklik","8":"first","9":"instock","10":"purchasable","11":"product-type-simple","12":"entry","13":"content-bg","14":"loop-entry"},"_links":{"self":[{"href":"https:\/\/www.hediyepazar.com\/index.php?rest_route=\/wp\/v2\/product\/110413","targetHints":{"allow":["GET"]}}],"collection":[{"href":"https:\/\/www.hediyepazar.com\/index.php?rest_route=\/wp\/v2\/product"}],"about":[{"href":"https:\/\/www.hediyepazar.com\/index.php?rest_route=\/wp\/v2\/types\/product"}],"replies":[{"embeddable":true,"href":"https:\/\/www.hediyepazar.com\/index.php?rest_route=%2Fwp%2Fv2%2Fcomments&post=110413"}],"wp:featuredmedia":[{"embeddable":true,"href":"https:\/\/www.hediyepazar.com\/index.php?rest_route=\/wp\/v2\/media\/110412"}],"wp:attachment":[{"href":"https:\/\/www.hediyepazar.com\/index.php?rest_route=%2Fwp%2Fv2%2Fmedia&parent=110413"}],"wp:term":[{"taxonomy":"product_brand","embeddable":true,"href":"https:\/\/www.hediyepazar.com\/index.php?rest_route=%2Fwp%2Fv2%2Fproduct_brand&post=110413"},{"taxonomy":"product_cat","embeddable":true,"href":"https:\/\/www.hediyepazar.com\/index.php?rest_route=%2Fwp%2Fv2%2Fproduct_cat&post=110413"},{"taxonomy":"product_tag","embeddable":true,"href":"https:\/\/www.hediyepazar.com\/index.php?rest_route=%2Fwp%2Fv2%2Fproduct_tag&post=110413"}],"curies":[{"name":"wp","href":"https:\/\/api.w.org\/{rel}","templated":true}]}}