{"id":110427,"date":"2026-05-05T04:38:07","date_gmt":"2026-05-05T07:38:07","guid":{"rendered":"https:\/\/www.hediyepazar.com\/?product=yazili-kupa-kendi-kendini-karistiran-mikser-kupa-termos-bardak"},"modified":"2026-05-05T04:38:07","modified_gmt":"2026-05-05T07:38:07","slug":"yazili-kupa-kendi-kendini-karistiran-mikser-kupa-termos-bardak","status":"publish","type":"product","link":"https:\/\/www.hediyepazar.com\/?product=yazili-kupa-kendi-kendini-karistiran-mikser-kupa-termos-bardak","title":{"rendered":"Yaz\u0131l\u0131 Kupa Kendi Kendini Kar\u0131\u015ft\u0131ran Mikser Kupa Termos Bardak"},"content":{"rendered":"<p>Kendini Kar\u0131\u015ft\u0131ran Mikser Kupa Termos Bardak, pratikli\u011fi ve yenilik\u00e7i tasar\u0131m\u0131yla dikkat \u00e7ekiyor. Self Stirring Mug olarak da bilinen bu \u00fcr\u00fcn, i\u00e7ecek haz\u0131rlarken ya\u015fanan t\u00fcm zorluklara son vermek i\u00e7in tasarlanm\u0131\u015ft\u0131r. \u00d6zellikle toz kahve, \u00e7ay, s\u0131cak \u00e7ikolata veya protein tozlar\u0131n\u0131 m\u00fckemmel bir \u015fekilde kar\u0131\u015ft\u0131rarak, size zamandan tasarruf sa\u011fl\u0131yor. Kupada yer alan pille \u00e7al\u0131\u015fan k\u00fc\u00e7\u00fck pervane, g\u00fc\u00e7l\u00fc motoruyla kar\u0131\u015f\u0131m\u0131 tamamen homojen hale getiriyor.Kupan\u0131n kulpundaki d\u00fc\u011fmeye basman\u0131z yeterli! Mikser kupa, i\u00e7eceklerinizi kar\u0131\u015ft\u0131rmak i\u00e7in gerekli enerjiyi sa\u011flayarak ka\u015f\u0131k kullan\u0131m\u0131n\u0131 gereksiz hale getirir. Termos \u00f6zelli\u011fi sayesinde i\u00e7eceklerinizi uzun s\u00fcre s\u0131cak tutabilir. Paslanmaz metal g\u00f6vdesi dayan\u0131kl\u0131l\u0131k sunarken, bula\u015f\u0131k makinesinde y\u0131kanabilir olmas\u0131 temizli\u011fi kolayla\u015ft\u0131r\u0131r. Kompakt tasar\u0131m\u0131yla 200 ml s\u0131v\u0131 kapasitesine sahiptir ve 2 adet AAA ince kalem pil ile \u00e7al\u0131\u015f\u0131r. G\u00fcnl\u00fck ya\u015fam\u0131n\u0131zda konfor ve \u015f\u0131kl\u0131\u011f\u0131 bir arada sunan bu termos kupa, size kusursuz bir i\u00e7ecek deneyimi vadediyor.<\/p>\n","protected":false},"excerpt":{"rendered":"<p>Kendini Kar\u0131\u015ft\u0131ran Mikser Kupa Termos Bardak, pratikli\u011fi ve yenilik\u00e7i tasar\u0131m\u0131yla dikkat \u00e7ekiyor. Self Stirring Mug olarak da bilinen bu \u00fcr\u00fcn, i\u00e7ecek haz\u0131rlarken ya\u015fanan t\u00fcm zorluklara son vermek i\u00e7in tasarlanm\u0131\u015ft\u0131r. \u00d6zellikle toz kahve, \u00e7ay, s\u0131cak \u00e7ikolata veya protein tozlar\u0131n\u0131 m\u00fckemmel bir \u015fekilde kar\u0131\u015ft\u0131rarak, size zamandan tasarruf sa\u011fl\u0131yor. Kupada yer alan pille \u00e7al\u0131\u015fan k\u00fc\u00e7\u00fck pervane, g\u00fc\u00e7l\u00fc motoruyla&#8230;<\/p>\n","protected":false},"featured_media":110426,"comment_status":"open","ping_status":"closed","template":"","meta":{"_kad_post_transparent":"","_kad_post_title":"","_kad_post_layout":"","_kad_post_sidebar_id":"","_kad_post_content_style":"","_kad_post_vertical_padding":"","_kad_post_feature":"","_kad_post_feature_position":"","_kad_post_header":false,"_kad_post_footer":false,"_kad_post_classname":""},"product_brand":[],"product_cat":[15014],"product_tag":[],"class_list":{"0":"post-110427","1":"product","2":"type-product","3":"status-publish","4":"has-post-thumbnail","6":"product_cat-mug-mug","8":"first","9":"instock","10":"purchasable","11":"product-type-simple","12":"entry","13":"content-bg","14":"loop-entry"},"_links":{"self":[{"href":"https:\/\/www.hediyepazar.com\/index.php?rest_route=\/wp\/v2\/product\/110427","targetHints":{"allow":["GET"]}}],"collection":[{"href":"https:\/\/www.hediyepazar.com\/index.php?rest_route=\/wp\/v2\/product"}],"about":[{"href":"https:\/\/www.hediyepazar.com\/index.php?rest_route=\/wp\/v2\/types\/product"}],"replies":[{"embeddable":true,"href":"https:\/\/www.hediyepazar.com\/index.php?rest_route=%2Fwp%2Fv2%2Fcomments&post=110427"}],"wp:featuredmedia":[{"embeddable":true,"href":"https:\/\/www.hediyepazar.com\/index.php?rest_route=\/wp\/v2\/media\/110426"}],"wp:attachment":[{"href":"https:\/\/www.hediyepazar.com\/index.php?rest_route=%2Fwp%2Fv2%2Fmedia&parent=110427"}],"wp:term":[{"taxonomy":"product_brand","embeddable":true,"href":"https:\/\/www.hediyepazar.com\/index.php?rest_route=%2Fwp%2Fv2%2Fproduct_brand&post=110427"},{"taxonomy":"product_cat","embeddable":true,"href":"https:\/\/www.hediyepazar.com\/index.php?rest_route=%2Fwp%2Fv2%2Fproduct_cat&post=110427"},{"taxonomy":"product_tag","embeddable":true,"href":"https:\/\/www.hediyepazar.com\/index.php?rest_route=%2Fwp%2Fv2%2Fproduct_tag&post=110427"}],"curies":[{"name":"wp","href":"https:\/\/api.w.org\/{rel}","templated":true}]}}