{"id":110429,"date":"2026-05-05T04:38:11","date_gmt":"2026-05-05T07:38:11","guid":{"rendered":"https:\/\/www.hediyepazar.com\/?product=otomatik-kahve-ve-baharat-ogutucu-kolay-ve-tasinabilir"},"modified":"2026-05-05T04:38:11","modified_gmt":"2026-05-05T07:38:11","slug":"otomatik-kahve-ve-baharat-ogutucu-kolay-ve-tasinabilir","status":"publish","type":"product","link":"https:\/\/www.hediyepazar.com\/?product=otomatik-kahve-ve-baharat-ogutucu-kolay-ve-tasinabilir","title":{"rendered":"Otomatik Kahve ve Baharat \u00d6\u011f\u00fct\u00fcc\u00fc Kolay Ve Ta\u015f\u0131nabilir"},"content":{"rendered":"<p>Bu paslanmaz \u00e7elik kahve ve baharat \u00f6\u011f\u00fct\u00fcc\u00fc, sa\u011flaml\u0131\u011f\u0131 ve dayan\u0131kl\u0131l\u0131\u011f\u0131 ile dikkat \u00e7ekerken, mutfaktaki i\u015flerinizi kolayla\u015ft\u0131rmak i\u00e7in tasarlanm\u0131\u015ft\u0131r. Otomatik mekanizmas\u0131, zahmetsiz bir \u015fekilde kahve \u00e7ekirdeklerini veya \u00e7e\u015fitli baharatlar\u0131 \u00f6\u011f\u00fctmenize olanak tan\u0131r, b\u00f6ylece lezzetli kahveler haz\u0131rlarken veya yemeklerinize taze baharatlar eklerken zamandan tasarruf edersiniz. \u00dcr\u00fcnle birlikte gelen yedek b\u0131\u00e7ak hediyesi, uzun \u00f6m\u00fcrl\u00fc kullan\u0131m ve ek masraflardan tasarruf etmenizi sa\u011flar. Hijyenik ve kullan\u0131c\u0131 dostu tasar\u0131m\u0131, kolay temizlenebilirli\u011fi ile birle\u015ferek cihaz\u0131n her kullan\u0131m sonras\u0131 h\u0131zla temizlenmesini m\u00fcmk\u00fcn k\u0131lar. \u015e\u0131k ve modern tasar\u0131m\u0131, hem g\u00f6rsel hem de i\u015flevsel a\u00e7\u0131dan mutfa\u011f\u0131n\u0131za de\u011fer katar. Hem g\u00fcnl\u00fck kullan\u0131m hem de \u00f6zel anlar i\u00e7in ideal bir yard\u0131mc\u0131d\u0131r.<\/p>\n","protected":false},"excerpt":{"rendered":"<p>Bu paslanmaz \u00e7elik kahve ve baharat \u00f6\u011f\u00fct\u00fcc\u00fc, sa\u011flaml\u0131\u011f\u0131 ve dayan\u0131kl\u0131l\u0131\u011f\u0131 ile dikkat \u00e7ekerken, mutfaktaki i\u015flerinizi kolayla\u015ft\u0131rmak i\u00e7in tasarlanm\u0131\u015ft\u0131r. Otomatik mekanizmas\u0131, zahmetsiz bir \u015fekilde kahve \u00e7ekirdeklerini veya \u00e7e\u015fitli baharatlar\u0131 \u00f6\u011f\u00fctmenize olanak tan\u0131r, b\u00f6ylece lezzetli kahveler haz\u0131rlarken veya yemeklerinize taze baharatlar eklerken zamandan tasarruf edersiniz. \u00dcr\u00fcnle birlikte gelen yedek b\u0131\u00e7ak hediyesi, uzun \u00f6m\u00fcrl\u00fc kullan\u0131m ve ek masraflardan&#8230;<\/p>\n","protected":false},"featured_media":110428,"comment_status":"open","ping_status":"closed","template":"","meta":{"_kad_post_transparent":"","_kad_post_title":"","_kad_post_layout":"","_kad_post_sidebar_id":"","_kad_post_content_style":"","_kad_post_vertical_padding":"","_kad_post_feature":"","_kad_post_feature_position":"","_kad_post_header":false,"_kad_post_footer":false,"_kad_post_classname":""},"product_brand":[],"product_cat":[15016],"product_tag":[],"class_list":{"0":"post-110429","1":"product","2":"type-product","3":"status-publish","4":"has-post-thumbnail","6":"product_cat-baharat-ogutucu-baharat-ogutucu-2","8":"first","9":"instock","10":"purchasable","11":"product-type-simple","12":"entry","13":"content-bg","14":"loop-entry"},"_links":{"self":[{"href":"https:\/\/www.hediyepazar.com\/index.php?rest_route=\/wp\/v2\/product\/110429","targetHints":{"allow":["GET"]}}],"collection":[{"href":"https:\/\/www.hediyepazar.com\/index.php?rest_route=\/wp\/v2\/product"}],"about":[{"href":"https:\/\/www.hediyepazar.com\/index.php?rest_route=\/wp\/v2\/types\/product"}],"replies":[{"embeddable":true,"href":"https:\/\/www.hediyepazar.com\/index.php?rest_route=%2Fwp%2Fv2%2Fcomments&post=110429"}],"wp:featuredmedia":[{"embeddable":true,"href":"https:\/\/www.hediyepazar.com\/index.php?rest_route=\/wp\/v2\/media\/110428"}],"wp:attachment":[{"href":"https:\/\/www.hediyepazar.com\/index.php?rest_route=%2Fwp%2Fv2%2Fmedia&parent=110429"}],"wp:term":[{"taxonomy":"product_brand","embeddable":true,"href":"https:\/\/www.hediyepazar.com\/index.php?rest_route=%2Fwp%2Fv2%2Fproduct_brand&post=110429"},{"taxonomy":"product_cat","embeddable":true,"href":"https:\/\/www.hediyepazar.com\/index.php?rest_route=%2Fwp%2Fv2%2Fproduct_cat&post=110429"},{"taxonomy":"product_tag","embeddable":true,"href":"https:\/\/www.hediyepazar.com\/index.php?rest_route=%2Fwp%2Fv2%2Fproduct_tag&post=110429"}],"curies":[{"name":"wp","href":"https:\/\/api.w.org\/{rel}","templated":true}]}}