{"id":110433,"date":"2026-05-05T04:38:21","date_gmt":"2026-05-05T07:38:21","guid":{"rendered":"https:\/\/www.hediyepazar.com\/?product=kahve-ve-baharat-ogutucu-dayanikli-paslanmaz-celik-kolay-kullanim"},"modified":"2026-05-05T04:38:21","modified_gmt":"2026-05-05T07:38:21","slug":"kahve-ve-baharat-ogutucu-dayanikli-paslanmaz-celik-kolay-kullanim","status":"publish","type":"product","link":"https:\/\/www.hediyepazar.com\/?product=kahve-ve-baharat-ogutucu-dayanikli-paslanmaz-celik-kolay-kullanim","title":{"rendered":"Kahve Ve Baharat \u00d6\u011f\u00fct\u00fcc\u00fc Dayan\u0131kl\u0131 Paslanmaz \u00c7elik Kolay Kullan\u0131m"},"content":{"rendered":"<p>Dayan\u0131kl\u0131 paslanmaz \u00e7elik malzemeden \u00fcretilen bu otomatik kahve ve baharat \u00f6\u011f\u00fct\u00fcc\u00fc, mutfakta uzun \u00f6m\u00fcrl\u00fc bir kullan\u0131m sunar. G\u00fc\u00e7l\u00fc ve g\u00fcvenilir yap\u0131s\u0131, sert kahve \u00e7ekirdeklerini ve farkl\u0131 baharat t\u00fcrlerini kolayca \u00f6\u011f\u00fctmenize olanak tan\u0131r. Otomatik mekanizmas\u0131, i\u015flemleri h\u0131zl\u0131 ve zahmetsiz hale getirirken, kullan\u0131c\u0131 dostu tasar\u0131m\u0131yla mutfakta b\u00fcy\u00fck kolayl\u0131k sa\u011flar. \u00dcr\u00fcnle birlikte sunulan yedek b\u0131\u00e7ak hediyesi, b\u0131\u00e7ak de\u011fi\u015ftirme maliyetlerini ortadan kald\u0131rarak ekonomik bir \u00e7\u00f6z\u00fcm sunar. Kolay temizlenebilir yap\u0131s\u0131 sayesinde hijyen standartlar\u0131n\u0131 korurken, cihaz\u0131n d\u00fczenli bak\u0131m\u0131n\u0131 pratik bir \u015fekilde yapabilirsiniz. \u015e\u0131k ve modern tasar\u0131m\u0131, mutfa\u011f\u0131n\u0131za hem estetik bir g\u00f6r\u00fcn\u00fcm kazand\u0131r\u0131r hem de i\u015flevselli\u011fiyle g\u00fcnl\u00fck ihtiya\u00e7lar\u0131n\u0131z\u0131 kar\u015f\u0131lar.<\/p>\n","protected":false},"excerpt":{"rendered":"<p>Dayan\u0131kl\u0131 paslanmaz \u00e7elik malzemeden \u00fcretilen bu otomatik kahve ve baharat \u00f6\u011f\u00fct\u00fcc\u00fc, mutfakta uzun \u00f6m\u00fcrl\u00fc bir kullan\u0131m sunar. G\u00fc\u00e7l\u00fc ve g\u00fcvenilir yap\u0131s\u0131, sert kahve \u00e7ekirdeklerini ve farkl\u0131 baharat t\u00fcrlerini kolayca \u00f6\u011f\u00fctmenize olanak tan\u0131r. Otomatik mekanizmas\u0131, i\u015flemleri h\u0131zl\u0131 ve zahmetsiz hale getirirken, kullan\u0131c\u0131 dostu tasar\u0131m\u0131yla mutfakta b\u00fcy\u00fck kolayl\u0131k sa\u011flar. \u00dcr\u00fcnle birlikte sunulan yedek b\u0131\u00e7ak hediyesi, b\u0131\u00e7ak de\u011fi\u015ftirme&#8230;<\/p>\n","protected":false},"featured_media":110432,"comment_status":"open","ping_status":"closed","template":"","meta":{"_kad_post_transparent":"","_kad_post_title":"","_kad_post_layout":"","_kad_post_sidebar_id":"","_kad_post_content_style":"","_kad_post_vertical_padding":"","_kad_post_feature":"","_kad_post_feature_position":"","_kad_post_header":false,"_kad_post_footer":false,"_kad_post_classname":""},"product_brand":[],"product_cat":[15016],"product_tag":[],"class_list":{"0":"post-110433","1":"product","2":"type-product","3":"status-publish","4":"has-post-thumbnail","6":"product_cat-baharat-ogutucu-baharat-ogutucu-2","8":"first","9":"instock","10":"purchasable","11":"product-type-simple","12":"entry","13":"content-bg","14":"loop-entry"},"_links":{"self":[{"href":"https:\/\/www.hediyepazar.com\/index.php?rest_route=\/wp\/v2\/product\/110433","targetHints":{"allow":["GET"]}}],"collection":[{"href":"https:\/\/www.hediyepazar.com\/index.php?rest_route=\/wp\/v2\/product"}],"about":[{"href":"https:\/\/www.hediyepazar.com\/index.php?rest_route=\/wp\/v2\/types\/product"}],"replies":[{"embeddable":true,"href":"https:\/\/www.hediyepazar.com\/index.php?rest_route=%2Fwp%2Fv2%2Fcomments&post=110433"}],"wp:featuredmedia":[{"embeddable":true,"href":"https:\/\/www.hediyepazar.com\/index.php?rest_route=\/wp\/v2\/media\/110432"}],"wp:attachment":[{"href":"https:\/\/www.hediyepazar.com\/index.php?rest_route=%2Fwp%2Fv2%2Fmedia&parent=110433"}],"wp:term":[{"taxonomy":"product_brand","embeddable":true,"href":"https:\/\/www.hediyepazar.com\/index.php?rest_route=%2Fwp%2Fv2%2Fproduct_brand&post=110433"},{"taxonomy":"product_cat","embeddable":true,"href":"https:\/\/www.hediyepazar.com\/index.php?rest_route=%2Fwp%2Fv2%2Fproduct_cat&post=110433"},{"taxonomy":"product_tag","embeddable":true,"href":"https:\/\/www.hediyepazar.com\/index.php?rest_route=%2Fwp%2Fv2%2Fproduct_tag&post=110433"}],"curies":[{"name":"wp","href":"https:\/\/api.w.org\/{rel}","templated":true}]}}