{"id":110453,"date":"2026-05-05T04:40:18","date_gmt":"2026-05-05T07:40:18","guid":{"rendered":"https:\/\/www.hediyepazar.com\/?product=akilli-saat-adimsayar-nabiz-takibi-ve-gps-destekli-kadinlara-ozel"},"modified":"2026-05-05T04:40:18","modified_gmt":"2026-05-05T07:40:18","slug":"akilli-saat-adimsayar-nabiz-takibi-ve-gps-destekli-kadinlara-ozel","status":"publish","type":"product","link":"https:\/\/www.hediyepazar.com\/?product=akilli-saat-adimsayar-nabiz-takibi-ve-gps-destekli-kadinlara-ozel","title":{"rendered":"Ak\u0131ll\u0131 Saat Ad\u0131msayar Nab\u0131z Takibi ve GPS Destekli Kad\u0131nlara \u00d6zel"},"content":{"rendered":"<p>Tam Donan\u0131ml\u0131 Ak\u0131ll\u0131 Saat &#8211; Aktivite ve \u0130leti\u015fim Kolayl\u0131\u011f\u0131 Y\u00fcksek Batarya Kapasitesi: 2000-3000 mAh bataryas\u0131 ile uzun s\u00fcreli kullan\u0131m sa\u011flar, seyahatlerde bile \u015farj endi\u015fesini ortadan kald\u0131r\u0131r. Rose Gold Esteti\u011fi: Zarif ve \u015f\u0131k tasar\u0131m\u0131yla stil sahibi kullan\u0131c\u0131lar\u0131n tercihi. Aktivite ve Fitness Takibi: Ad\u0131msayar, kalori \u00f6l\u00e7\u00fcm\u00fc ve egzersiz takibiyle sa\u011fl\u0131kl\u0131 ya\u015fam hedeflerinize ula\u015f\u0131n. Uyku Analizi: Uyku d\u00fczeninizi izler, uyku kalitenizi art\u0131rmak i\u00e7in veriler sunar. Nab\u0131z \u00d6l\u00e7er ve Sa\u011fl\u0131k \u0130zleme: Kalp at\u0131\u015f h\u0131z\u0131n\u0131z\u0131 anl\u0131k izleyerek sa\u011fl\u0131k hedeflerinize ula\u015fman\u0131za yard\u0131mc\u0131 olur. Entegre GPS Deste\u011fi: Rotan\u0131z\u0131 hassas bir \u015fekilde izler ve y\u00f6n bulma ihtiya\u00e7lar\u0131n\u0131zda yard\u0131mc\u0131 olur. Bluetooth ile Kolay \u0130leti\u015fim: Sesli g\u00f6r\u00fc\u015fme \u00f6zelli\u011fiyle telefonunuza dokunmadan aramalar\u0131n\u0131za cevap verebilirsiniz. Titre\u015fimli Bildirimler: Gelen aramalar, mesajlar ve uygulama uyar\u0131lar\u0131n\u0131 titre\u015fimle kolayca fark edin.Geli\u015fmi\u015f \u00f6zellikleri ve \u015f\u0131k tasar\u0131m\u0131yla hem i\u015flevsellik hem de estetik arayan kullan\u0131c\u0131lar i\u00e7in m\u00fckemmel bir tercih.<\/p>\n","protected":false},"excerpt":{"rendered":"<p>Tam Donan\u0131ml\u0131 Ak\u0131ll\u0131 Saat &#8211; Aktivite ve \u0130leti\u015fim Kolayl\u0131\u011f\u0131 Y\u00fcksek Batarya Kapasitesi: 2000-3000 mAh bataryas\u0131 ile uzun s\u00fcreli kullan\u0131m sa\u011flar, seyahatlerde bile \u015farj endi\u015fesini ortadan kald\u0131r\u0131r. Rose Gold Esteti\u011fi: Zarif ve \u015f\u0131k tasar\u0131m\u0131yla stil sahibi kullan\u0131c\u0131lar\u0131n tercihi. Aktivite ve Fitness Takibi: Ad\u0131msayar, kalori \u00f6l\u00e7\u00fcm\u00fc ve egzersiz takibiyle sa\u011fl\u0131kl\u0131 ya\u015fam hedeflerinize ula\u015f\u0131n. Uyku Analizi: Uyku d\u00fczeninizi&#8230;<\/p>\n","protected":false},"featured_media":110452,"comment_status":"open","ping_status":"closed","template":"","meta":{"_kad_post_transparent":"","_kad_post_title":"","_kad_post_layout":"","_kad_post_sidebar_id":"","_kad_post_content_style":"","_kad_post_vertical_padding":"","_kad_post_feature":"","_kad_post_feature_position":"","_kad_post_header":false,"_kad_post_footer":false,"_kad_post_classname":""},"product_brand":[],"product_cat":[14935],"product_tag":[],"class_list":{"0":"post-110453","1":"product","2":"type-product","3":"status-publish","4":"has-post-thumbnail","6":"product_cat-akilli-saatler-akilli-saatler","8":"first","9":"instock","10":"purchasable","11":"product-type-simple","12":"entry","13":"content-bg","14":"loop-entry"},"_links":{"self":[{"href":"https:\/\/www.hediyepazar.com\/index.php?rest_route=\/wp\/v2\/product\/110453","targetHints":{"allow":["GET"]}}],"collection":[{"href":"https:\/\/www.hediyepazar.com\/index.php?rest_route=\/wp\/v2\/product"}],"about":[{"href":"https:\/\/www.hediyepazar.com\/index.php?rest_route=\/wp\/v2\/types\/product"}],"replies":[{"embeddable":true,"href":"https:\/\/www.hediyepazar.com\/index.php?rest_route=%2Fwp%2Fv2%2Fcomments&post=110453"}],"wp:featuredmedia":[{"embeddable":true,"href":"https:\/\/www.hediyepazar.com\/index.php?rest_route=\/wp\/v2\/media\/110452"}],"wp:attachment":[{"href":"https:\/\/www.hediyepazar.com\/index.php?rest_route=%2Fwp%2Fv2%2Fmedia&parent=110453"}],"wp:term":[{"taxonomy":"product_brand","embeddable":true,"href":"https:\/\/www.hediyepazar.com\/index.php?rest_route=%2Fwp%2Fv2%2Fproduct_brand&post=110453"},{"taxonomy":"product_cat","embeddable":true,"href":"https:\/\/www.hediyepazar.com\/index.php?rest_route=%2Fwp%2Fv2%2Fproduct_cat&post=110453"},{"taxonomy":"product_tag","embeddable":true,"href":"https:\/\/www.hediyepazar.com\/index.php?rest_route=%2Fwp%2Fv2%2Fproduct_tag&post=110453"}],"curies":[{"name":"wp","href":"https:\/\/api.w.org\/{rel}","templated":true}]}}