{"id":110457,"date":"2026-05-05T04:41:01","date_gmt":"2026-05-05T07:41:01","guid":{"rendered":"https:\/\/www.hediyepazar.com\/?product=akilli-saat-kadinlara-uyku-ve-saglik-takibi-yapabilen-bileklik-hediyeli"},"modified":"2026-05-05T04:41:01","modified_gmt":"2026-05-05T07:41:01","slug":"akilli-saat-kadinlara-uyku-ve-saglik-takibi-yapabilen-bileklik-hediyeli","status":"publish","type":"product","link":"https:\/\/www.hediyepazar.com\/?product=akilli-saat-kadinlara-uyku-ve-saglik-takibi-yapabilen-bileklik-hediyeli","title":{"rendered":"Ak\u0131ll\u0131 Saat Kad\u0131nlara Uyku Ve Sa\u011fl\u0131k Takibi Yapabilen Bileklik Hediyeli"},"content":{"rendered":"<p>2000-3000 mAh Batarya: G\u00fcn boyu kesintisiz kullan\u0131m sunan y\u00fcksek kapasiteli batarya ile \u015farj derdi olmadan t\u00fcm \u00f6zellikleri \u00f6zg\u00fcrce kullanabilirsiniz. Modern Rose Gold Tasar\u0131m: \u015e\u0131k ve zarif rose gold kasa, hem spor hem de klasik kombinlerle uyum sa\u011flayarak tarz\u0131n\u0131z\u0131 tamamlar. Ad\u0131msayar \u00d6zelli\u011fi: G\u00fcnl\u00fck aktivitelerinizi takip edin, at\u0131lan ad\u0131mlar\u0131 ve kat edilen mesafeyi izleyerek hareketlili\u011finizi art\u0131r\u0131n. Uyku Takibi: Uyku d\u00fczeninizi analiz eder, sa\u011fl\u0131kl\u0131 ve kaliteli bir uyku i\u00e7in \u00f6neriler sunar. Nab\u0131z \u00d6l\u00e7er: Kalp at\u0131\u015f h\u0131z\u0131n\u0131z\u0131 ger\u00e7ek zamanl\u0131 izleyerek sa\u011fl\u0131\u011f\u0131n\u0131z\u0131 her an kontrol alt\u0131nda tutun. Entegre GPS: Hassas konum takibi ile rotan\u0131z\u0131 belirleyin ve navigasyon ihtiya\u00e7lar\u0131n\u0131zda kolayl\u0131k sa\u011flay\u0131n. Sesli G\u00f6r\u00fc\u015fme: Telefonunuza dokunmadan \u00e7a\u011fr\u0131lar\u0131n\u0131z\u0131 cevaplayarak ileti\u015fimde kal\u0131n. Titre\u015fim Bildirimleri: Gelen \u00e7a\u011fr\u0131lar, mesajlar ve di\u011fer bildirimleri ka\u00e7\u0131rmaman\u0131z i\u00e7in titre\u015fim ile uyar\u0131.G\u00fcnl\u00fck kullan\u0131mda ihtiyac\u0131n\u0131z olan t\u00fcm \u00f6zellikleri bir arada sunan bu ak\u0131ll\u0131 saat, hem i\u015flevselli\u011fi hem de estetik tasar\u0131m\u0131yla \u00f6ne \u00e7\u0131kar.<\/p>\n","protected":false},"excerpt":{"rendered":"<p>2000-3000 mAh Batarya: G\u00fcn boyu kesintisiz kullan\u0131m sunan y\u00fcksek kapasiteli batarya ile \u015farj derdi olmadan t\u00fcm \u00f6zellikleri \u00f6zg\u00fcrce kullanabilirsiniz. Modern Rose Gold Tasar\u0131m: \u015e\u0131k ve zarif rose gold kasa, hem spor hem de klasik kombinlerle uyum sa\u011flayarak tarz\u0131n\u0131z\u0131 tamamlar. Ad\u0131msayar \u00d6zelli\u011fi: G\u00fcnl\u00fck aktivitelerinizi takip edin, at\u0131lan ad\u0131mlar\u0131 ve kat edilen mesafeyi izleyerek hareketlili\u011finizi art\u0131r\u0131n. Uyku&#8230;<\/p>\n","protected":false},"featured_media":110456,"comment_status":"open","ping_status":"closed","template":"","meta":{"_kad_post_transparent":"","_kad_post_title":"","_kad_post_layout":"","_kad_post_sidebar_id":"","_kad_post_content_style":"","_kad_post_vertical_padding":"","_kad_post_feature":"","_kad_post_feature_position":"","_kad_post_header":false,"_kad_post_footer":false,"_kad_post_classname":""},"product_brand":[],"product_cat":[14935],"product_tag":[],"class_list":{"0":"post-110457","1":"product","2":"type-product","3":"status-publish","4":"has-post-thumbnail","6":"product_cat-akilli-saatler-akilli-saatler","8":"first","9":"instock","10":"purchasable","11":"product-type-simple","12":"entry","13":"content-bg","14":"loop-entry"},"_links":{"self":[{"href":"https:\/\/www.hediyepazar.com\/index.php?rest_route=\/wp\/v2\/product\/110457","targetHints":{"allow":["GET"]}}],"collection":[{"href":"https:\/\/www.hediyepazar.com\/index.php?rest_route=\/wp\/v2\/product"}],"about":[{"href":"https:\/\/www.hediyepazar.com\/index.php?rest_route=\/wp\/v2\/types\/product"}],"replies":[{"embeddable":true,"href":"https:\/\/www.hediyepazar.com\/index.php?rest_route=%2Fwp%2Fv2%2Fcomments&post=110457"}],"wp:featuredmedia":[{"embeddable":true,"href":"https:\/\/www.hediyepazar.com\/index.php?rest_route=\/wp\/v2\/media\/110456"}],"wp:attachment":[{"href":"https:\/\/www.hediyepazar.com\/index.php?rest_route=%2Fwp%2Fv2%2Fmedia&parent=110457"}],"wp:term":[{"taxonomy":"product_brand","embeddable":true,"href":"https:\/\/www.hediyepazar.com\/index.php?rest_route=%2Fwp%2Fv2%2Fproduct_brand&post=110457"},{"taxonomy":"product_cat","embeddable":true,"href":"https:\/\/www.hediyepazar.com\/index.php?rest_route=%2Fwp%2Fv2%2Fproduct_cat&post=110457"},{"taxonomy":"product_tag","embeddable":true,"href":"https:\/\/www.hediyepazar.com\/index.php?rest_route=%2Fwp%2Fv2%2Fproduct_tag&post=110457"}],"curies":[{"name":"wp","href":"https:\/\/api.w.org\/{rel}","templated":true}]}}