{"id":110465,"date":"2026-05-05T04:41:17","date_gmt":"2026-05-05T07:41:17","guid":{"rendered":"https:\/\/www.hediyepazar.com\/?product=dokunmatik-kontrollu-kablosuz-kulaklik-ios-ve-android-uyumlu"},"modified":"2026-05-05T04:41:17","modified_gmt":"2026-05-05T07:41:17","slug":"dokunmatik-kontrollu-kablosuz-kulaklik-ios-ve-android-uyumlu","status":"publish","type":"product","link":"https:\/\/www.hediyepazar.com\/?product=dokunmatik-kontrollu-kablosuz-kulaklik-ios-ve-android-uyumlu","title":{"rendered":"Dokunmatik Kontroll\u00fc Kablosuz Kulakl\u0131k iOS ve Android Uyumlu"},"content":{"rendered":"<p>Bu kablosuz Bluetooth kulakl\u0131k, m\u00fckemmel ses kalitesi ve rahatl\u0131k sunarak, t\u00fcm m\u00fczik severler ve telefon g\u00f6r\u00fc\u015fmesi yapanlar i\u00e7in ideal bir se\u00e7enektir. Kulakl\u0131k, y\u00fcksek kaliteli ses performans\u0131 sunarak m\u00fczik, podcast ve telefon g\u00f6r\u00fc\u015fmelerinizi en iyi \u015fekilde deneyimlemenizi sa\u011flar. Ergonomik ve kulak i\u00e7i tasar\u0131m\u0131, kula\u011f\u0131n\u0131za tam oturur ve uzun s\u00fcreli kullan\u0131mlarda bile herhangi bir rahats\u0131zl\u0131k hissettirmez. Hafif ve kompakt yap\u0131s\u0131, ta\u015f\u0131ma kolayl\u0131\u011f\u0131 sa\u011flar, b\u00f6ylece kulakl\u0131k her zaman yan\u0131n\u0131zda olabilir. Uzun pil \u00f6mr\u00fc ile \u015farj etti\u011finizde g\u00fcn boyu m\u00fczik dinleme veya aramalar yapma imkan\u0131 sunar. Bu kulakl\u0131k, hem iOS hem de Android cihazlarla tam uyumlu olup, cihazlar\u0131n\u0131zla h\u0131zl\u0131 ve sorunsuz ba\u011flant\u0131 sa\u011flar. Spor yaparken, y\u00fcr\u00fcy\u00fc\u015flerde ya da seyahat ederken m\u00fczik keyfini kesintisiz olarak ya\u015fayabilirsiniz. Ta\u015f\u0131ma kutusu ile kulakl\u0131klar\u0131n\u0131z\u0131 g\u00fcvenle ta\u015f\u0131yabilir ve ihtiya\u00e7 duydu\u011funuzda h\u0131zl\u0131ca \u015farj edebilirsiniz. Ayr\u0131ca, dokunmatik kontrolleri sayesinde \u015fark\u0131lar\u0131 de\u011fi\u015ftirme, aramalar\u0131 yan\u0131tlama ve ses ayarlar\u0131n\u0131 kolayca yapabilirsiniz<\/p>\n","protected":false},"excerpt":{"rendered":"<p>Bu kablosuz Bluetooth kulakl\u0131k, m\u00fckemmel ses kalitesi ve rahatl\u0131k sunarak, t\u00fcm m\u00fczik severler ve telefon g\u00f6r\u00fc\u015fmesi yapanlar i\u00e7in ideal bir se\u00e7enektir. Kulakl\u0131k, y\u00fcksek kaliteli ses performans\u0131 sunarak m\u00fczik, podcast ve telefon g\u00f6r\u00fc\u015fmelerinizi en iyi \u015fekilde deneyimlemenizi sa\u011flar. Ergonomik ve kulak i\u00e7i tasar\u0131m\u0131, kula\u011f\u0131n\u0131za tam oturur ve uzun s\u00fcreli kullan\u0131mlarda bile herhangi bir rahats\u0131zl\u0131k hissettirmez. Hafif&#8230;<\/p>\n","protected":false},"featured_media":110464,"comment_status":"open","ping_status":"closed","template":"","meta":{"_kad_post_transparent":"","_kad_post_title":"","_kad_post_layout":"","_kad_post_sidebar_id":"","_kad_post_content_style":"","_kad_post_vertical_padding":"","_kad_post_feature":"","_kad_post_feature_position":"","_kad_post_header":false,"_kad_post_footer":false,"_kad_post_classname":""},"product_brand":[],"product_cat":[14957],"product_tag":[],"class_list":{"0":"post-110465","1":"product","2":"type-product","3":"status-publish","4":"has-post-thumbnail","6":"product_cat-kablosuz-kulaklik-kablosuz-kulaklik","8":"first","9":"instock","10":"purchasable","11":"product-type-simple","12":"entry","13":"content-bg","14":"loop-entry"},"_links":{"self":[{"href":"https:\/\/www.hediyepazar.com\/index.php?rest_route=\/wp\/v2\/product\/110465","targetHints":{"allow":["GET"]}}],"collection":[{"href":"https:\/\/www.hediyepazar.com\/index.php?rest_route=\/wp\/v2\/product"}],"about":[{"href":"https:\/\/www.hediyepazar.com\/index.php?rest_route=\/wp\/v2\/types\/product"}],"replies":[{"embeddable":true,"href":"https:\/\/www.hediyepazar.com\/index.php?rest_route=%2Fwp%2Fv2%2Fcomments&post=110465"}],"wp:featuredmedia":[{"embeddable":true,"href":"https:\/\/www.hediyepazar.com\/index.php?rest_route=\/wp\/v2\/media\/110464"}],"wp:attachment":[{"href":"https:\/\/www.hediyepazar.com\/index.php?rest_route=%2Fwp%2Fv2%2Fmedia&parent=110465"}],"wp:term":[{"taxonomy":"product_brand","embeddable":true,"href":"https:\/\/www.hediyepazar.com\/index.php?rest_route=%2Fwp%2Fv2%2Fproduct_brand&post=110465"},{"taxonomy":"product_cat","embeddable":true,"href":"https:\/\/www.hediyepazar.com\/index.php?rest_route=%2Fwp%2Fv2%2Fproduct_cat&post=110465"},{"taxonomy":"product_tag","embeddable":true,"href":"https:\/\/www.hediyepazar.com\/index.php?rest_route=%2Fwp%2Fv2%2Fproduct_tag&post=110465"}],"curies":[{"name":"wp","href":"https:\/\/api.w.org\/{rel}","templated":true}]}}