{"id":110481,"date":"2026-05-05T04:43:56","date_gmt":"2026-05-05T07:43:56","guid":{"rendered":"https:\/\/www.hediyepazar.com\/?product=kamuflaj-desenli-joystick-ps4-oyun-kolu"},"modified":"2026-05-05T04:43:56","modified_gmt":"2026-05-05T07:43:56","slug":"kamuflaj-desenli-joystick-ps4-oyun-kolu","status":"publish","type":"product","link":"https:\/\/www.hediyepazar.com\/?product=kamuflaj-desenli-joystick-ps4-oyun-kolu","title":{"rendered":"Kamuflaj Desenli Joystick PS4 Oyun Kolu"},"content":{"rendered":"<p>PlayStation 4 Kablosuz Joystick, oyun deneyiminizi bir \u00fcst seviyeye ta\u015f\u0131yan ergonomik tasar\u0131m\u0131 ve geli\u015fmi\u015f \u00f6zellikleriyle oyunseverlerin vazge\u00e7ilmezi haline geliyor. Kullan\u0131c\u0131 dostu tasar\u0131m\u0131, uzun s\u00fcreli oyun seanslar\u0131nda bile konforlu bir kullan\u0131m sa\u011flar. Bluetooth teknolojisi sayesinde kablosuz ba\u011flant\u0131 sunarak hareket \u00f6zg\u00fcrl\u00fc\u011f\u00fc elde etmenizi sa\u011flar. Geli\u015fmi\u015f analog kollar ve tetik tu\u015flar\u0131, daha hassas ve do\u011fru kontroller sunar, b\u00f6ylece her hareketiniz daha etkili hale gelir. Dahili hoparl\u00f6r ve kulakl\u0131k giri\u015fi, oyun i\u00e7i sesleri daha net duyman\u0131z\u0131 ve kulakl\u0131k kullanarak ki\u015fisel bir deneyim ya\u015faman\u0131z\u0131 sa\u011flar. Ayr\u0131ca, dokunmatik y\u00fczeyi, oyun i\u00e7i kontrolleri daha dinamik ve etkile\u015fimli hale getirir. I\u015f\u0131k \u00e7ubu\u011fu, oyun i\u00e7i aksiyonlar\u0131 ve karakter durumlar\u0131n\u0131 yans\u0131tarak daha etkile\u015fimli bir deneyim sunar. PlayStation 4 konsollar\u0131 ile tam uyumlu olan bu joystick, PC ve di\u011fer uyumlu cihazlarla da kullan\u0131labilir. Kutu i\u00e7eri\u011finde, joystick ve kullan\u0131m k\u0131lavuzu bulunmaktad\u0131r. G\u00fc\u00e7l\u00fc performans\u0131 ve yenilik\u00e7i \u00f6zellikleriyle PlayStation 4 Kablosuz Joystick, her t\u00fcr oyun i\u00e7in m\u00fckemmel bir tercihtir. Oyun d\u00fcnyas\u0131na ad\u0131m atmak i\u00e7in \u015fimdi sahip olabilirsiniz!<\/p>\n","protected":false},"excerpt":{"rendered":"<p>PlayStation 4 Kablosuz Joystick, oyun deneyiminizi bir \u00fcst seviyeye ta\u015f\u0131yan ergonomik tasar\u0131m\u0131 ve geli\u015fmi\u015f \u00f6zellikleriyle oyunseverlerin vazge\u00e7ilmezi haline geliyor. Kullan\u0131c\u0131 dostu tasar\u0131m\u0131, uzun s\u00fcreli oyun seanslar\u0131nda bile konforlu bir kullan\u0131m sa\u011flar. Bluetooth teknolojisi sayesinde kablosuz ba\u011flant\u0131 sunarak hareket \u00f6zg\u00fcrl\u00fc\u011f\u00fc elde etmenizi sa\u011flar. Geli\u015fmi\u015f analog kollar ve tetik tu\u015flar\u0131, daha hassas ve do\u011fru kontroller sunar, b\u00f6ylece&#8230;<\/p>\n","protected":false},"featured_media":110480,"comment_status":"open","ping_status":"closed","template":"","meta":{"_kad_post_transparent":"","_kad_post_title":"","_kad_post_layout":"","_kad_post_sidebar_id":"","_kad_post_content_style":"","_kad_post_vertical_padding":"","_kad_post_feature":"","_kad_post_feature_position":"","_kad_post_header":false,"_kad_post_footer":false,"_kad_post_classname":""},"product_brand":[],"product_cat":[14961],"product_tag":[],"class_list":{"0":"post-110481","1":"product","2":"type-product","3":"status-publish","4":"has-post-thumbnail","6":"product_cat-oyun-konsolu-oyun-konsolu","8":"first","9":"instock","10":"purchasable","11":"product-type-simple","12":"entry","13":"content-bg","14":"loop-entry"},"_links":{"self":[{"href":"https:\/\/www.hediyepazar.com\/index.php?rest_route=\/wp\/v2\/product\/110481","targetHints":{"allow":["GET"]}}],"collection":[{"href":"https:\/\/www.hediyepazar.com\/index.php?rest_route=\/wp\/v2\/product"}],"about":[{"href":"https:\/\/www.hediyepazar.com\/index.php?rest_route=\/wp\/v2\/types\/product"}],"replies":[{"embeddable":true,"href":"https:\/\/www.hediyepazar.com\/index.php?rest_route=%2Fwp%2Fv2%2Fcomments&post=110481"}],"wp:featuredmedia":[{"embeddable":true,"href":"https:\/\/www.hediyepazar.com\/index.php?rest_route=\/wp\/v2\/media\/110480"}],"wp:attachment":[{"href":"https:\/\/www.hediyepazar.com\/index.php?rest_route=%2Fwp%2Fv2%2Fmedia&parent=110481"}],"wp:term":[{"taxonomy":"product_brand","embeddable":true,"href":"https:\/\/www.hediyepazar.com\/index.php?rest_route=%2Fwp%2Fv2%2Fproduct_brand&post=110481"},{"taxonomy":"product_cat","embeddable":true,"href":"https:\/\/www.hediyepazar.com\/index.php?rest_route=%2Fwp%2Fv2%2Fproduct_cat&post=110481"},{"taxonomy":"product_tag","embeddable":true,"href":"https:\/\/www.hediyepazar.com\/index.php?rest_route=%2Fwp%2Fv2%2Fproduct_tag&post=110481"}],"curies":[{"name":"wp","href":"https:\/\/api.w.org\/{rel}","templated":true}]}}