{"id":110491,"date":"2026-05-05T04:44:19","date_gmt":"2026-05-05T07:44:19","guid":{"rendered":"https:\/\/www.hediyepazar.com\/?product=dokunmatik-kristal-gece-lambasi-hediyelik"},"modified":"2026-05-05T04:44:19","modified_gmt":"2026-05-05T07:44:19","slug":"dokunmatik-kristal-gece-lambasi-hediyelik","status":"publish","type":"product","link":"https:\/\/www.hediyepazar.com\/?product=dokunmatik-kristal-gece-lambasi-hediyelik","title":{"rendered":"Dokunmatik Kristal Gece Lambas\u0131 Hediyelik"},"content":{"rendered":"<p>Dokunmatik Kontrol ve Uzaktan Kumanda: Hem kolay dokunmatik y\u00fczeyiyle hem de uzaktan kumandayla \u0131\u015f\u0131k renklerini ve parlakl\u0131\u011f\u0131n\u0131 an\u0131nda ayarlay\u0131n. Kristal Kesim Tasar\u0131m: Modern ve zarif kristal g\u00f6r\u00fcn\u00fcm\u00fc, \u0131\u015f\u0131\u011f\u0131n k\u0131r\u0131lma efektiyle b\u00fcy\u00fcleyici bir g\u00f6rsellik sunar. Yumu\u015fak Gece I\u015f\u0131\u011f\u0131: Rahat bir uyku ortam\u0131 yaratmak i\u00e7in ideal parlakl\u0131k ve renk tonlar\u0131 sa\u011flar. Enerji Tasarrufu ve Dayan\u0131kl\u0131l\u0131k: LED \u0131\u015f\u0131klar\u0131 uzun \u00f6m\u00fcrl\u00fcd\u00fcr ve d\u00fc\u015f\u00fck enerji t\u00fcketimiyle \u00e7evre dostudur.\u00c7ok Y\u00f6nl\u00fc Kullan\u0131m Alanlar\u0131: Dekoratif Ama\u00e7lar: Salon, oturma odas\u0131, yatak odas\u0131 veya \u00e7al\u0131\u015fma alanlar\u0131 i\u00e7in g\u00f6z al\u0131c\u0131 bir ayd\u0131nlatma \u00e7\u00f6z\u00fcm\u00fc. Gece Lambas\u0131: \u00c7ocuk odalar\u0131nda huzur veren bir \u0131\u015f\u0131k kayna\u011f\u0131 olarak kullan\u0131labilir. Parti ve Kutlamalar: Renkli \u0131\u015f\u0131k modlar\u0131yla e\u011flenceli atmosferler yaratabilirsiniz.Harika Bir Hediye Se\u00e7ene\u011fi:Do\u011fum g\u00fcn\u00fc, y\u0131l d\u00f6n\u00fcm\u00fc, karne \u00f6d\u00fcl\u00fc ya da yeni ev hediyesi olarak benzersiz ve anlaml\u0131 bir se\u00e7enek. \u015e\u0131k tasar\u0131m\u0131 ve teknolojik \u00f6zellikleriyle her ya\u015f grubuna hitap eder.Evinizde \u0131\u015f\u0131\u011f\u0131n b\u00fcy\u00fcs\u00fcn\u00fc ke\u015ffetmek ve dekorasyonunuzu \u00fcst seviyeye ta\u015f\u0131mak i\u00e7in Modern RGB Kristal Masa Lambas\u0131 tam size g\u00f6re!<\/p>\n","protected":false},"excerpt":{"rendered":"<p>Dokunmatik Kontrol ve Uzaktan Kumanda: Hem kolay dokunmatik y\u00fczeyiyle hem de uzaktan kumandayla \u0131\u015f\u0131k renklerini ve parlakl\u0131\u011f\u0131n\u0131 an\u0131nda ayarlay\u0131n. Kristal Kesim Tasar\u0131m: Modern ve zarif kristal g\u00f6r\u00fcn\u00fcm\u00fc, \u0131\u015f\u0131\u011f\u0131n k\u0131r\u0131lma efektiyle b\u00fcy\u00fcleyici bir g\u00f6rsellik sunar. Yumu\u015fak Gece I\u015f\u0131\u011f\u0131: Rahat bir uyku ortam\u0131 yaratmak i\u00e7in ideal parlakl\u0131k ve renk tonlar\u0131 sa\u011flar. Enerji Tasarrufu ve Dayan\u0131kl\u0131l\u0131k: LED \u0131\u015f\u0131klar\u0131&#8230;<\/p>\n","protected":false},"featured_media":110490,"comment_status":"open","ping_status":"closed","template":"","meta":{"_kad_post_transparent":"","_kad_post_title":"","_kad_post_layout":"","_kad_post_sidebar_id":"","_kad_post_content_style":"","_kad_post_vertical_padding":"","_kad_post_feature":"","_kad_post_feature_position":"","_kad_post_header":false,"_kad_post_footer":false,"_kad_post_classname":""},"product_brand":[],"product_cat":[14967],"product_tag":[],"class_list":{"0":"post-110491","1":"product","2":"type-product","3":"status-publish","4":"has-post-thumbnail","6":"product_cat-gece-lambasi-gece-lambasi","8":"first","9":"instock","10":"purchasable","11":"product-type-simple","12":"entry","13":"content-bg","14":"loop-entry"},"_links":{"self":[{"href":"https:\/\/www.hediyepazar.com\/index.php?rest_route=\/wp\/v2\/product\/110491","targetHints":{"allow":["GET"]}}],"collection":[{"href":"https:\/\/www.hediyepazar.com\/index.php?rest_route=\/wp\/v2\/product"}],"about":[{"href":"https:\/\/www.hediyepazar.com\/index.php?rest_route=\/wp\/v2\/types\/product"}],"replies":[{"embeddable":true,"href":"https:\/\/www.hediyepazar.com\/index.php?rest_route=%2Fwp%2Fv2%2Fcomments&post=110491"}],"wp:featuredmedia":[{"embeddable":true,"href":"https:\/\/www.hediyepazar.com\/index.php?rest_route=\/wp\/v2\/media\/110490"}],"wp:attachment":[{"href":"https:\/\/www.hediyepazar.com\/index.php?rest_route=%2Fwp%2Fv2%2Fmedia&parent=110491"}],"wp:term":[{"taxonomy":"product_brand","embeddable":true,"href":"https:\/\/www.hediyepazar.com\/index.php?rest_route=%2Fwp%2Fv2%2Fproduct_brand&post=110491"},{"taxonomy":"product_cat","embeddable":true,"href":"https:\/\/www.hediyepazar.com\/index.php?rest_route=%2Fwp%2Fv2%2Fproduct_cat&post=110491"},{"taxonomy":"product_tag","embeddable":true,"href":"https:\/\/www.hediyepazar.com\/index.php?rest_route=%2Fwp%2Fv2%2Fproduct_tag&post=110491"}],"curies":[{"name":"wp","href":"https:\/\/api.w.org\/{rel}","templated":true}]}}