{"id":110505,"date":"2026-05-05T04:46:00","date_gmt":"2026-05-05T07:46:00","guid":{"rendered":"https:\/\/www.hediyepazar.com\/?product=powerbank-ozellikli-kablosuz-bluetooth-kulaklik-rgb-isikli"},"modified":"2026-05-05T04:46:00","modified_gmt":"2026-05-05T07:46:00","slug":"powerbank-ozellikli-kablosuz-bluetooth-kulaklik-rgb-isikli","status":"publish","type":"product","link":"https:\/\/www.hediyepazar.com\/?product=powerbank-ozellikli-kablosuz-bluetooth-kulaklik-rgb-isikli","title":{"rendered":"Powerbank \u00d6zellikli Kablosuz Bluetooth Kulakl\u0131k RGB I\u015f\u0131kl\u0131"},"content":{"rendered":"<p>M\u00fckemmel Oyun ve M\u00fczik DeneyimiPowerbank \u00f6zellikli E10 Bluetooth kulakl\u0131k, oyunseverler i\u00e7in \u00f6zel olarak tasarlanm\u0131\u015f olup, ses aktarmalar\u0131nda hi\u00e7 gecikme ya\u015fanmaz. Oyun oynarken di\u011fer oyuncularla net ve anl\u0131k ileti\u015fim kurman\u0131z\u0131 sa\u011flar, m\u00fczik dinlerken ise kararl\u0131 bir sinyal ile \u00fcst\u00fcn ses kalitesi sunar. S\u00fcper 3D ses kalitesi sayesinde her sesin net ve derinli\u011fini hissedersiniz, b\u00f6ylece e\u011flenceniz kesintisiz devam eder.Konforlu ve Ergonomik Tasar\u0131mE10 kulakl\u0131klar, spor yaparken ve egzersiz s\u0131ras\u0131nda rahat\u00e7a kulaklar\u0131n\u0131zda durur. D\u0131\u015f ortam g\u00fcr\u00fclt\u00fcs\u00fcn\u00fc engellemek i\u00e7in kulak t\u0131ka\u00e7lar\u0131 farkl\u0131 boyutlarda sunulmaktad\u0131r, b\u00f6ylece kulakl\u0131klar kula\u011f\u0131n\u0131za tam oturur ve konforlu bir kullan\u0131m sa\u011flar. Ayr\u0131ca, p\u00fcr\u00fczs\u00fcz bir oyun deneyimi i\u00e7in d\u00fc\u015f\u00fck ses gecikmesi (33 ms) ve SBC\/AAC \u00e7ift kodu ile sorunsuz ileti\u015fim sa\u011flar.Powerbank ve LED G\u00f6stergeli Kolay \u015earjE10 kulakl\u0131klar, \u015farj powerbank\u0131 ile uzun s\u00fcreli kullan\u0131m i\u00e7in ekstra bir avantaj sunar. Kulakl\u0131klar\u0131n\u0131z\u0131 defalarca \u015farj edebilmenizi sa\u011flayan powerbank, LED g\u00f6sterge sayesinde \u015farj seviyesini takip etmenizi sa\u011flar. Kulakl\u0131klar\u0131n LED \u0131\u015f\u0131klar\u0131 aras\u0131nda ge\u00e7i\u015f yaparak hem i\u015flevsel hem de estetik bir g\u00f6r\u00fcn\u00fcm elde edersiniz. Kulakl\u0131klar su ge\u00e7irmez \u00f6zellik sayesinde uzun s\u00fcreli kullan\u0131mda dayan\u0131kl\u0131d\u0131r.Uzun Pil \u00d6mr\u00fc ve Kolay Ba\u011flant\u0131E10 kulakl\u0131klar, tek bir \u015farjla 4-5 saat kullan\u0131m s\u00fcresi sunar. Bluetooth 5.1 teknolojisi ile h\u0131zl\u0131 ve stabil ba\u011flant\u0131 kurarak, hem Android hem de IOS cihazlarla sorunsuz uyum sa\u011flar. Kulakl\u0131klar\u0131 powerbank kutusundan \u00e7\u0131kararak telefonunuzla otomatik ba\u011flanarak, an\u0131nda oyun ve m\u00fczik keyfini ya\u015fars\u0131n\u0131z.<\/p>\n","protected":false},"excerpt":{"rendered":"<p>M\u00fckemmel Oyun ve M\u00fczik DeneyimiPowerbank \u00f6zellikli E10 Bluetooth kulakl\u0131k, oyunseverler i\u00e7in \u00f6zel olarak tasarlanm\u0131\u015f olup, ses aktarmalar\u0131nda hi\u00e7 gecikme ya\u015fanmaz. Oyun oynarken di\u011fer oyuncularla net ve anl\u0131k ileti\u015fim kurman\u0131z\u0131 sa\u011flar, m\u00fczik dinlerken ise kararl\u0131 bir sinyal ile \u00fcst\u00fcn ses kalitesi sunar. S\u00fcper 3D ses kalitesi sayesinde her sesin net ve derinli\u011fini hissedersiniz, b\u00f6ylece e\u011flenceniz kesintisiz&#8230;<\/p>\n","protected":false},"featured_media":110504,"comment_status":"open","ping_status":"closed","template":"","meta":{"_kad_post_transparent":"","_kad_post_title":"","_kad_post_layout":"","_kad_post_sidebar_id":"","_kad_post_content_style":"","_kad_post_vertical_padding":"","_kad_post_feature":"","_kad_post_feature_position":"","_kad_post_header":false,"_kad_post_footer":false,"_kad_post_classname":""},"product_brand":[],"product_cat":[14957],"product_tag":[],"class_list":{"0":"post-110505","1":"product","2":"type-product","3":"status-publish","4":"has-post-thumbnail","6":"product_cat-kablosuz-kulaklik-kablosuz-kulaklik","8":"first","9":"instock","10":"purchasable","11":"product-type-simple","12":"entry","13":"content-bg","14":"loop-entry"},"_links":{"self":[{"href":"https:\/\/www.hediyepazar.com\/index.php?rest_route=\/wp\/v2\/product\/110505","targetHints":{"allow":["GET"]}}],"collection":[{"href":"https:\/\/www.hediyepazar.com\/index.php?rest_route=\/wp\/v2\/product"}],"about":[{"href":"https:\/\/www.hediyepazar.com\/index.php?rest_route=\/wp\/v2\/types\/product"}],"replies":[{"embeddable":true,"href":"https:\/\/www.hediyepazar.com\/index.php?rest_route=%2Fwp%2Fv2%2Fcomments&post=110505"}],"wp:featuredmedia":[{"embeddable":true,"href":"https:\/\/www.hediyepazar.com\/index.php?rest_route=\/wp\/v2\/media\/110504"}],"wp:attachment":[{"href":"https:\/\/www.hediyepazar.com\/index.php?rest_route=%2Fwp%2Fv2%2Fmedia&parent=110505"}],"wp:term":[{"taxonomy":"product_brand","embeddable":true,"href":"https:\/\/www.hediyepazar.com\/index.php?rest_route=%2Fwp%2Fv2%2Fproduct_brand&post=110505"},{"taxonomy":"product_cat","embeddable":true,"href":"https:\/\/www.hediyepazar.com\/index.php?rest_route=%2Fwp%2Fv2%2Fproduct_cat&post=110505"},{"taxonomy":"product_tag","embeddable":true,"href":"https:\/\/www.hediyepazar.com\/index.php?rest_route=%2Fwp%2Fv2%2Fproduct_tag&post=110505"}],"curies":[{"name":"wp","href":"https:\/\/api.w.org\/{rel}","templated":true}]}}