{"id":110507,"date":"2026-05-05T04:46:05","date_gmt":"2026-05-05T07:46:05","guid":{"rendered":"https:\/\/www.hediyepazar.com\/?product=bluetooth-kulaklik-powerbankli-yuksek-ses-kaliteli-sarj-gostergeli"},"modified":"2026-05-05T04:46:05","modified_gmt":"2026-05-05T07:46:05","slug":"bluetooth-kulaklik-powerbankli-yuksek-ses-kaliteli-sarj-gostergeli","status":"publish","type":"product","link":"https:\/\/www.hediyepazar.com\/?product=bluetooth-kulaklik-powerbankli-yuksek-ses-kaliteli-sarj-gostergeli","title":{"rendered":"Bluetooth Kulakl\u0131k Powerbankli Y\u00fcksek Ses Kaliteli \u015earj G\u00f6stergeli"},"content":{"rendered":"<p>Kesintisiz Oyun ve M\u00fczik DeneyimiPowerbank \u00f6zellikli E10 kablosuz Bluetooth kulakl\u0131k, oyunseverler i\u00e7in \u00f6zel olarak tasarlanm\u0131\u015f ve ses gecikmesi ya\u015fanmadan m\u00fckemmel bir deneyim sunar. Oyun oynarken ses aktarmalar\u0131ndaki gecikme sorununu ortadan kald\u0131rarak, di\u011fer oyuncularla net ileti\u015fim kurman\u0131z\u0131 sa\u011flar. S\u00fcper 3D ses kalitesi, m\u00fczik dinlerken ve konu\u015fmalar s\u0131ras\u0131nda kararl\u0131 bir sinyal ile \u00fcst\u00fcn performans sunar. Uzun s\u00fcreli oyun ve e\u011flence deneyimlerinde size m\u00fckemmel bir ses performans\u0131 sa\u011flar.Ergonomik ve Konforlu Kullan\u0131mKulakl\u0131\u011f\u0131n rahat\u00e7a yerinde kalmas\u0131n\u0131 sa\u011flayan \u00f6zel tasar\u0131m\u0131, spor ve egzersiz s\u0131ras\u0131nda bile konforlu bir kullan\u0131m sunar. D\u0131\u015f ortam g\u00fcr\u00fclt\u00fcs\u00fcn\u00fc engellemek i\u00e7in birden fazla boyutta kulak t\u0131kac\u0131 mevcut olup, kulakl\u0131\u011f\u0131n kula\u011f\u0131n\u0131zda g\u00fcvenli bir \u015fekilde durmas\u0131n\u0131 sa\u011flar. \u00d6zellikle oyun s\u0131ras\u0131nda, p\u00fcr\u00fczs\u00fcz bir deneyim i\u00e7in mikrofon gecikmesi -33 ms ve SBC\/AAC \u00e7ift kodu ile 65 ms d\u00fc\u015f\u00fck gecikme oran\u0131 sa\u011flan\u0131r.Powerbank ve Led G\u00f6stergeli \u015earj \u0130mkan\u0131E10 kulakl\u0131k, birlikte verilen \u015farj powerbank\u0131 ile defalarca kulakl\u0131klar\u0131n\u0131z\u0131 \u015farj etmenize imkan verir. Bu, uzun s\u00fcreli kullan\u0131m i\u00e7in olduk\u00e7a pratiktir. Ayr\u0131ca, kulakl\u0131klar\u0131n\u0131z\u0131n LED g\u00f6stergesi sayesinde \u015farj seviyesini anl\u0131k olarak takip edebilir, ani kesilmeleri engelleyebilirsiniz. Kulakl\u0131klar\u0131n LED \u0131\u015f\u0131klar\u0131 aras\u0131nda ge\u00e7i\u015f yaparak ho\u015f ve kaliteli bir g\u00f6r\u00fcn\u00fcm sunar. Su ge\u00e7irmez \u00f6zelli\u011fi ile de uzun s\u00fcreli kullan\u0131ma uygundur.Uzun Pil \u00d6mr\u00fc ve Kolay Ba\u011flant\u0131E10 kulakl\u0131klar, tek bir \u015farjla 4-5 saatlik kullan\u0131m s\u00fcresi sunar. Bluetooth 5.1 s\u00fcr\u00fcm\u00fc sayesinde h\u0131zl\u0131 ba\u011flant\u0131 sa\u011flar ve hem Android hem de IOS cihazlarla uyumlu \u00e7al\u0131\u015f\u0131r. Kulakl\u0131klar\u0131 powerbank adapt\u00f6r\u00fcnden \u00e7\u0131kararak telefonunuzun Bluetooth \u00f6zelli\u011fini a\u00e7arak otomatik olarak ba\u011flanabilirsiniz.Bu kulakl\u0131k, her kullan\u0131mda kaliteli ses ve uzun s\u00fcreli kullan\u0131m sunarak m\u00fczik dinlerken ya da oyun oynarken m\u00fckemmel bir deneyim ya\u015fat\u0131r.<\/p>\n","protected":false},"excerpt":{"rendered":"<p>Kesintisiz Oyun ve M\u00fczik DeneyimiPowerbank \u00f6zellikli E10 kablosuz Bluetooth kulakl\u0131k, oyunseverler i\u00e7in \u00f6zel olarak tasarlanm\u0131\u015f ve ses gecikmesi ya\u015fanmadan m\u00fckemmel bir deneyim sunar. Oyun oynarken ses aktarmalar\u0131ndaki gecikme sorununu ortadan kald\u0131rarak, di\u011fer oyuncularla net ileti\u015fim kurman\u0131z\u0131 sa\u011flar. S\u00fcper 3D ses kalitesi, m\u00fczik dinlerken ve konu\u015fmalar s\u0131ras\u0131nda kararl\u0131 bir sinyal ile \u00fcst\u00fcn performans sunar. Uzun s\u00fcreli&#8230;<\/p>\n","protected":false},"featured_media":110506,"comment_status":"open","ping_status":"closed","template":"","meta":{"_kad_post_transparent":"","_kad_post_title":"","_kad_post_layout":"","_kad_post_sidebar_id":"","_kad_post_content_style":"","_kad_post_vertical_padding":"","_kad_post_feature":"","_kad_post_feature_position":"","_kad_post_header":false,"_kad_post_footer":false,"_kad_post_classname":""},"product_brand":[],"product_cat":[14957],"product_tag":[],"class_list":{"0":"post-110507","1":"product","2":"type-product","3":"status-publish","4":"has-post-thumbnail","6":"product_cat-kablosuz-kulaklik-kablosuz-kulaklik","8":"first","9":"instock","10":"purchasable","11":"product-type-simple","12":"entry","13":"content-bg","14":"loop-entry"},"_links":{"self":[{"href":"https:\/\/www.hediyepazar.com\/index.php?rest_route=\/wp\/v2\/product\/110507","targetHints":{"allow":["GET"]}}],"collection":[{"href":"https:\/\/www.hediyepazar.com\/index.php?rest_route=\/wp\/v2\/product"}],"about":[{"href":"https:\/\/www.hediyepazar.com\/index.php?rest_route=\/wp\/v2\/types\/product"}],"replies":[{"embeddable":true,"href":"https:\/\/www.hediyepazar.com\/index.php?rest_route=%2Fwp%2Fv2%2Fcomments&post=110507"}],"wp:featuredmedia":[{"embeddable":true,"href":"https:\/\/www.hediyepazar.com\/index.php?rest_route=\/wp\/v2\/media\/110506"}],"wp:attachment":[{"href":"https:\/\/www.hediyepazar.com\/index.php?rest_route=%2Fwp%2Fv2%2Fmedia&parent=110507"}],"wp:term":[{"taxonomy":"product_brand","embeddable":true,"href":"https:\/\/www.hediyepazar.com\/index.php?rest_route=%2Fwp%2Fv2%2Fproduct_brand&post=110507"},{"taxonomy":"product_cat","embeddable":true,"href":"https:\/\/www.hediyepazar.com\/index.php?rest_route=%2Fwp%2Fv2%2Fproduct_cat&post=110507"},{"taxonomy":"product_tag","embeddable":true,"href":"https:\/\/www.hediyepazar.com\/index.php?rest_route=%2Fwp%2Fv2%2Fproduct_tag&post=110507"}],"curies":[{"name":"wp","href":"https:\/\/api.w.org\/{rel}","templated":true}]}}