{"id":110509,"date":"2026-05-05T04:46:09","date_gmt":"2026-05-05T07:46:09","guid":{"rendered":"https:\/\/www.hediyepazar.com\/?product=bluetooth-gamer-oyuncu-kulakligi-anc-ozelligi-yuksek-ses-kaliteli"},"modified":"2026-05-05T04:46:09","modified_gmt":"2026-05-05T07:46:09","slug":"bluetooth-gamer-oyuncu-kulakligi-anc-ozelligi-yuksek-ses-kaliteli","status":"publish","type":"product","link":"https:\/\/www.hediyepazar.com\/?product=bluetooth-gamer-oyuncu-kulakligi-anc-ozelligi-yuksek-ses-kaliteli","title":{"rendered":"Bluetooth Gamer Oyuncu Kulakl\u0131\u011f\u0131 ANC \u00d6zelli\u011fi Y\u00fcksek Ses Kaliteli"},"content":{"rendered":"<p>\u0130leri Seviye Performans ve Konfor \u0130\u00e7in Tasarlanm\u0131\u015f Kablosuz Kulakl\u0131kE\u011flenceyi her an yan\u0131n\u0131zda ta\u015f\u0131mak isteyenler i\u00e7in m\u00fckemmel bir se\u00e7enek olan bu Bluetooth kulakl\u0131k, oyun ve m\u00fczik deneyimlerinizi zenginle\u015ftirir. Aktif g\u00fcr\u00fclt\u00fc engelleme teknolojisi sayesinde d\u0131\u015f \u00e7evreyi tamamen izole ederek sadece oyun veya m\u00fczik seslerini duyman\u0131z\u0131 sa\u011flar. Kulakl\u0131k, 4-5 saatlik kullan\u0131m s\u00fcresi sunarken, \u015farj kutusu ile uzun s\u00fcre kesintisiz kullan\u0131m sa\u011flar. 3D ses teknolojisi ile oyun oynarken veya m\u00fczik dinlerken her sesin net ve detayl\u0131 bir \u015fekilde duyulmas\u0131n\u0131 sa\u011flar, b\u00f6ylece oyun i\u00e7indeki ses efektlerini ve m\u00fczikleri en ince ayr\u0131nt\u0131s\u0131na kadar duyabilirsiniz. Bluetooth 5.0 ba\u011flant\u0131 teknolojisi ile ba\u011flant\u0131 h\u0131z\u0131 y\u00fcksek, sinyal kararl\u0131l\u0131\u011f\u0131 ise m\u00fckemmeldir.Dayan\u0131kl\u0131 ve Rahat Kullan\u0131m Sunan Kulakl\u0131k Tasar\u0131m\u0131IPX5 su ge\u00e7irmezlik \u00f6zelli\u011fi, spor yaparken terlemeye veya ya\u011fmura kar\u015f\u0131 dayan\u0131kl\u0131l\u0131\u011f\u0131 garanti eder. Birden fazla kulakl\u0131k boyutu se\u00e7ene\u011fi ile rahat\u00e7a kulaklar\u0131n\u0131za uyum sa\u011flar ve uzun s\u00fcreli kullan\u0131mlarda bile konforlu bir deneyim sunar. Kulakl\u0131klar, h\u0131zl\u0131 ba\u011flant\u0131 \u00f6zelli\u011fi ile telefonunuza an\u0131nda ba\u011flan\u0131r ve bu sayede zaman kaybetmeden kullan\u0131labilir. Ayr\u0131ca \u015farj kutusunun 400mAh kapasitesi sayesinde kulakl\u0131klar\u0131n\u0131z\u0131 birka\u00e7 kez \u015farj edebilirsiniz, bu da size uzun s\u00fcreli kullan\u0131m imkan\u0131 tan\u0131r. Modern tasar\u0131m\u0131yla hem estetik hem de fonksiyonel bir kulakl\u0131k deneyimi sunar.<\/p>\n","protected":false},"excerpt":{"rendered":"<p>\u0130leri Seviye Performans ve Konfor \u0130\u00e7in Tasarlanm\u0131\u015f Kablosuz Kulakl\u0131kE\u011flenceyi her an yan\u0131n\u0131zda ta\u015f\u0131mak isteyenler i\u00e7in m\u00fckemmel bir se\u00e7enek olan bu Bluetooth kulakl\u0131k, oyun ve m\u00fczik deneyimlerinizi zenginle\u015ftirir. Aktif g\u00fcr\u00fclt\u00fc engelleme teknolojisi sayesinde d\u0131\u015f \u00e7evreyi tamamen izole ederek sadece oyun veya m\u00fczik seslerini duyman\u0131z\u0131 sa\u011flar. Kulakl\u0131k, 4-5 saatlik kullan\u0131m s\u00fcresi sunarken, \u015farj kutusu ile uzun s\u00fcre&#8230;<\/p>\n","protected":false},"featured_media":110508,"comment_status":"open","ping_status":"closed","template":"","meta":{"_kad_post_transparent":"","_kad_post_title":"","_kad_post_layout":"","_kad_post_sidebar_id":"","_kad_post_content_style":"","_kad_post_vertical_padding":"","_kad_post_feature":"","_kad_post_feature_position":"","_kad_post_header":false,"_kad_post_footer":false,"_kad_post_classname":""},"product_brand":[],"product_cat":[14957],"product_tag":[],"class_list":{"0":"post-110509","1":"product","2":"type-product","3":"status-publish","4":"has-post-thumbnail","6":"product_cat-kablosuz-kulaklik-kablosuz-kulaklik","8":"first","9":"instock","10":"purchasable","11":"product-type-simple","12":"entry","13":"content-bg","14":"loop-entry"},"_links":{"self":[{"href":"https:\/\/www.hediyepazar.com\/index.php?rest_route=\/wp\/v2\/product\/110509","targetHints":{"allow":["GET"]}}],"collection":[{"href":"https:\/\/www.hediyepazar.com\/index.php?rest_route=\/wp\/v2\/product"}],"about":[{"href":"https:\/\/www.hediyepazar.com\/index.php?rest_route=\/wp\/v2\/types\/product"}],"replies":[{"embeddable":true,"href":"https:\/\/www.hediyepazar.com\/index.php?rest_route=%2Fwp%2Fv2%2Fcomments&post=110509"}],"wp:featuredmedia":[{"embeddable":true,"href":"https:\/\/www.hediyepazar.com\/index.php?rest_route=\/wp\/v2\/media\/110508"}],"wp:attachment":[{"href":"https:\/\/www.hediyepazar.com\/index.php?rest_route=%2Fwp%2Fv2%2Fmedia&parent=110509"}],"wp:term":[{"taxonomy":"product_brand","embeddable":true,"href":"https:\/\/www.hediyepazar.com\/index.php?rest_route=%2Fwp%2Fv2%2Fproduct_brand&post=110509"},{"taxonomy":"product_cat","embeddable":true,"href":"https:\/\/www.hediyepazar.com\/index.php?rest_route=%2Fwp%2Fv2%2Fproduct_cat&post=110509"},{"taxonomy":"product_tag","embeddable":true,"href":"https:\/\/www.hediyepazar.com\/index.php?rest_route=%2Fwp%2Fv2%2Fproduct_tag&post=110509"}],"curies":[{"name":"wp","href":"https:\/\/api.w.org\/{rel}","templated":true}]}}