{"id":110515,"date":"2026-05-05T04:46:22","date_gmt":"2026-05-05T07:46:22","guid":{"rendered":"https:\/\/www.hediyepazar.com\/?product=bluetooth-baglantili-dijital-gostergeli-yuksek-ses-kaliteli-kulaklik"},"modified":"2026-05-05T04:46:22","modified_gmt":"2026-05-05T07:46:22","slug":"bluetooth-baglantili-dijital-gostergeli-yuksek-ses-kaliteli-kulaklik","status":"publish","type":"product","link":"https:\/\/www.hediyepazar.com\/?product=bluetooth-baglantili-dijital-gostergeli-yuksek-ses-kaliteli-kulaklik","title":{"rendered":"Bluetooth Ba\u011flant\u0131l\u0131 Dijital G\u00f6stergeli Y\u00fcksek Ses Kaliteli Kulakl\u0131k"},"content":{"rendered":"<p>G\u00fc\u00e7l\u00fc Bass ve Uzun S\u00fcreli Kullan\u0131m \u0130\u00e7in Bluetooth Kulakl\u0131kBu Bluetooth kulakl\u0131klar, m\u00fczik dinlerken ve telefon g\u00f6r\u00fc\u015fmelerinde g\u00fc\u00e7l\u00fc bass ve net sesler sunar. Bluetooth 5.0 teknolojisiyle donat\u0131lm\u0131\u015f kulakl\u0131klar, 10 metreye kadar kesintisiz ba\u011flant\u0131 sa\u011flar. 5-6 g\u00fcn boyunca kullan\u0131m sunan uzun pil \u00f6mr\u00fc, g\u00fcnl\u00fck ihtiya\u00e7lar\u0131n\u0131z\u0131 kar\u015f\u0131lamak i\u00e7in yeterlidir. 2000mAh kapasitesindeki \u015farj kutusu ile kulakl\u0131klar\u0131 birka\u00e7 kez h\u0131zl\u0131ca \u015farj edebilirsiniz.G\u00fcr\u00fclt\u00fc \u00d6nleyici ve Net \u0130leti\u015fim \u00d6zelli\u011fi ile Etkili Konu\u015fmalarG\u00fcr\u00fclt\u00fc engelleme teknolojisi, d\u0131\u015f sesleri etkili bir \u015fekilde engelleyerek telefon g\u00f6r\u00fc\u015fmelerinde sesin net ve temiz bir \u015fekilde iletilmesini sa\u011flar. Sesli komutlarla m\u00fczik \u00e7alma\/durma ve \u00e7a\u011fr\u0131 cevaplama i\u015flemleri rahatl\u0131kla yap\u0131labilir. Ayr\u0131ca, kulakl\u0131klar her iki kulakta da net ileti\u015fim ve m\u00fczik keyfi sunmak i\u00e7in tasarlanm\u0131\u015ft\u0131r.Suya Dayan\u0131kl\u0131 ve Konforlu Tasar\u0131m ile Her Yerde Kullan\u0131mIPX5 su ge\u00e7irmezlik seviyesi, kulakl\u0131klar\u0131 ya\u011fmura ve terlemeye kar\u015f\u0131 dayan\u0131kl\u0131 hale getirir, b\u00f6ylece spor yaparken veya d\u0131\u015f mekanlarda rahat\u00e7a kullanabilirsiniz. Ergonomik yap\u0131s\u0131 ve hafifli\u011fi sayesinde uzun s\u00fcreli kullan\u0131mda bile rahatl\u0131k sunar. Siyah renk tasar\u0131m\u0131, her ortamda \u015f\u0131kl\u0131\u011f\u0131n\u0131z\u0131 ve tarz\u0131n\u0131z\u0131 yans\u0131t\u0131r.<\/p>\n","protected":false},"excerpt":{"rendered":"<p>G\u00fc\u00e7l\u00fc Bass ve Uzun S\u00fcreli Kullan\u0131m \u0130\u00e7in Bluetooth Kulakl\u0131kBu Bluetooth kulakl\u0131klar, m\u00fczik dinlerken ve telefon g\u00f6r\u00fc\u015fmelerinde g\u00fc\u00e7l\u00fc bass ve net sesler sunar. Bluetooth 5.0 teknolojisiyle donat\u0131lm\u0131\u015f kulakl\u0131klar, 10 metreye kadar kesintisiz ba\u011flant\u0131 sa\u011flar. 5-6 g\u00fcn boyunca kullan\u0131m sunan uzun pil \u00f6mr\u00fc, g\u00fcnl\u00fck ihtiya\u00e7lar\u0131n\u0131z\u0131 kar\u015f\u0131lamak i\u00e7in yeterlidir. 2000mAh kapasitesindeki \u015farj kutusu ile kulakl\u0131klar\u0131 birka\u00e7 kez h\u0131zl\u0131ca&#8230;<\/p>\n","protected":false},"featured_media":110514,"comment_status":"open","ping_status":"closed","template":"","meta":{"_kad_post_transparent":"","_kad_post_title":"","_kad_post_layout":"","_kad_post_sidebar_id":"","_kad_post_content_style":"","_kad_post_vertical_padding":"","_kad_post_feature":"","_kad_post_feature_position":"","_kad_post_header":false,"_kad_post_footer":false,"_kad_post_classname":""},"product_brand":[],"product_cat":[14957],"product_tag":[],"class_list":{"0":"post-110515","1":"product","2":"type-product","3":"status-publish","4":"has-post-thumbnail","6":"product_cat-kablosuz-kulaklik-kablosuz-kulaklik","8":"first","9":"instock","10":"purchasable","11":"product-type-simple","12":"entry","13":"content-bg","14":"loop-entry"},"_links":{"self":[{"href":"https:\/\/www.hediyepazar.com\/index.php?rest_route=\/wp\/v2\/product\/110515","targetHints":{"allow":["GET"]}}],"collection":[{"href":"https:\/\/www.hediyepazar.com\/index.php?rest_route=\/wp\/v2\/product"}],"about":[{"href":"https:\/\/www.hediyepazar.com\/index.php?rest_route=\/wp\/v2\/types\/product"}],"replies":[{"embeddable":true,"href":"https:\/\/www.hediyepazar.com\/index.php?rest_route=%2Fwp%2Fv2%2Fcomments&post=110515"}],"wp:featuredmedia":[{"embeddable":true,"href":"https:\/\/www.hediyepazar.com\/index.php?rest_route=\/wp\/v2\/media\/110514"}],"wp:attachment":[{"href":"https:\/\/www.hediyepazar.com\/index.php?rest_route=%2Fwp%2Fv2%2Fmedia&parent=110515"}],"wp:term":[{"taxonomy":"product_brand","embeddable":true,"href":"https:\/\/www.hediyepazar.com\/index.php?rest_route=%2Fwp%2Fv2%2Fproduct_brand&post=110515"},{"taxonomy":"product_cat","embeddable":true,"href":"https:\/\/www.hediyepazar.com\/index.php?rest_route=%2Fwp%2Fv2%2Fproduct_cat&post=110515"},{"taxonomy":"product_tag","embeddable":true,"href":"https:\/\/www.hediyepazar.com\/index.php?rest_route=%2Fwp%2Fv2%2Fproduct_tag&post=110515"}],"curies":[{"name":"wp","href":"https:\/\/api.w.org\/{rel}","templated":true}]}}