{"id":110533,"date":"2026-05-05T04:47:57","date_gmt":"2026-05-05T07:47:57","guid":{"rendered":"https:\/\/www.hediyepazar.com\/?product=4-tarakli-tasinabilir-profesyonel-sac-ve-sakal-kesme-tiras-makinesi"},"modified":"2026-05-05T04:47:57","modified_gmt":"2026-05-05T07:47:57","slug":"4-tarakli-tasinabilir-profesyonel-sac-ve-sakal-kesme-tiras-makinesi","status":"publish","type":"product","link":"https:\/\/www.hediyepazar.com\/?product=4-tarakli-tasinabilir-profesyonel-sac-ve-sakal-kesme-tiras-makinesi","title":{"rendered":"4 Tarakl\u0131 Ta\u015f\u0131nabilir Profesyonel Sa\u00e7 ve Sakal Kesme T\u0131ra\u015f Makinesi"},"content":{"rendered":"<p>Bu profesyonel \u015farjl\u0131 sa\u00e7 ve sakal kesme t\u0131ra\u015f makinesi, ki\u015fisel bak\u0131m\u0131n\u0131z\u0131 pratik ve rahat bir \u015fekilde ger\u00e7ekle\u015ftirmenizi sa\u011flar. Hem evde hem de kuaf\u00f6r salonlar\u0131nda kullan\u0131labilen bu cihaz, y\u00fcksek performansl\u0131 motoru ve dayan\u0131kl\u0131 paslanmaz \u00e7elik b\u0131\u00e7aklar\u0131 ile m\u00fckemmel sonu\u00e7lar sunar. \u0130ster k\u0131sa sakal modelleri olu\u015fturun, ister sa\u00e7\u0131n\u0131z\u0131 \u015fekillendirin, bu cihaz her kullan\u0131mda kusursuz bir deneyim sunar.Pratik ve H\u0131zl\u0131 Kullan\u0131m:Sa\u00e7 ve sakal kesme i\u015flemlerini h\u0131zland\u0131ran bu cihaz, zaman k\u0131s\u0131tlamalar\u0131n\u0131zda dahi rahatl\u0131kla kullanabilece\u011finiz bir \u00fcr\u00fcnd\u00fcr. \u00c7e\u015fitli ba\u015fl\u0131klarla, sa\u00e7 kesimi, sakal \u015fekillendirme, b\u0131y\u0131k d\u00fczeltme gibi t\u00fcm i\u015flemleri kolayca yapabilirsiniz. 5 farkl\u0131 kesim tara\u011f\u0131 ile her tarz\u0131 yakalayabilir ve diledi\u011finiz uzunlu\u011fu ayarlayabilirsiniz. \u015earj edilebilir \u00f6zelli\u011fi sayesinde kablosuz kullan\u0131m imkan\u0131 sunar, bu da cihaz\u0131n daha pratik ve \u00f6zg\u00fcrce kullan\u0131lmas\u0131n\u0131 sa\u011flar.Ergonomik Tasar\u0131m ve Konfor:Cihaz\u0131n ergonomik tasar\u0131m\u0131, uzun s\u00fcreli kullan\u0131mlarda bile elinize rahat\u00e7a oturur ve kaymaz. T\u0131ra\u015f s\u0131ras\u0131nda cihaz\u0131n kolayca kontrol edilebilmesi, rahat bir kullan\u0131m sa\u011flar. Ayr\u0131ca, makinenin sessiz \u00e7al\u0131\u015fmas\u0131, t\u0131ra\u015f i\u015flemi s\u0131ras\u0131nda sizi rahats\u0131z etmez. G\u00fc\u00e7 d\u00fc\u011fmesi, ba\u015fl\u0131k de\u011fi\u015ftirme ve kullan\u0131m kolayl\u0131\u011f\u0131 ile en zahmetsiz t\u0131ra\u015f deneyimini sunar. Kablosuz kullan\u0131m imkan\u0131 sayesinde, istedi\u011finiz yerde rahat\u00e7a t\u0131ra\u015f olabilirsiniz.Uzun \u00d6m\u00fcrl\u00fc Performans ve Dayan\u0131kl\u0131l\u0131k:Paslanmaz \u00e7elik b\u0131\u00e7aklar, her t\u00fcr sa\u00e7 ve sakal\u0131 \u00e7ekmeden, as\u0131lmadan keser. G\u00fc\u00e7l\u00fc motoru, yo\u011fun sakallar\u0131n kesilmesinde bile m\u00fckemmel performans sergiler. Y\u00fcksek kapasiteye sahip batarya, h\u0131zl\u0131 \u015farj olma s\u00fcresi ile her zaman verimli \u00e7al\u0131\u015f\u0131r ve 1 saatlik \u015farj ile 60 dakika boyunca kullan\u0131labilir. Bu, cihaz\u0131n her kullan\u0131mda y\u00fcksek performans sergilemesini sa\u011flar ve t\u0131ra\u015f s\u0131ras\u0131nda size kesintisiz bir deneyim sunar.Paket \u0130\u00e7eri\u011fi: 1 Adet \u015earjl\u0131 T\u0131ra\u015f Makinesi 5 Adet Kesim Tara\u011f\u0131 (Farkl\u0131 uzunluk se\u00e7enekleri) 1 Adet Temizleme F\u0131r\u00e7as\u0131 1 Adet Ya\u011f \u015ei\u015fesi 1 Adet \u015earj Adapt\u00f6r\u00fc<\/p>\n","protected":false},"excerpt":{"rendered":"<p>Bu profesyonel \u015farjl\u0131 sa\u00e7 ve sakal kesme t\u0131ra\u015f makinesi, ki\u015fisel bak\u0131m\u0131n\u0131z\u0131 pratik ve rahat bir \u015fekilde ger\u00e7ekle\u015ftirmenizi sa\u011flar. Hem evde hem de kuaf\u00f6r salonlar\u0131nda kullan\u0131labilen bu cihaz, y\u00fcksek performansl\u0131 motoru ve dayan\u0131kl\u0131 paslanmaz \u00e7elik b\u0131\u00e7aklar\u0131 ile m\u00fckemmel sonu\u00e7lar sunar. \u0130ster k\u0131sa sakal modelleri olu\u015fturun, ister sa\u00e7\u0131n\u0131z\u0131 \u015fekillendirin, bu cihaz her kullan\u0131mda kusursuz bir deneyim sunar.Pratik&#8230;<\/p>\n","protected":false},"featured_media":110532,"comment_status":"open","ping_status":"closed","template":"","meta":{"_kad_post_transparent":"","_kad_post_title":"","_kad_post_layout":"","_kad_post_sidebar_id":"","_kad_post_content_style":"","_kad_post_vertical_padding":"","_kad_post_feature":"","_kad_post_feature_position":"","_kad_post_header":false,"_kad_post_footer":false,"_kad_post_classname":""},"product_brand":[],"product_cat":[14925],"product_tag":[],"class_list":{"0":"post-110533","1":"product","2":"type-product","3":"status-publish","4":"has-post-thumbnail","6":"product_cat-tiras-makinesi-tiras-makinesi","8":"first","9":"instock","10":"purchasable","11":"product-type-simple","12":"entry","13":"content-bg","14":"loop-entry"},"_links":{"self":[{"href":"https:\/\/www.hediyepazar.com\/index.php?rest_route=\/wp\/v2\/product\/110533","targetHints":{"allow":["GET"]}}],"collection":[{"href":"https:\/\/www.hediyepazar.com\/index.php?rest_route=\/wp\/v2\/product"}],"about":[{"href":"https:\/\/www.hediyepazar.com\/index.php?rest_route=\/wp\/v2\/types\/product"}],"replies":[{"embeddable":true,"href":"https:\/\/www.hediyepazar.com\/index.php?rest_route=%2Fwp%2Fv2%2Fcomments&post=110533"}],"wp:featuredmedia":[{"embeddable":true,"href":"https:\/\/www.hediyepazar.com\/index.php?rest_route=\/wp\/v2\/media\/110532"}],"wp:attachment":[{"href":"https:\/\/www.hediyepazar.com\/index.php?rest_route=%2Fwp%2Fv2%2Fmedia&parent=110533"}],"wp:term":[{"taxonomy":"product_brand","embeddable":true,"href":"https:\/\/www.hediyepazar.com\/index.php?rest_route=%2Fwp%2Fv2%2Fproduct_brand&post=110533"},{"taxonomy":"product_cat","embeddable":true,"href":"https:\/\/www.hediyepazar.com\/index.php?rest_route=%2Fwp%2Fv2%2Fproduct_cat&post=110533"},{"taxonomy":"product_tag","embeddable":true,"href":"https:\/\/www.hediyepazar.com\/index.php?rest_route=%2Fwp%2Fv2%2Fproduct_tag&post=110533"}],"curies":[{"name":"wp","href":"https:\/\/api.w.org\/{rel}","templated":true}]}}