{"id":110541,"date":"2026-05-05T04:48:14","date_gmt":"2026-05-05T07:48:14","guid":{"rendered":"https:\/\/www.hediyepazar.com\/?product=tasinabilir-ve-sik-yuz-kas-epilatoru-hassas-ciltlere-ozel"},"modified":"2026-05-05T04:48:14","modified_gmt":"2026-05-05T07:48:14","slug":"tasinabilir-ve-sik-yuz-kas-epilatoru-hassas-ciltlere-ozel","status":"publish","type":"product","link":"https:\/\/www.hediyepazar.com\/?product=tasinabilir-ve-sik-yuz-kas-epilatoru-hassas-ciltlere-ozel","title":{"rendered":"Ta\u015f\u0131nabilir ve \u015e\u0131k Y\u00fcz Ka\u015f Epilat\u00f6r\u00fc Hassas Ciltlere \u00d6zel"},"content":{"rendered":"<p>G\u00fcnl\u00fck bak\u0131m\u0131n\u0131z i\u00e7in tasarlanm\u0131\u015f bu y\u00fcz ve ka\u015f epilat\u00f6r\u00fc, ta\u015f\u0131nabilirli\u011fi ve \u015f\u0131k tasar\u0131m\u0131yla dikkat \u00e7eker. Herhangi bir yerde ve herhangi bir zamanda h\u0131zl\u0131ca t\u00fcylerden ar\u0131nman\u0131z\u0131 sa\u011flar. Ka\u015f, b\u0131y\u0131k ve y\u00fcz b\u00f6lgesindeki t\u00fcylerden kolayca kurtulurken, cildinizin hassasiyetini korur. Cihaz, cildinize zarar vermeden etkili bir \u015fekilde \u00e7al\u0131\u015f\u0131r ve t\u00fcyleri ac\u0131s\u0131z \u015fekilde al\u0131r. Pil ile \u00e7al\u0131\u015fan bu epilat\u00f6r, uzun s\u00fcreli kullan\u0131m \u00f6mr\u00fc sunarak her kullan\u0131mdan sonra \u015farj etme zahmetini ortadan kald\u0131r\u0131r. Ayr\u0131ca, kompakt boyutu sayesinde \u00e7antan\u0131zda ta\u015f\u0131yabilir ve gerekti\u011finde hemen kullanabilirsiniz. \u015e\u0131k ve ergonomik yap\u0131s\u0131, kullan\u0131mda pratiklik sunarken, cildinizde b\u0131rakt\u0131\u011f\u0131 p\u00fcr\u00fczs\u00fcz etki ile \u00f6zg\u00fcveninizi art\u0131r\u0131r. G\u00f6z al\u0131c\u0131 tasar\u0131m\u0131 ve fonksiyonelli\u011fi ile hayat\u0131n\u0131z\u0131 kolayla\u015ft\u0131ran bu epilat\u00f6r, modern kad\u0131n ve erkeklerin g\u00fcnl\u00fck bak\u0131m rutinlerinde \u00f6nemli bir yard\u0131mc\u0131 olacakt\u0131r.<\/p>\n","protected":false},"excerpt":{"rendered":"<p>G\u00fcnl\u00fck bak\u0131m\u0131n\u0131z i\u00e7in tasarlanm\u0131\u015f bu y\u00fcz ve ka\u015f epilat\u00f6r\u00fc, ta\u015f\u0131nabilirli\u011fi ve \u015f\u0131k tasar\u0131m\u0131yla dikkat \u00e7eker. Herhangi bir yerde ve herhangi bir zamanda h\u0131zl\u0131ca t\u00fcylerden ar\u0131nman\u0131z\u0131 sa\u011flar. Ka\u015f, b\u0131y\u0131k ve y\u00fcz b\u00f6lgesindeki t\u00fcylerden kolayca kurtulurken, cildinizin hassasiyetini korur. Cihaz, cildinize zarar vermeden etkili bir \u015fekilde \u00e7al\u0131\u015f\u0131r ve t\u00fcyleri ac\u0131s\u0131z \u015fekilde al\u0131r. Pil ile \u00e7al\u0131\u015fan bu epilat\u00f6r,&#8230;<\/p>\n","protected":false},"featured_media":110540,"comment_status":"open","ping_status":"closed","template":"","meta":{"_kad_post_transparent":"","_kad_post_title":"","_kad_post_layout":"","_kad_post_sidebar_id":"","_kad_post_content_style":"","_kad_post_vertical_padding":"","_kad_post_feature":"","_kad_post_feature_position":"","_kad_post_header":false,"_kad_post_footer":false,"_kad_post_classname":""},"product_brand":[],"product_cat":[14919],"product_tag":[],"class_list":{"0":"post-110541","1":"product","2":"type-product","3":"status-publish","4":"has-post-thumbnail","6":"product_cat-epilator-epilator","8":"first","9":"instock","10":"purchasable","11":"product-type-simple","12":"entry","13":"content-bg","14":"loop-entry"},"_links":{"self":[{"href":"https:\/\/www.hediyepazar.com\/index.php?rest_route=\/wp\/v2\/product\/110541","targetHints":{"allow":["GET"]}}],"collection":[{"href":"https:\/\/www.hediyepazar.com\/index.php?rest_route=\/wp\/v2\/product"}],"about":[{"href":"https:\/\/www.hediyepazar.com\/index.php?rest_route=\/wp\/v2\/types\/product"}],"replies":[{"embeddable":true,"href":"https:\/\/www.hediyepazar.com\/index.php?rest_route=%2Fwp%2Fv2%2Fcomments&post=110541"}],"wp:featuredmedia":[{"embeddable":true,"href":"https:\/\/www.hediyepazar.com\/index.php?rest_route=\/wp\/v2\/media\/110540"}],"wp:attachment":[{"href":"https:\/\/www.hediyepazar.com\/index.php?rest_route=%2Fwp%2Fv2%2Fmedia&parent=110541"}],"wp:term":[{"taxonomy":"product_brand","embeddable":true,"href":"https:\/\/www.hediyepazar.com\/index.php?rest_route=%2Fwp%2Fv2%2Fproduct_brand&post=110541"},{"taxonomy":"product_cat","embeddable":true,"href":"https:\/\/www.hediyepazar.com\/index.php?rest_route=%2Fwp%2Fv2%2Fproduct_cat&post=110541"},{"taxonomy":"product_tag","embeddable":true,"href":"https:\/\/www.hediyepazar.com\/index.php?rest_route=%2Fwp%2Fv2%2Fproduct_tag&post=110541"}],"curies":[{"name":"wp","href":"https:\/\/api.w.org\/{rel}","templated":true}]}}