{"id":110543,"date":"2026-05-05T04:48:19","date_gmt":"2026-05-05T07:48:19","guid":{"rendered":"https:\/\/www.hediyepazar.com\/?product=hassas-ciltlere-ozel-pratik-yuz-kas-epilator-aleti"},"modified":"2026-05-05T04:48:19","modified_gmt":"2026-05-05T07:48:19","slug":"hassas-ciltlere-ozel-pratik-yuz-kas-epilator-aleti","status":"publish","type":"product","link":"https:\/\/www.hediyepazar.com\/?product=hassas-ciltlere-ozel-pratik-yuz-kas-epilator-aleti","title":{"rendered":"Hassas Ciltlere \u00d6zel Pratik Y\u00fcz Ka\u015f Epilat\u00f6r Aleti"},"content":{"rendered":"<p>Bu y\u00fcz ka\u015f epilat\u00f6r\u00fc, hassas ciltler i\u00e7in \u00f6zel olarak tasarlanm\u0131\u015f ve t\u00fcy al\u0131rken cildinize zarar vermemek ad\u0131na \u00f6zenle \u00fcretilmi\u015ftir. T\u00fcy al\u0131m i\u015flemi s\u0131ras\u0131nda cildinizi tahri\u015f etmeden, g\u00fcvenle kullan\u0131labilen bu cihaz, her an ve her yerde kolayca kullan\u0131labilir. Pil ile \u00e7al\u0131\u015fan yap\u0131s\u0131 sayesinde, \u015farj etme derdi olmadan cihaz\u0131 her zaman haz\u0131r bulundurabilirsiniz. \u00d6zellikle ka\u015f ve b\u0131y\u0131k b\u00f6lgesindeki ince t\u00fcyleri h\u0131zl\u0131 ve pratik bir \u015fekilde alarak, her zaman p\u00fcr\u00fczs\u00fcz ve temiz bir cilde sahip olman\u0131z\u0131 sa\u011flar. K\u00fc\u00e7\u00fck ve ta\u015f\u0131nabilir boyutu sayesinde, \u00e7antan\u0131zda ta\u015f\u0131man\u0131z olduk\u00e7a kolayd\u0131r, b\u00f6ylece seyahate \u00e7\u0131kt\u0131\u011f\u0131n\u0131zda bile yan\u0131n\u0131za alabilirsiniz. Ayr\u0131ca, cihaz\u0131n modern tasar\u0131m\u0131, fonksiyonelli\u011fi ve \u015f\u0131kl\u0131\u011f\u0131 ile g\u00fcnl\u00fck bak\u0131m rutinlerinizin vazge\u00e7ilmez bir par\u00e7as\u0131 haline gelir.<\/p>\n","protected":false},"excerpt":{"rendered":"<p>Bu y\u00fcz ka\u015f epilat\u00f6r\u00fc, hassas ciltler i\u00e7in \u00f6zel olarak tasarlanm\u0131\u015f ve t\u00fcy al\u0131rken cildinize zarar vermemek ad\u0131na \u00f6zenle \u00fcretilmi\u015ftir. T\u00fcy al\u0131m i\u015flemi s\u0131ras\u0131nda cildinizi tahri\u015f etmeden, g\u00fcvenle kullan\u0131labilen bu cihaz, her an ve her yerde kolayca kullan\u0131labilir. Pil ile \u00e7al\u0131\u015fan yap\u0131s\u0131 sayesinde, \u015farj etme derdi olmadan cihaz\u0131 her zaman haz\u0131r bulundurabilirsiniz. \u00d6zellikle ka\u015f ve b\u0131y\u0131k&#8230;<\/p>\n","protected":false},"featured_media":110542,"comment_status":"open","ping_status":"closed","template":"","meta":{"_kad_post_transparent":"","_kad_post_title":"","_kad_post_layout":"","_kad_post_sidebar_id":"","_kad_post_content_style":"","_kad_post_vertical_padding":"","_kad_post_feature":"","_kad_post_feature_position":"","_kad_post_header":false,"_kad_post_footer":false,"_kad_post_classname":""},"product_brand":[],"product_cat":[14919],"product_tag":[],"class_list":{"0":"post-110543","1":"product","2":"type-product","3":"status-publish","4":"has-post-thumbnail","6":"product_cat-epilator-epilator","8":"first","9":"instock","10":"purchasable","11":"product-type-simple","12":"entry","13":"content-bg","14":"loop-entry"},"_links":{"self":[{"href":"https:\/\/www.hediyepazar.com\/index.php?rest_route=\/wp\/v2\/product\/110543","targetHints":{"allow":["GET"]}}],"collection":[{"href":"https:\/\/www.hediyepazar.com\/index.php?rest_route=\/wp\/v2\/product"}],"about":[{"href":"https:\/\/www.hediyepazar.com\/index.php?rest_route=\/wp\/v2\/types\/product"}],"replies":[{"embeddable":true,"href":"https:\/\/www.hediyepazar.com\/index.php?rest_route=%2Fwp%2Fv2%2Fcomments&post=110543"}],"wp:featuredmedia":[{"embeddable":true,"href":"https:\/\/www.hediyepazar.com\/index.php?rest_route=\/wp\/v2\/media\/110542"}],"wp:attachment":[{"href":"https:\/\/www.hediyepazar.com\/index.php?rest_route=%2Fwp%2Fv2%2Fmedia&parent=110543"}],"wp:term":[{"taxonomy":"product_brand","embeddable":true,"href":"https:\/\/www.hediyepazar.com\/index.php?rest_route=%2Fwp%2Fv2%2Fproduct_brand&post=110543"},{"taxonomy":"product_cat","embeddable":true,"href":"https:\/\/www.hediyepazar.com\/index.php?rest_route=%2Fwp%2Fv2%2Fproduct_cat&post=110543"},{"taxonomy":"product_tag","embeddable":true,"href":"https:\/\/www.hediyepazar.com\/index.php?rest_route=%2Fwp%2Fv2%2Fproduct_tag&post=110543"}],"curies":[{"name":"wp","href":"https:\/\/api.w.org\/{rel}","templated":true}]}}