{"id":110545,"date":"2026-05-05T04:48:57","date_gmt":"2026-05-05T07:48:57","guid":{"rendered":"https:\/\/www.hediyepazar.com\/?product=kulak-ve-burun-baslikli-profesyonel-tiras-makinesi"},"modified":"2026-05-05T04:48:57","modified_gmt":"2026-05-05T07:48:57","slug":"kulak-ve-burun-baslikli-profesyonel-tiras-makinesi","status":"publish","type":"product","link":"https:\/\/www.hediyepazar.com\/?product=kulak-ve-burun-baslikli-profesyonel-tiras-makinesi","title":{"rendered":"Kulak Ve Burun Ba\u015fl\u0131kl\u0131 Profesyonel T\u0131ra\u015f Makinesi"},"content":{"rendered":"<p>Bu \u015farjl\u0131 profesyonel bak\u0131m seti, evde ya da seyahatte, t\u00fcm ki\u015fisel bak\u0131m ihtiya\u00e7lar\u0131n\u0131z\u0131 kar\u015f\u0131layacak \u015fekilde tasarlanm\u0131\u015ft\u0131r. Sa\u00e7, sakal, v\u00fccut t\u00fcyleri, kulak ve burun t\u00fcylerini kesme i\u015flemlerini y\u00fcksek performansla ger\u00e7ekle\u015ftirebilirsiniz. 3D ak\u0131ll\u0131 motor ve hassas paslanmaz \u00e7elik b\u0131\u00e7aklar, her kesimi kontroll\u00fc ve sorunsuz bir \u015fekilde yapman\u0131za olanak tan\u0131r. Cihaz, s\u0131f\u0131r kesim ba\u015fl\u0131\u011f\u0131, ayarlanabilir tarakl\u0131 ba\u015fl\u0131k ve kulak\/burun t\u00fcyleri i\u00e7in \u00f6zel ba\u015fl\u0131klarla donat\u0131lm\u0131\u015ft\u0131r. B\u00f6ylece, sa\u00e7lar\u0131n\u0131zdan v\u00fccudunuzun her b\u00f6lgesine kadar etkili ve g\u00fcvenli bir t\u0131ra\u015f deneyimi sa\u011flar. Ayr\u0131ca, 100-240V voltaj aral\u0131\u011f\u0131 ile d\u00fcnya \u00e7ap\u0131nda rahat\u00e7a kullan\u0131labilir. 1 saatlik \u015farj s\u00fcresi ile 90 dakika kesintisiz kullan\u0131m sunan bu cihaz, kablosuz kullan\u0131m \u00f6zelli\u011fi sayesinde hareket \u00f6zg\u00fcrl\u00fc\u011f\u00fc sa\u011flar. T\u00fcm ba\u015fl\u0131klar, kolayca tak\u0131l\u0131p \u00e7\u0131kar\u0131labilir ve hijyenik kullan\u0131m i\u00e7in pratik temizleme imkanlar\u0131 sunar. Cihaz\u0131n ergonomik yap\u0131s\u0131, her kullan\u0131c\u0131ya rahat ve konforlu bir kullan\u0131m deneyimi sunar. Ta\u015f\u0131nabilir ve hafif tasar\u0131m\u0131yla, bu profesyonel bak\u0131m seti seyahatlerinizde de size m\u00fckemmel bir kullan\u0131m sunar.\u00a04o mini<\/p>\n","protected":false},"excerpt":{"rendered":"<p>Bu \u015farjl\u0131 profesyonel bak\u0131m seti, evde ya da seyahatte, t\u00fcm ki\u015fisel bak\u0131m ihtiya\u00e7lar\u0131n\u0131z\u0131 kar\u015f\u0131layacak \u015fekilde tasarlanm\u0131\u015ft\u0131r. Sa\u00e7, sakal, v\u00fccut t\u00fcyleri, kulak ve burun t\u00fcylerini kesme i\u015flemlerini y\u00fcksek performansla ger\u00e7ekle\u015ftirebilirsiniz. 3D ak\u0131ll\u0131 motor ve hassas paslanmaz \u00e7elik b\u0131\u00e7aklar, her kesimi kontroll\u00fc ve sorunsuz bir \u015fekilde yapman\u0131za olanak tan\u0131r. Cihaz, s\u0131f\u0131r kesim ba\u015fl\u0131\u011f\u0131, ayarlanabilir tarakl\u0131 ba\u015fl\u0131k ve&#8230;<\/p>\n","protected":false},"featured_media":110544,"comment_status":"open","ping_status":"closed","template":"","meta":{"_kad_post_transparent":"","_kad_post_title":"","_kad_post_layout":"","_kad_post_sidebar_id":"","_kad_post_content_style":"","_kad_post_vertical_padding":"","_kad_post_feature":"","_kad_post_feature_position":"","_kad_post_header":false,"_kad_post_footer":false,"_kad_post_classname":""},"product_brand":[],"product_cat":[14925],"product_tag":[],"class_list":{"0":"post-110545","1":"product","2":"type-product","3":"status-publish","4":"has-post-thumbnail","6":"product_cat-tiras-makinesi-tiras-makinesi","8":"first","9":"instock","10":"purchasable","11":"product-type-simple","12":"entry","13":"content-bg","14":"loop-entry"},"_links":{"self":[{"href":"https:\/\/www.hediyepazar.com\/index.php?rest_route=\/wp\/v2\/product\/110545","targetHints":{"allow":["GET"]}}],"collection":[{"href":"https:\/\/www.hediyepazar.com\/index.php?rest_route=\/wp\/v2\/product"}],"about":[{"href":"https:\/\/www.hediyepazar.com\/index.php?rest_route=\/wp\/v2\/types\/product"}],"replies":[{"embeddable":true,"href":"https:\/\/www.hediyepazar.com\/index.php?rest_route=%2Fwp%2Fv2%2Fcomments&post=110545"}],"wp:featuredmedia":[{"embeddable":true,"href":"https:\/\/www.hediyepazar.com\/index.php?rest_route=\/wp\/v2\/media\/110544"}],"wp:attachment":[{"href":"https:\/\/www.hediyepazar.com\/index.php?rest_route=%2Fwp%2Fv2%2Fmedia&parent=110545"}],"wp:term":[{"taxonomy":"product_brand","embeddable":true,"href":"https:\/\/www.hediyepazar.com\/index.php?rest_route=%2Fwp%2Fv2%2Fproduct_brand&post=110545"},{"taxonomy":"product_cat","embeddable":true,"href":"https:\/\/www.hediyepazar.com\/index.php?rest_route=%2Fwp%2Fv2%2Fproduct_cat&post=110545"},{"taxonomy":"product_tag","embeddable":true,"href":"https:\/\/www.hediyepazar.com\/index.php?rest_route=%2Fwp%2Fv2%2Fproduct_tag&post=110545"}],"curies":[{"name":"wp","href":"https:\/\/api.w.org\/{rel}","templated":true}]}}